{"id":3226,"date":"2024-10-23T14:52:19","date_gmt":"2024-10-23T12:52:19","guid":{"rendered":"http:\/\/billigtrikots.com\/?post_type=product&#038;p=3226"},"modified":"2024-10-23T14:54:25","modified_gmt":"2024-10-23T12:54:25","slug":"kinder-fussball-trikot-liverpool-fc-stadium-away-2021-22-mit-aufdruck-alexander-arnold-66","status":"publish","type":"product","link":"https:\/\/www.billigtrikotde.com\/cs\/kinder-fussball-trikot-liverpool-fc-stadium-away-2021-22-mit-aufdruck-alexander-arnold-66\/","title":{"rendered":"D\u011btsk\u00e9 fotbalov\u00e9 tri\u010dko Liverpool FC Stadium Away 2021\/22 s potiskem Alexander-Arnold 66"},"content":{"rendered":"<p>S odvod\u0148uj\u00edc\u00edm modelem v b\u00e9\u017eov\u00e9 barv\u011b ukazuj\u00ed i nejmlad\u0161\u00ed fanou\u0161ci svou n\u00e1klonnost ke sv\u00e9mu obl\u00edben\u00e9mu klubu. D\u011btsk\u00e9 tri\u010dko Nike je ide\u00e1ln\u00ed volbou. Jako prav\u00fd fanou\u0161ek FC Liverpool pot\u0159ebujete toto venkovn\u00ed tri\u010dko, kter\u00e9 nos\u00ed hr\u00e1\u010di v Premier League. Lehk\u00fd, odvod\u0148uj\u00edc\u00ed, prody\u0161n\u00fd a pohodln\u00fd model p\u0159esv\u011bd\u010d\u00ed na cel\u00e9 \u010d\u00e1\u0159e. Tak jste je\u0161t\u011b v\u00fdkonn\u011bj\u0161\u00ed a m\u016f\u017eete v ka\u017ed\u00e9 jednotce podat maximum. Skv\u011bl\u00fd vzhled tri\u010dka podtrhuje klubov\u00e1 zna\u010dka na hrudi.<\/p>\n<p>Tipy pro tisk: Pokud jsou jm\u00e9no a \u010d\u00edslo na obr\u00e1zku p\u0159esn\u011b takov\u00e9, jak\u00e9 chcete, nemus\u00edte je zad\u00e1vat znovu. Pokud tomu tak nen\u00ed, m\u011bli byste zadat po\u017eadovan\u00e9 jm\u00e9no a \u010d\u00edslo.<\/p>\n<p>Tipy pro pran\u00ed: Doporu\u010dujeme pr\u00e1t fotbalov\u00e1 tri\u010dka v ruce. Pokud chcete pou\u017e\u00edt pra\u010dku, nezapome\u0148te fotbalov\u00e1 tri\u010dka obr\u00e1tit naruby a pot\u00e9 je vyprat. Pra\u010dku napl\u0148te studenou vodou a pou\u017eijte jemn\u00fd cyklus, abyste l\u00e9pe ochr\u00e1nili barvy.<\/p>","protected":false},"excerpt":{"rendered":"<p>Mit dem schwei\u00dfableitenden Modell in Beige zeigen auch die j\u00fcngsten Fans ihre Zuneigung zu ihrem Lieblingsverein. Das Nike Kinder-Shirt ist die perfekte Wahl. Als echter FC Liverpool-Fan brauchst du dieses Ausw\u00e4rts-Shirt, das die Spieler in der Premier League tragen. Das leichte, schwei\u00dfableitende, atmungsaktive und bequeme Modell \u00fcberzeugt auf ganzer Linie. So bist du noch leistungsf\u00e4higer [&hellip;]<\/p>","protected":false},"featured_media":3267,"comment_status":"open","ping_status":"closed","template":"","meta":[],"product_brand":[],"product_cat":[151],"product_tag":[20,21,22,23,24,94,156,153,154],"class_list":{"0":"post-3226","1":"product","2":"type-product","3":"status-publish","4":"has-post-thumbnail","6":"product_cat-liverpool-kindertrikot","7":"product_tag-coole-fussballtrikots","8":"product_tag-fussballtrikot-fuer-herren","9":"product_tag-fussballtrikot-guenstig-kaufen","10":"product_tag-fussballtrikot-kurzarm","11":"product_tag-guenstiges-fussballtrikot","12":"product_tag-kinder-fussball-trikotsatz","13":"product_tag-liverpool-auswaertstrikot","14":"product_tag-liverpool-trikots","15":"product_tag-liverpool-trikotsatz-fuer-kinder","17":"first","18":"instock","19":"shipping-taxable","20":"purchasable","21":"product-type-variable"},"_links":{"self":[{"href":"https:\/\/www.billigtrikotde.com\/cs\/wp-json\/wp\/v2\/product\/3226","targetHints":{"allow":["GET"]}}],"collection":[{"href":"https:\/\/www.billigtrikotde.com\/cs\/wp-json\/wp\/v2\/product"}],"about":[{"href":"https:\/\/www.billigtrikotde.com\/cs\/wp-json\/wp\/v2\/types\/product"}],"replies":[{"embeddable":true,"href":"https:\/\/www.billigtrikotde.com\/cs\/wp-json\/wp\/v2\/comments?post=3226"}],"wp:featuredmedia":[{"embeddable":true,"href":"https:\/\/www.billigtrikotde.com\/cs\/wp-json\/wp\/v2\/media\/3267"}],"wp:attachment":[{"href":"https:\/\/www.billigtrikotde.com\/cs\/wp-json\/wp\/v2\/media?parent=3226"}],"wp:term":[{"taxonomy":"product_brand","embeddable":true,"href":"https:\/\/www.billigtrikotde.com\/cs\/wp-json\/wp\/v2\/product_brand?post=3226"},{"taxonomy":"product_cat","embeddable":true,"href":"https:\/\/www.billigtrikotde.com\/cs\/wp-json\/wp\/v2\/product_cat?post=3226"},{"taxonomy":"product_tag","embeddable":true,"href":"https:\/\/www.billigtrikotde.com\/cs\/wp-json\/wp\/v2\/product_tag?post=3226"}],"curies":[{"name":"wp","href":"https:\/\/api.w.org\/{rel}","templated":true}]}}