{"id":3218,"date":"2024-10-23T14:51:52","date_gmt":"2024-10-23T12:51:52","guid":{"rendered":"http:\/\/billigtrikots.com\/?post_type=product&#038;p=3218"},"modified":"2024-10-23T14:53:52","modified_gmt":"2024-10-23T12:53:52","slug":"kinder-fc-liverpool-torwarttrikot-in-orange-mit-aufdruck-a-becker-1","status":"publish","type":"product","link":"https:\/\/www.billigtrikotde.com\/cs\/kinder-fc-liverpool-torwarttrikot-in-orange-mit-aufdruck-a-becker-1\/","title":{"rendered":"D\u011btsk\u00fd brank\u00e1\u0159sk\u00fd dres FC Liverpool v oran\u017eov\u00e9 barv\u011b s potiskem A.BECKER 1"},"content":{"rendered":"<p>Tady p\u0159ich\u00e1z\u00ed Nike tri\u010dko v oran\u017eov\u00e9 barv\u011b, kter\u00e9 v\u00e1m pom\u016f\u017ee podporovat va\u0161eho obl\u00edben\u00e9ho klubu za v\u0161ech okolnost\u00ed a uk\u00e1zat, za co va\u0161e srdce bije. Pro prav\u00e9 fanou\u0161ky FC Liverpool je to nutnost: tri\u010dko v origin\u00e1ln\u00edm designu. Je prody\u0161n\u00e9, pohodln\u00e9 a lehk\u00e9. S t\u00edmto tri\u010dkem jste dob\u0159e vybaveni na ka\u017edou jednotku. U tohoto dresu m\u016f\u017eete vizu\u00e1ln\u011b spol\u00e9hat na klubovou erb na hrudi.<\/p>\n<p>Tipy pro tisk: Pokud jsou jm\u00e9no a \u010d\u00edslo na obr\u00e1zku p\u0159esn\u011b takov\u00e9, jak\u00e9 chcete, nemus\u00edte je zad\u00e1vat znovu. Pokud tomu tak nen\u00ed, m\u011bli byste zadat po\u017eadovan\u00e9 jm\u00e9no a \u010d\u00edslo.<\/p>\n<p>Tipy pro pran\u00ed: Doporu\u010dujeme pr\u00e1t fotbalov\u00e1 tri\u010dka v ruce. Pokud chcete pou\u017e\u00edt pra\u010dku, nezapome\u0148te fotbalov\u00e1 tri\u010dka obr\u00e1tit naruby a pot\u00e9 je vyprat. Pra\u010dku napl\u0148te studenou vodou a pou\u017eijte jemn\u00fd cyklus, abyste l\u00e9pe ochr\u00e1nili barvy.<\/p>","protected":false},"excerpt":{"rendered":"<p>Hier kommt das Nike Shirt in Orange, das dir hilft, deinen Lieblingsverein in jeder Lage zu supporten und zu zeigen, wof\u00fcr dein Herz schl\u00e4gt. F\u00fcr wahre FC Liverpool-Fans ein Muss: das Shirt im Originaldesign. Es ist atmungsaktiv, bequem und leicht. Mit diesem Shirt bist du f\u00fcr jede Einheit bestens ausgestattet. Bei diesem Trikot kannst du [&hellip;]<\/p>","protected":false},"featured_media":3258,"comment_status":"open","ping_status":"closed","template":"","meta":[],"product_brand":[],"product_cat":[151],"product_tag":[20,35,21,23,24,94,155,153,154],"class_list":{"0":"post-3218","1":"product","2":"type-product","3":"status-publish","4":"has-post-thumbnail","6":"product_cat-liverpool-kindertrikot","7":"product_tag-coole-fussballtrikots","8":"product_tag-fussball-torwarttrikots","9":"product_tag-fussballtrikot-fuer-herren","10":"product_tag-fussballtrikot-kurzarm","11":"product_tag-guenstiges-fussballtrikot","12":"product_tag-kinder-fussball-trikotsatz","13":"product_tag-liverpool-torwarttrikot","14":"product_tag-liverpool-trikots","15":"product_tag-liverpool-trikotsatz-fuer-kinder","17":"first","18":"instock","19":"shipping-taxable","20":"purchasable","21":"product-type-variable"},"_links":{"self":[{"href":"https:\/\/www.billigtrikotde.com\/cs\/wp-json\/wp\/v2\/product\/3218","targetHints":{"allow":["GET"]}}],"collection":[{"href":"https:\/\/www.billigtrikotde.com\/cs\/wp-json\/wp\/v2\/product"}],"about":[{"href":"https:\/\/www.billigtrikotde.com\/cs\/wp-json\/wp\/v2\/types\/product"}],"replies":[{"embeddable":true,"href":"https:\/\/www.billigtrikotde.com\/cs\/wp-json\/wp\/v2\/comments?post=3218"}],"wp:featuredmedia":[{"embeddable":true,"href":"https:\/\/www.billigtrikotde.com\/cs\/wp-json\/wp\/v2\/media\/3258"}],"wp:attachment":[{"href":"https:\/\/www.billigtrikotde.com\/cs\/wp-json\/wp\/v2\/media?parent=3218"}],"wp:term":[{"taxonomy":"product_brand","embeddable":true,"href":"https:\/\/www.billigtrikotde.com\/cs\/wp-json\/wp\/v2\/product_brand?post=3218"},{"taxonomy":"product_cat","embeddable":true,"href":"https:\/\/www.billigtrikotde.com\/cs\/wp-json\/wp\/v2\/product_cat?post=3218"},{"taxonomy":"product_tag","embeddable":true,"href":"https:\/\/www.billigtrikotde.com\/cs\/wp-json\/wp\/v2\/product_tag?post=3218"}],"curies":[{"name":"wp","href":"https:\/\/api.w.org\/{rel}","templated":true}]}}