{"id":3212,"date":"2024-10-23T14:51:47","date_gmt":"2024-10-23T12:51:47","guid":{"rendered":"http:\/\/billigtrikots.com\/?post_type=product&#038;p=3212"},"modified":"2024-10-23T14:53:50","modified_gmt":"2024-10-23T12:53:50","slug":"fc-liverpool-heimtrikot-2021-22-trikotsatz-langarm-in-rot-fuer-kinder-shaqiri-23","status":"publish","type":"product","link":"https:\/\/www.billigtrikotde.com\/cs\/fc-liverpool-heimtrikot-2021-22-trikotsatz-langarm-in-rot-fuer-kinder-shaqiri-23\/","title":{"rendered":"D\u011btsk\u00e1 dom\u00e1c\u00ed souprava Liverpool FC 2021\/22 s dlouh\u00fdm ruk\u00e1vem v \u010derven\u00e9 barv\u011b SHAQIRI 23"},"content":{"rendered":"<p>P\u0159edstavte sv\u016fj t\u00fdm v dom\u00e1c\u00edm triku Liverpool FC Stadium. Velmi prody\u0161n\u00fd materi\u00e1l odv\u00e1d\u00ed pot od poko\u017eky a zaji\u0161\u0165uje tak chladn\u00fd komfort p\u0159i h\u0159e na h\u0159i\u0161ti nebo p\u0159i povzbuzov\u00e1n\u00ed va\u0161eho t\u00fdmu na tribun\u011b. Tento v\u00fdrobek je zo 100% vyroben z recyklovan\u00e9ho polyesteru. Obzvl\u00e1\u0161t\u011b prody\u0161n\u00fd materi\u00e1l s technologi\u00ed Nike Dri-FIT odv\u00e1d\u00ed pot od poko\u017eky, aby se rychleji odpa\u0159oval, a t\u00edm umo\u017e\u0148oval such\u00fd komfort p\u0159i no\u0161en\u00ed. Autentick\u00fd design vych\u00e1z\u00ed z tri\u010dek profesion\u00e1l\u016f. Standardn\u00ed st\u0159ih pro uvoln\u011bn\u00fd, nen\u00e1ro\u010dn\u00fd pocit p\u0159i no\u0161en\u00ed. Materi\u00e1l: 100% polyester.<\/p>\n<p>Tipy pro tisk: Pokud jsou jm\u00e9no a \u010d\u00edslo na obr\u00e1zku p\u0159esn\u011b takov\u00e9, jak\u00e9 chcete, nemus\u00edte je zad\u00e1vat znovu. Pokud tomu tak nen\u00ed, m\u011bli byste zadat po\u017eadovan\u00e9 jm\u00e9no a \u010d\u00edslo.<\/p>\n<p>Tipy pro pran\u00ed: Doporu\u010dujeme pr\u00e1t fotbalov\u00e1 tri\u010dka v ruce. Pokud chcete pou\u017e\u00edt pra\u010dku, nezapome\u0148te fotbalov\u00e1 tri\u010dka obr\u00e1tit naruby a pot\u00e9 je vyprat. Pra\u010dku napl\u0148te studenou vodou a pou\u017eijte jemn\u00fd cyklus, abyste l\u00e9pe ochr\u00e1nili barvy.<\/p>","protected":false},"excerpt":{"rendered":"<p>Repr\u00e4sentiere dein Team mit dem Liverpool FC Stadium-Heimtrikot. Das \u00e4u\u00dferst atmungsaktive Material leitet den Schwei\u00df von der Haut ab und sorgt damit f\u00fcr k\u00fchlen Tragekomfort auf dem Spielfeld oder beim Anfeuern deines Teams auf der Trib\u00fcne. Dieses Produkt besteht zu 100% aus recyceltem Polyester. Besonders atmungsaktives Material mit Nike Dri-FIT-Technologie leitet Schwei\u00df von der Haut [&hellip;]<\/p>","protected":false},"featured_media":3246,"comment_status":"open","ping_status":"closed","template":"","meta":[],"product_brand":[],"product_cat":[151],"product_tag":[20,38,21,24,94,152,153,154],"class_list":{"0":"post-3212","1":"product","2":"type-product","3":"status-publish","4":"has-post-thumbnail","6":"product_cat-liverpool-kindertrikot","7":"product_tag-coole-fussballtrikots","8":"product_tag-fussball-trikot-langarm","9":"product_tag-fussballtrikot-fuer-herren","10":"product_tag-guenstiges-fussballtrikot","11":"product_tag-kinder-fussball-trikotsatz","12":"product_tag-liverpool-heimtrikot","13":"product_tag-liverpool-trikots","14":"product_tag-liverpool-trikotsatz-fuer-kinder","16":"first","17":"instock","18":"shipping-taxable","19":"purchasable","20":"product-type-variable"},"_links":{"self":[{"href":"https:\/\/www.billigtrikotde.com\/cs\/wp-json\/wp\/v2\/product\/3212","targetHints":{"allow":["GET"]}}],"collection":[{"href":"https:\/\/www.billigtrikotde.com\/cs\/wp-json\/wp\/v2\/product"}],"about":[{"href":"https:\/\/www.billigtrikotde.com\/cs\/wp-json\/wp\/v2\/types\/product"}],"replies":[{"embeddable":true,"href":"https:\/\/www.billigtrikotde.com\/cs\/wp-json\/wp\/v2\/comments?post=3212"}],"wp:featuredmedia":[{"embeddable":true,"href":"https:\/\/www.billigtrikotde.com\/cs\/wp-json\/wp\/v2\/media\/3246"}],"wp:attachment":[{"href":"https:\/\/www.billigtrikotde.com\/cs\/wp-json\/wp\/v2\/media?parent=3212"}],"wp:term":[{"taxonomy":"product_brand","embeddable":true,"href":"https:\/\/www.billigtrikotde.com\/cs\/wp-json\/wp\/v2\/product_brand?post=3212"},{"taxonomy":"product_cat","embeddable":true,"href":"https:\/\/www.billigtrikotde.com\/cs\/wp-json\/wp\/v2\/product_cat?post=3212"},{"taxonomy":"product_tag","embeddable":true,"href":"https:\/\/www.billigtrikotde.com\/cs\/wp-json\/wp\/v2\/product_tag?post=3212"}],"curies":[{"name":"wp","href":"https:\/\/api.w.org\/{rel}","templated":true}]}}