{"id":3187,"date":"2024-10-23T14:50:41","date_gmt":"2024-10-23T12:50:41","guid":{"rendered":"http:\/\/billigtrikots.com\/?post_type=product&#038;p=3187"},"modified":"2024-10-23T14:52:45","modified_gmt":"2024-10-23T12:52:45","slug":"juventus-kinder-torwart-trikot-21-22-schwarz-trikotsatz-fussball-fan-trikots","status":"publish","type":"product","link":"https:\/\/www.billigtrikotde.com\/cs\/juventus-kinder-torwart-trikot-21-22-schwarz-trikotsatz-fussball-fan-trikots\/","title":{"rendered":"D\u011btsk\u00fd brank\u00e1\u0159sk\u00fd dres Juventus 21\/22 \u010cern\u00fd sady fotbalov\u00fdch fanou\u0161kovsk\u00fdch dres\u016f"},"content":{"rendered":"<p>D\u011btsk\u00fd dres a-didas v zelen\u00e9 barv\u011b ti umo\u017en\u00ed nosit barvy sv\u00e9ho klubu a v\u0161em uk\u00e1zat, za co tv\u00e9 srdce bije. Dres vzbuzuje nad\u0161en\u00ed u prav\u00fdch fanou\u0161k\u016f FC Juventus Tur\u00edn. Pohodln\u00fd, odv\u00e1d\u011bj\u00edc\u00ed pot, lehk\u00fd a prody\u0161n\u00fd funk\u010dn\u00ed materi\u00e1l ho \u010din\u00ed p\u0159esv\u011bd\u010div\u00fdm. Vyzna\u010duje se vizu\u00e1ln\u011b s klubov\u00fdm znakem na hrudi. Tak m\u016f\u017ee\u0161 v\u0161em uk\u00e1zat, \u017ee jsi nejlep\u0161\u00ed na h\u0159i\u0161ti.<\/p>\n<p>Tipy pro tisk: Pokud jsou jm\u00e9no a \u010d\u00edslo na obr\u00e1zku p\u0159esn\u011b takov\u00e9, jak\u00e9 chcete, nemus\u00edte je zad\u00e1vat znovu. Pokud tomu tak nen\u00ed, m\u011bli byste zadat po\u017eadovan\u00e9 jm\u00e9no a \u010d\u00edslo.<\/p>\n<p>Tipy pro pran\u00ed: Doporu\u010dujeme pr\u00e1t fotbalov\u00e1 tri\u010dka v ruce. Pokud chcete pou\u017e\u00edt pra\u010dku, nezapome\u0148te fotbalov\u00e1 tri\u010dka obr\u00e1tit naruby a pot\u00e9 je vyprat. Pra\u010dku napl\u0148te studenou vodou a pou\u017eijte jemn\u00fd cyklus, abyste l\u00e9pe ochr\u00e1nili barvy.<\/p>","protected":false},"excerpt":{"rendered":"<p>D\u011btsk\u00fd dres a-didas v zelen\u00e9 barv\u011b ti umo\u017en\u00ed nosit barvy sv\u00e9ho klubu a v\u0161em uk\u00e1zat, za co tv\u00e9 srdce bije. Dres vzbuzuje nad\u0161en\u00ed u prav\u00fdch fanou\u0161k\u016f FC Juventus Tur\u00edn. Pohodln\u00fd, odv\u00e1d\u011bj\u00edc\u00ed pot, lehk\u00fd a prody\u0161n\u00fd funk\u010dn\u00ed materi\u00e1l ho \u010din\u00ed p\u0159esv\u011bd\u010div\u00fdm. Vyzna\u010duje se vizu\u00e1ln\u011b s klubov\u00fdm znakem na hrudi. Tak m\u016f\u017ee\u0161 v\u0161em uk\u00e1zat, \u017ee jsi nejlep\u0161\u00ed na h\u0159i\u0161ti.<\/p>","protected":false},"featured_media":3222,"comment_status":"open","ping_status":"closed","template":"","meta":[],"product_brand":[],"product_cat":[148],"product_tag":[20,38,24,149,94],"class_list":{"0":"post-3187","1":"product","2":"type-product","3":"status-publish","4":"has-post-thumbnail","6":"product_cat-juventus-kindertrikot","7":"product_tag-coole-fussballtrikots","8":"product_tag-fussball-trikot-langarm","9":"product_tag-guenstiges-fussballtrikot","10":"product_tag-juventus-trikotsatz-fuer-kinder","11":"product_tag-kinder-fussball-trikotsatz","13":"first","14":"instock","15":"shipping-taxable","16":"purchasable","17":"product-type-variable"},"_links":{"self":[{"href":"https:\/\/www.billigtrikotde.com\/cs\/wp-json\/wp\/v2\/product\/3187","targetHints":{"allow":["GET"]}}],"collection":[{"href":"https:\/\/www.billigtrikotde.com\/cs\/wp-json\/wp\/v2\/product"}],"about":[{"href":"https:\/\/www.billigtrikotde.com\/cs\/wp-json\/wp\/v2\/types\/product"}],"replies":[{"embeddable":true,"href":"https:\/\/www.billigtrikotde.com\/cs\/wp-json\/wp\/v2\/comments?post=3187"}],"wp:featuredmedia":[{"embeddable":true,"href":"https:\/\/www.billigtrikotde.com\/cs\/wp-json\/wp\/v2\/media\/3222"}],"wp:attachment":[{"href":"https:\/\/www.billigtrikotde.com\/cs\/wp-json\/wp\/v2\/media?parent=3187"}],"wp:term":[{"taxonomy":"product_brand","embeddable":true,"href":"https:\/\/www.billigtrikotde.com\/cs\/wp-json\/wp\/v2\/product_brand?post=3187"},{"taxonomy":"product_cat","embeddable":true,"href":"https:\/\/www.billigtrikotde.com\/cs\/wp-json\/wp\/v2\/product_cat?post=3187"},{"taxonomy":"product_tag","embeddable":true,"href":"https:\/\/www.billigtrikotde.com\/cs\/wp-json\/wp\/v2\/product_tag?post=3187"}],"curies":[{"name":"wp","href":"https:\/\/api.w.org\/{rel}","templated":true}]}}