{"id":3167,"date":"2024-10-23T14:49:39","date_gmt":"2024-10-23T12:49:39","guid":{"rendered":"http:\/\/billigtrikots.com\/?post_type=product&#038;p=3167"},"modified":"2025-06-16T16:04:06","modified_gmt":"2025-06-16T14:04:06","slug":"fussball-trikot-juventus-turin-heimtrikot-2021-22-fuer-kinder-mit-aufdruck-dybala-10","status":"publish","type":"product","link":"https:\/\/www.billigtrikotde.com\/cs\/fussball-trikot-juventus-turin-heimtrikot-2021-22-fuer-kinder-mit-aufdruck-dybala-10\/","title":{"rendered":"Juventus Tur\u00edn dom\u00e1c\u00ed fotbalov\u00e9 tri\u010dko 2021\/22 pro d\u011bti s potiskem Dybala 10"},"content":{"rendered":"<p>adidas D\u011btsk\u00e9 dom\u00e1c\u00ed triko Juventus Tur\u00edn 2021\/22. Pocta dom\u00e1c\u00edmu stadionu. Toto triko pro d\u011bti a teenagery oslavuje 10. v\u00fdro\u010d\u00ed legend\u00e1rn\u00edho stadionu Allianz. N\u00e1padn\u00e9 hv\u011bzdy budovy se objevuj\u00ed v designu a dod\u00e1vaj\u00ed klasick\u00e9mu vzhledu s \u010dern\u00fdmi pruhy zvl\u00e1\u0161tn\u00ed n\u00e1dech. M\u011bkk\u00fd materi\u00e1l a absorp\u010dn\u00ed technologie AEROREADY zaji\u0161\u0165uj\u00ed p\u0159\u00edjemn\u00fd pocit sucha. Fanou\u0161kovsk\u00e9 triko s hv\u011bzdn\u00fdmi kvalitami. Vy\u0161\u00edvan\u00e9 klubov\u00e9 logo Juventusu Tur\u00edn. Standardn\u00ed st\u0159ih. R\u00fdhovan\u00fd V-krk. Absorpce vlhkosti. R\u00fdhovan\u00e9 man\u017eety. Tento produkt je Primegreen: vyroben\u00fd z r\u016fzn\u00fdch funk\u010dn\u00edch recyklovan\u00fdch materi\u00e1l\u016f. Materi\u00e1l: 100% polyester.<\/p>\n<p>Tipy pro tisk: Pokud jsou jm\u00e9no a \u010d\u00edslo na obr\u00e1zku p\u0159esn\u011b takov\u00e9, jak\u00e9 chcete, nemus\u00edte je zad\u00e1vat znovu. Pokud tomu tak nen\u00ed, m\u011bli byste zadat po\u017eadovan\u00e9 jm\u00e9no a \u010d\u00edslo.<\/p>\n<p>Tipy pro pran\u00ed: Doporu\u010dujeme pr\u00e1t fotbalov\u00e1 tri\u010dka v ruce. Pokud chcete pou\u017e\u00edt pra\u010dku, nezapome\u0148te fotbalov\u00e1 tri\u010dka obr\u00e1tit naruby a pot\u00e9 je vyprat. Pra\u010dku napl\u0148te studenou vodou a pou\u017eijte jemn\u00fd cyklus, abyste l\u00e9pe ochr\u00e1nili barvy.<\/p>","protected":false},"excerpt":{"rendered":"<p>adidas Kinder Juventus Turin Home Trikot 2021\/22. Eine Hommage an das Heimstadion. Dieses Trikot f\u00fcr Kinder und Teens feiert das 10-j\u00e4hrige Jubil\u00e4um des legend\u00e4ren Allianz Stadiums. Die auff\u00e4lligen Sterne des Geb\u00e4udes finden sich auf dem Design wieder und verleihen dem klassischen Look mit den schwarzen Streifen einen besonderen Touch. Das weiche Material und die feuchtigkeitsabsorbierende [&hellip;]<\/p>","protected":false},"featured_media":3208,"comment_status":"open","ping_status":"closed","template":"","meta":[],"product_brand":[],"product_cat":[148],"product_tag":[20,60,61,149,94],"class_list":{"0":"post-3167","1":"product","2":"type-product","3":"status-publish","4":"has-post-thumbnail","6":"product_cat-juventus-kindertrikot","7":"product_tag-coole-fussballtrikots","8":"product_tag-juventus-heimtrikot","9":"product_tag-juventus-trikots","10":"product_tag-juventus-trikotsatz-fuer-kinder","11":"product_tag-kinder-fussball-trikotsatz","13":"first","14":"instock","15":"shipping-taxable","16":"purchasable","17":"product-type-variable"},"_links":{"self":[{"href":"https:\/\/www.billigtrikotde.com\/cs\/wp-json\/wp\/v2\/product\/3167","targetHints":{"allow":["GET"]}}],"collection":[{"href":"https:\/\/www.billigtrikotde.com\/cs\/wp-json\/wp\/v2\/product"}],"about":[{"href":"https:\/\/www.billigtrikotde.com\/cs\/wp-json\/wp\/v2\/types\/product"}],"replies":[{"embeddable":true,"href":"https:\/\/www.billigtrikotde.com\/cs\/wp-json\/wp\/v2\/comments?post=3167"}],"wp:featuredmedia":[{"embeddable":true,"href":"https:\/\/www.billigtrikotde.com\/cs\/wp-json\/wp\/v2\/media\/3208"}],"wp:attachment":[{"href":"https:\/\/www.billigtrikotde.com\/cs\/wp-json\/wp\/v2\/media?parent=3167"}],"wp:term":[{"taxonomy":"product_brand","embeddable":true,"href":"https:\/\/www.billigtrikotde.com\/cs\/wp-json\/wp\/v2\/product_brand?post=3167"},{"taxonomy":"product_cat","embeddable":true,"href":"https:\/\/www.billigtrikotde.com\/cs\/wp-json\/wp\/v2\/product_cat?post=3167"},{"taxonomy":"product_tag","embeddable":true,"href":"https:\/\/www.billigtrikotde.com\/cs\/wp-json\/wp\/v2\/product_tag?post=3167"}],"curies":[{"name":"wp","href":"https:\/\/api.w.org\/{rel}","templated":true}]}}