{"id":3153,"date":"2024-10-23T14:49:02","date_gmt":"2024-10-23T12:49:02","guid":{"rendered":"http:\/\/billigtrikots.com\/?post_type=product&#038;p=3153"},"modified":"2025-06-16T16:04:07","modified_gmt":"2025-06-16T14:04:07","slug":"juventus-turin-auswaertstrikot-2021-22-fuer-kinder-schwarz-mit-aufdruck-chiesa-22","status":"publish","type":"product","link":"https:\/\/www.billigtrikotde.com\/cs\/juventus-turin-auswaertstrikot-2021-22-fuer-kinder-schwarz-mit-aufdruck-chiesa-22\/","title":{"rendered":"D\u011btsk\u00e1 souprava Juventus Tur\u00edn 2021\/22 \u010dern\u00e1 s potiskem Chiesa 22"},"content":{"rendered":"<p>I i venkovn\u00ed z\u00e1pasy profesion\u00e1lov\u00e9 z Juventusu Tur\u00edn neztr\u00e1cej\u00ed rytmus. Barevn\u00e9 detaily a t\u0159i pruhy s p\u0159echodem barev na tomto fotbalov\u00e9m dresu pro d\u011bti a teenagery jsou inspirov\u00e1ny energickou elektro sc\u00e9nou Tur\u00edna. M\u011bkk\u00fd materi\u00e1l s technologi\u00ed AEROREADY absorbuj\u00edc\u00ed vlhkost zaru\u010duje p\u0159\u00edjemn\u00fd pocit sucha p\u0159i no\u0161en\u00ed. A tkan\u00e9 logo klubu ukazuje ka\u017ed\u00e9mu, za kter\u00fd t\u00fdm srdce bije. Tento produkt je Primegreen: vyroben\u00fd z r\u016fzn\u00fdch funk\u010dn\u00edch recyklovan\u00fdch materi\u00e1l\u016f.<\/p>\n<p>Tipy pro tisk: Pokud jsou jm\u00e9no a \u010d\u00edslo na obr\u00e1zku p\u0159esn\u011b takov\u00e9, jak\u00e9 chcete, nemus\u00edte je zad\u00e1vat znovu. Pokud tomu tak nen\u00ed, m\u011bli byste zadat po\u017eadovan\u00e9 jm\u00e9no a \u010d\u00edslo.<\/p>\n<p>Tipy pro pran\u00ed: Doporu\u010dujeme pr\u00e1t fotbalov\u00e1 tri\u010dka v ruce. Pokud chcete pou\u017e\u00edt pra\u010dku, nezapome\u0148te fotbalov\u00e1 tri\u010dka obr\u00e1tit naruby a pot\u00e9 je vyprat. Pra\u010dku napl\u0148te studenou vodou a pou\u017eijte jemn\u00fd cyklus, abyste l\u00e9pe ochr\u00e1nili barvy.<\/p>","protected":false},"excerpt":{"rendered":"<p>Auch Ausw\u00e4rtsspiele bringen die Profis von Juventus Turin nicht aus dem Rhythmus. Die bunten Details und die 3-Streifen mit Farbverlauf auf diesem Fu\u00dfballtrikot f\u00fcr Kinder und Teens sind von der energiegeladenen Elektro-Szene Turins inspiriert. Das weiche Material mit feuchtigkeitsabsorbierender AEROREADY Technologie garantiert ein angenehm trockenes Tragegef\u00fchl. Und das gewebte Verbandslogo zeigt jedem, f\u00fcr welches Team [&hellip;]<\/p>","protected":false},"featured_media":3194,"comment_status":"open","ping_status":"closed","template":"","meta":[],"product_brand":[],"product_cat":[148],"product_tag":[20,150,61,149,94],"class_list":{"0":"post-3153","1":"product","2":"type-product","3":"status-publish","4":"has-post-thumbnail","6":"product_cat-juventus-kindertrikot","7":"product_tag-coole-fussballtrikots","8":"product_tag-juventus-auswaertstrikot","9":"product_tag-juventus-trikots","10":"product_tag-juventus-trikotsatz-fuer-kinder","11":"product_tag-kinder-fussball-trikotsatz","13":"first","14":"instock","15":"shipping-taxable","16":"purchasable","17":"product-type-variable"},"_links":{"self":[{"href":"https:\/\/www.billigtrikotde.com\/cs\/wp-json\/wp\/v2\/product\/3153","targetHints":{"allow":["GET"]}}],"collection":[{"href":"https:\/\/www.billigtrikotde.com\/cs\/wp-json\/wp\/v2\/product"}],"about":[{"href":"https:\/\/www.billigtrikotde.com\/cs\/wp-json\/wp\/v2\/types\/product"}],"replies":[{"embeddable":true,"href":"https:\/\/www.billigtrikotde.com\/cs\/wp-json\/wp\/v2\/comments?post=3153"}],"wp:featuredmedia":[{"embeddable":true,"href":"https:\/\/www.billigtrikotde.com\/cs\/wp-json\/wp\/v2\/media\/3194"}],"wp:attachment":[{"href":"https:\/\/www.billigtrikotde.com\/cs\/wp-json\/wp\/v2\/media?parent=3153"}],"wp:term":[{"taxonomy":"product_brand","embeddable":true,"href":"https:\/\/www.billigtrikotde.com\/cs\/wp-json\/wp\/v2\/product_brand?post=3153"},{"taxonomy":"product_cat","embeddable":true,"href":"https:\/\/www.billigtrikotde.com\/cs\/wp-json\/wp\/v2\/product_cat?post=3153"},{"taxonomy":"product_tag","embeddable":true,"href":"https:\/\/www.billigtrikotde.com\/cs\/wp-json\/wp\/v2\/product_tag?post=3153"}],"curies":[{"name":"wp","href":"https:\/\/api.w.org\/{rel}","templated":true}]}}