{"id":3141,"date":"2024-10-23T14:48:27","date_gmt":"2024-10-23T12:48:27","guid":{"rendered":"http:\/\/billigtrikots.com\/?post_type=product&#038;p=3141"},"modified":"2025-06-16T16:04:08","modified_gmt":"2025-06-16T14:04:08","slug":"juventus-turin-trikot-away-2021-22-fuer-kinder-schwarz-mit-aufdruck-ronaldo-7","status":"publish","type":"product","link":"https:\/\/www.billigtrikotde.com\/cs\/juventus-turin-trikot-away-2021-22-fuer-kinder-schwarz-mit-aufdruck-ronaldo-7\/","title":{"rendered":"Juventus Tur\u00edn D\u011btsk\u00fd dres 2021\/22 \u010dern\u00fd s potiskem Ronaldo 7"},"content":{"rendered":"<p>Uk\u00e1\u017e sv\u016fj t\u00fdmov\u00fd hrdost a podpo\u0159 Juventus Tur\u00edn v sez\u00f3n\u011b 2021\/2022 v ofici\u00e1ln\u00edm venkovn\u00edm dresu adidas. Fanou\u0161kovsk\u00e1 verze venkovn\u00edho dresu pro d\u011bti vypad\u00e1 jako model, kter\u00fd nos\u00ed profesion\u00e1lov\u00e9 Juve na h\u0159i\u0161ti. Design s barevn\u00fdmi detaily a t\u0159emi pruhy s p\u0159echodem je inspirov\u00e1n energickou elektro sc\u00e9nou Tur\u00edna. Udr\u017eiteln\u00fd materi\u00e1l Primegreen je vyroben z recyklovan\u00e9ho polyesteru a d\u00edky technologii AEROREADY odv\u00e1d\u011bj\u00edc\u00ed vlhkost poskytuje p\u0159\u00edjemn\u00fd pocit sucha. Autentick\u00e9 t\u00fdmov\u00e9 detaily, jako je klubov\u00e1 zna\u010dka na hrudi, potvrzuj\u00ed tv\u00e9 spojen\u00ed s \u201aStarou d\u00e1mou\u2018.<\/p>\n<p>Tipy pro tisk: Pokud jsou jm\u00e9no a \u010d\u00edslo na obr\u00e1zku p\u0159esn\u011b takov\u00e9, jak\u00e9 chcete, nemus\u00edte je zad\u00e1vat znovu. Pokud tomu tak nen\u00ed, m\u011bli byste zadat po\u017eadovan\u00e9 jm\u00e9no a \u010d\u00edslo.<\/p>\n<p>Tipy pro pran\u00ed: Doporu\u010dujeme pr\u00e1t fotbalov\u00e1 tri\u010dka v ruce. Pokud chcete pou\u017e\u00edt pra\u010dku, nezapome\u0148te fotbalov\u00e1 tri\u010dka obr\u00e1tit naruby a pot\u00e9 je vyprat. Pra\u010dku napl\u0148te studenou vodou a pou\u017eijte jemn\u00fd cyklus, abyste l\u00e9pe ochr\u00e1nili barvy.<\/p>","protected":false},"excerpt":{"rendered":"<p>Zeige deinen Teamstolz und unterst\u00fctze Juventus Turin in der Saison 2021\/2022 im offiziellen adidas Ausw\u00e4rtstrikot. Die Fan-Version des Away Jerseys f\u00fcr Kinder sieht aus wie das Modell, das die Juve-Profis auf dem Platz tragen. Das Design mit bunten Details und den 3-Streifen mit Farbverlauf ist von der energiegeladenen Elektro-Szene Turins inspiriert. Das nachhaltige Primegreen-Material besteht [&hellip;]<\/p>","protected":false},"featured_media":3182,"comment_status":"open","ping_status":"closed","template":"","meta":[],"product_brand":[],"product_cat":[148],"product_tag":[20,150,61,149,94],"class_list":{"0":"post-3141","1":"product","2":"type-product","3":"status-publish","4":"has-post-thumbnail","6":"product_cat-juventus-kindertrikot","7":"product_tag-coole-fussballtrikots","8":"product_tag-juventus-auswaertstrikot","9":"product_tag-juventus-trikots","10":"product_tag-juventus-trikotsatz-fuer-kinder","11":"product_tag-kinder-fussball-trikotsatz","13":"first","14":"instock","15":"shipping-taxable","16":"purchasable","17":"product-type-variable"},"_links":{"self":[{"href":"https:\/\/www.billigtrikotde.com\/cs\/wp-json\/wp\/v2\/product\/3141","targetHints":{"allow":["GET"]}}],"collection":[{"href":"https:\/\/www.billigtrikotde.com\/cs\/wp-json\/wp\/v2\/product"}],"about":[{"href":"https:\/\/www.billigtrikotde.com\/cs\/wp-json\/wp\/v2\/types\/product"}],"replies":[{"embeddable":true,"href":"https:\/\/www.billigtrikotde.com\/cs\/wp-json\/wp\/v2\/comments?post=3141"}],"wp:featuredmedia":[{"embeddable":true,"href":"https:\/\/www.billigtrikotde.com\/cs\/wp-json\/wp\/v2\/media\/3182"}],"wp:attachment":[{"href":"https:\/\/www.billigtrikotde.com\/cs\/wp-json\/wp\/v2\/media?parent=3141"}],"wp:term":[{"taxonomy":"product_brand","embeddable":true,"href":"https:\/\/www.billigtrikotde.com\/cs\/wp-json\/wp\/v2\/product_brand?post=3141"},{"taxonomy":"product_cat","embeddable":true,"href":"https:\/\/www.billigtrikotde.com\/cs\/wp-json\/wp\/v2\/product_cat?post=3141"},{"taxonomy":"product_tag","embeddable":true,"href":"https:\/\/www.billigtrikotde.com\/cs\/wp-json\/wp\/v2\/product_tag?post=3141"}],"curies":[{"name":"wp","href":"https:\/\/api.w.org\/{rel}","templated":true}]}}