{"id":3086,"date":"2024-10-23T14:45:39","date_gmt":"2024-10-23T12:45:39","guid":{"rendered":"http:\/\/billigtrikots.com\/?post_type=product&#038;p=3086"},"modified":"2024-10-23T14:47:50","modified_gmt":"2024-10-23T12:47:50","slug":"fussballtrikot-fc-barcelona-2021-22-heim-trikotsatz-blau-rot-kinder-memphis-9","status":"publish","type":"product","link":"https:\/\/www.billigtrikotde.com\/cs\/fussballtrikot-fc-barcelona-2021-22-heim-trikotsatz-blau-rot-kinder-memphis-9\/","title":{"rendered":"Fotbalov\u00e9 tri\u010dko FC Barcelona 2021\/22 Home Kit blue red Kids Memphis 9"},"content":{"rendered":"<p>D\u011btsk\u00fd dres Nike v modr\u00e9 barv\u011b ti umo\u017en\u00ed nosit barvy tv\u00e9ho klubu a uk\u00e1zat v\u0161em, pro co bije tv\u00e9 srdce. Roz\u0161i\u0159 svou kolekci FC Barcelona o dom\u00e1c\u00ed dres, kter\u00fd nos\u00ed i hr\u00e1\u010di v Primera Division. Doporu\u010dujeme tento lehk\u00fd, pohodln\u00fd, prody\u0161n\u00fd a pot odv\u00e1d\u011bj\u00edc\u00ed model s p\u0159\u00edjemn\u00fdm pocitem p\u0159i no\u0161en\u00ed. Jedn\u00e1 se o sportovn\u00ed tri\u010dko, kter\u00e9 d\u00edky klubov\u00e9mu znaku na hrudi zaru\u010den\u011b zaboduje. Bude\u0161 tak je\u0161t\u011b v\u00fdkonn\u011bj\u0161\u00ed a m\u016f\u017ee\u0161 do ka\u017ed\u00e9 jednotky d\u00e1t v\u0161echno. Skv\u011bl\u00fd modr\u00fd model s pruhovan\u00fdm vzorem vypad\u00e1 prost\u011b skv\u011ble.<\/p>\n<p>Tipy pro tisk: Pokud jsou jm\u00e9no a \u010d\u00edslo na obr\u00e1zku p\u0159esn\u011b takov\u00e9, jak\u00e9 chcete, nemus\u00edte je zad\u00e1vat znovu. Pokud tomu tak nen\u00ed, m\u011bli byste zadat po\u017eadovan\u00e9 jm\u00e9no a \u010d\u00edslo.<\/p>\n<p>Tipy pro pran\u00ed: Doporu\u010dujeme pr\u00e1t fotbalov\u00e1 tri\u010dka v ruce. Pokud chcete pou\u017e\u00edt pra\u010dku, nezapome\u0148te fotbalov\u00e1 tri\u010dka obr\u00e1tit naruby a pot\u00e9 je vyprat. Pra\u010dku napl\u0148te studenou vodou a pou\u017eijte jemn\u00fd cyklus, abyste l\u00e9pe ochr\u00e1nili barvy.<\/p>","protected":false},"excerpt":{"rendered":"<p>Das Kinder-Trikot von Nike in Blau l\u00e4sst dich die Farben deines Vereins tragen und allen zeigen, wof\u00fcr dein Herz schl\u00e4gt. Erweitere deine FC Barcelona-Kollektion mit dem Heim-Trikot, das auch die Spieler in der Primera Division tragen. Wir empfehlen dieses leichte, bequeme, atmungsaktive und schwei\u00dfableitende Modell mit dem angenehmen Tragegef\u00fchl. Dies ist ein Sportshirt, das durch [&hellip;]<\/p>","protected":false},"featured_media":3126,"comment_status":"open","ping_status":"closed","template":"","meta":[],"product_brand":[],"product_cat":[146],"product_tag":[32,147,20,33,21,22,23,24,94],"class_list":{"0":"post-3086","1":"product","2":"type-product","3":"status-publish","4":"has-post-thumbnail","6":"product_cat-barcelona-kindertrikot","7":"product_tag-barcelona-heimtrikot","8":"product_tag-barcelona-trikotsatz-fuer-kinder","9":"product_tag-coole-fussballtrikots","10":"product_tag-fc-barcelona-trikots","11":"product_tag-fussballtrikot-fuer-herren","12":"product_tag-fussballtrikot-guenstig-kaufen","13":"product_tag-fussballtrikot-kurzarm","14":"product_tag-guenstiges-fussballtrikot","15":"product_tag-kinder-fussball-trikotsatz","17":"first","18":"instock","19":"shipping-taxable","20":"purchasable","21":"product-type-variable"},"_links":{"self":[{"href":"https:\/\/www.billigtrikotde.com\/cs\/wp-json\/wp\/v2\/product\/3086","targetHints":{"allow":["GET"]}}],"collection":[{"href":"https:\/\/www.billigtrikotde.com\/cs\/wp-json\/wp\/v2\/product"}],"about":[{"href":"https:\/\/www.billigtrikotde.com\/cs\/wp-json\/wp\/v2\/types\/product"}],"replies":[{"embeddable":true,"href":"https:\/\/www.billigtrikotde.com\/cs\/wp-json\/wp\/v2\/comments?post=3086"}],"wp:featuredmedia":[{"embeddable":true,"href":"https:\/\/www.billigtrikotde.com\/cs\/wp-json\/wp\/v2\/media\/3126"}],"wp:attachment":[{"href":"https:\/\/www.billigtrikotde.com\/cs\/wp-json\/wp\/v2\/media?parent=3086"}],"wp:term":[{"taxonomy":"product_brand","embeddable":true,"href":"https:\/\/www.billigtrikotde.com\/cs\/wp-json\/wp\/v2\/product_brand?post=3086"},{"taxonomy":"product_cat","embeddable":true,"href":"https:\/\/www.billigtrikotde.com\/cs\/wp-json\/wp\/v2\/product_cat?post=3086"},{"taxonomy":"product_tag","embeddable":true,"href":"https:\/\/www.billigtrikotde.com\/cs\/wp-json\/wp\/v2\/product_tag?post=3086"}],"curies":[{"name":"wp","href":"https:\/\/api.w.org\/{rel}","templated":true}]}}