{"id":3026,"date":"2024-10-23T14:42:58","date_gmt":"2024-10-23T12:42:58","guid":{"rendered":"http:\/\/billigtrikots.com\/?post_type=product&#038;p=3026"},"modified":"2024-10-23T14:44:57","modified_gmt":"2024-10-23T12:44:57","slug":"manchester-city-auswaertstrikot-2022-fuer-kinder-mit-mahrez-26-aufdruck","status":"publish","type":"product","link":"https:\/\/www.billigtrikotde.com\/cs\/manchester-city-auswaertstrikot-2022-fuer-kinder-mit-mahrez-26-aufdruck\/","title":{"rendered":"Manchester City Away Jersey 2022 pro d\u011bti s Mahrezem 26 Print"},"content":{"rendered":"<p>M\u016f\u017ee\u0161 nejl\u00e9pe uk\u00e1zat svou v\u011brnost a p\u0159\u00edslu\u0161nost k sv\u00e9mu klubu b\u00edl\u00fdm dres PUMA. V \u017e\u00e1dn\u00e9 fanou\u0161kovsk\u00e9 sb\u00edrce by nem\u011bl chyb\u011bt tento venkovn\u00ed dres Manchester City, jak\u00fd nos\u00ed hr\u00e1\u010di v Premier League. Je prody\u0161n\u00fd, pohodln\u00fd a lehk\u00fd. Jedn\u00e1 se o sportovn\u00ed tri\u010dko, kter\u00e9 d\u00edky logu klubu na hrudi zaru\u010den\u011b zaujme. A\u0165 u\u017e je tr\u00e9nink \u010di z\u00e1pas jakkoli t\u011b\u017ek\u00fd, s t\u00edmto modelem bude\u0161 v\u017edy dokonale oble\u010den.<\/p>\n<p>Tipy pro tisk: Pokud jsou jm\u00e9no a \u010d\u00edslo na obr\u00e1zku p\u0159esn\u011b takov\u00e9, jak\u00e9 chcete, nemus\u00edte je zad\u00e1vat znovu. Pokud tomu tak nen\u00ed, m\u011bli byste zadat po\u017eadovan\u00e9 jm\u00e9no a \u010d\u00edslo.<\/p>\n<p>Tipy pro pran\u00ed: Doporu\u010dujeme pr\u00e1t fotbalov\u00e1 tri\u010dka v ruce. Pokud chcete pou\u017e\u00edt pra\u010dku, nezapome\u0148te fotbalov\u00e1 tri\u010dka obr\u00e1tit naruby a pot\u00e9 je vyprat. Pra\u010dku napl\u0148te studenou vodou a pou\u017eijte jemn\u00fd cyklus, abyste l\u00e9pe ochr\u00e1nili barvy.<\/p>","protected":false},"excerpt":{"rendered":"<p>Du kannst deine Treue und Zugeh\u00f6rigkeit zu deinem Verein am besten mit dem PUMA Trikot in Wei\u00df zeigen. In keiner Fan-Sammlung darf dieses Manchester City-Ausw\u00e4rts-Trikot, wie es die Spieler in der Premier League tragen, fehlen. Es ist atmungsaktiv, bequem und leicht. Dies ist ein Sportshirt, das durch das Vereinswappen auf der Brust garantiert trumpfen kann. [&hellip;]<\/p>","protected":false},"featured_media":3066,"comment_status":"open","ping_status":"closed","template":"","meta":[],"product_brand":[],"product_cat":[144],"product_tag":[20,94,83,84,145],"class_list":{"0":"post-3026","1":"product","2":"type-product","3":"status-publish","4":"has-post-thumbnail","6":"product_cat-manchester-city-kindertrikot","7":"product_tag-coole-fussballtrikots","8":"product_tag-kinder-fussball-trikotsatz","9":"product_tag-manchester-city-auswaertstrikot","10":"product_tag-manchester-city-trikots","11":"product_tag-manchester-city-trikotsatz-fuer-kinder","13":"first","14":"instock","15":"shipping-taxable","16":"purchasable","17":"product-type-variable"},"_links":{"self":[{"href":"https:\/\/www.billigtrikotde.com\/cs\/wp-json\/wp\/v2\/product\/3026","targetHints":{"allow":["GET"]}}],"collection":[{"href":"https:\/\/www.billigtrikotde.com\/cs\/wp-json\/wp\/v2\/product"}],"about":[{"href":"https:\/\/www.billigtrikotde.com\/cs\/wp-json\/wp\/v2\/types\/product"}],"replies":[{"embeddable":true,"href":"https:\/\/www.billigtrikotde.com\/cs\/wp-json\/wp\/v2\/comments?post=3026"}],"wp:featuredmedia":[{"embeddable":true,"href":"https:\/\/www.billigtrikotde.com\/cs\/wp-json\/wp\/v2\/media\/3066"}],"wp:attachment":[{"href":"https:\/\/www.billigtrikotde.com\/cs\/wp-json\/wp\/v2\/media?parent=3026"}],"wp:term":[{"taxonomy":"product_brand","embeddable":true,"href":"https:\/\/www.billigtrikotde.com\/cs\/wp-json\/wp\/v2\/product_brand?post=3026"},{"taxonomy":"product_cat","embeddable":true,"href":"https:\/\/www.billigtrikotde.com\/cs\/wp-json\/wp\/v2\/product_cat?post=3026"},{"taxonomy":"product_tag","embeddable":true,"href":"https:\/\/www.billigtrikotde.com\/cs\/wp-json\/wp\/v2\/product_tag?post=3026"}],"curies":[{"name":"wp","href":"https:\/\/api.w.org\/{rel}","templated":true}]}}