{"id":3024,"date":"2024-10-23T14:42:56","date_gmt":"2024-10-23T12:42:56","guid":{"rendered":"http:\/\/billigtrikots.com\/?post_type=product&#038;p=3024"},"modified":"2024-10-23T14:44:56","modified_gmt":"2024-10-23T12:44:56","slug":"trikotsatz-manchester-city-auswaertstrikot-2022-fuer-kinder-mit-bernardo-20-aufdruck","status":"publish","type":"product","link":"https:\/\/www.billigtrikotde.com\/cs\/trikotsatz-manchester-city-auswaertstrikot-2022-fuer-kinder-mit-bernardo-20-aufdruck\/","title":{"rendered":"D\u011btsk\u00e1 souprava Manchester City 2022 s potiskem Bernardo 20"},"content":{"rendered":"<p>Prody\u0161n\u00fd model v b\u00edl\u00e9 barv\u011b umo\u017e\u0148uje i mlad\u00fdm fanou\u0161k\u016fm uk\u00e1zat svou p\u0159\u00edslu\u0161nost k obl\u00edben\u00e9mu t\u00fdmu. PUMA uv\u00e1d\u00ed na trh s d\u011btsk\u00fdm sportovn\u00edm tri\u010dkem opravdu jedine\u010dn\u00fd produkt. Ka\u017ed\u00fd prav\u00fd fanou\u0161ek Manchester City pot\u0159ebuje tento venkovn\u00ed sportovn\u00ed dres, proto\u017ee ho nos\u00ed i hr\u00e1\u010di v Premier League. Doporu\u010dujeme tento lehk\u00fd, pohodln\u00fd, prody\u0161n\u00fd a odv\u00e1d\u011bj\u00edc\u00ed pot model s p\u0159\u00edjemn\u00fdm pocitem p\u0159i no\u0161en\u00ed. Vyzna\u010duje se vizu\u00e1ln\u011b klubov\u00fdm znakem na hrudi. S t\u00edmto tri\u010dkem jste ide\u00e1ln\u011b p\u0159ipraveni na ka\u017ed\u00fd tr\u00e9nink a z\u00e1pas.<\/p>\n<p>Tipy pro tisk: Pokud jsou jm\u00e9no a \u010d\u00edslo na obr\u00e1zku p\u0159esn\u011b takov\u00e9, jak\u00e9 chcete, nemus\u00edte je zad\u00e1vat znovu. Pokud tomu tak nen\u00ed, m\u011bli byste zadat po\u017eadovan\u00e9 jm\u00e9no a \u010d\u00edslo.<\/p>\n<p>Tipy pro pran\u00ed: Doporu\u010dujeme pr\u00e1t fotbalov\u00e1 tri\u010dka v ruce. Pokud chcete pou\u017e\u00edt pra\u010dku, nezapome\u0148te fotbalov\u00e1 tri\u010dka obr\u00e1tit naruby a pot\u00e9 je vyprat. Pra\u010dku napl\u0148te studenou vodou a pou\u017eijte jemn\u00fd cyklus, abyste l\u00e9pe ochr\u00e1nili barvy.<\/p>","protected":false},"excerpt":{"rendered":"<p>Prody\u0161n\u00fd model v b\u00edl\u00e9 barv\u011b umo\u017e\u0148uje i mlad\u00fdm fanou\u0161k\u016fm uk\u00e1zat svou p\u0159\u00edslu\u0161nost k obl\u00edben\u00e9mu t\u00fdmu. PUMA uv\u00e1d\u00ed na trh s d\u011btsk\u00fdm sportovn\u00edm tri\u010dkem opravdu jedine\u010dn\u00fd produkt. Ka\u017ed\u00fd prav\u00fd fanou\u0161ek Manchester City pot\u0159ebuje toto venkovn\u00ed sportovn\u00ed tri\u010dko, proto\u017ee ho nos\u00ed i hr\u00e1\u010di v Premier League. Doporu\u010dujeme tento lehk\u00fd, pohodln\u00fd, prody\u0161n\u00fd a odv\u00e1d\u011bj\u00edc\u00ed pot model s p\u0159\u00edjemn\u00fdm pocitem p\u0159i no\u0161en\u00ed. Vyzna\u010duje se [\u2026]<\/p>","protected":false},"featured_media":3065,"comment_status":"open","ping_status":"closed","template":"","meta":[],"product_brand":[],"product_cat":[144],"product_tag":[20,94,83,84,145],"class_list":{"0":"post-3024","1":"product","2":"type-product","3":"status-publish","4":"has-post-thumbnail","6":"product_cat-manchester-city-kindertrikot","7":"product_tag-coole-fussballtrikots","8":"product_tag-kinder-fussball-trikotsatz","9":"product_tag-manchester-city-auswaertstrikot","10":"product_tag-manchester-city-trikots","11":"product_tag-manchester-city-trikotsatz-fuer-kinder","13":"first","14":"instock","15":"shipping-taxable","16":"purchasable","17":"product-type-variable"},"_links":{"self":[{"href":"https:\/\/www.billigtrikotde.com\/cs\/wp-json\/wp\/v2\/product\/3024","targetHints":{"allow":["GET"]}}],"collection":[{"href":"https:\/\/www.billigtrikotde.com\/cs\/wp-json\/wp\/v2\/product"}],"about":[{"href":"https:\/\/www.billigtrikotde.com\/cs\/wp-json\/wp\/v2\/types\/product"}],"replies":[{"embeddable":true,"href":"https:\/\/www.billigtrikotde.com\/cs\/wp-json\/wp\/v2\/comments?post=3024"}],"wp:featuredmedia":[{"embeddable":true,"href":"https:\/\/www.billigtrikotde.com\/cs\/wp-json\/wp\/v2\/media\/3065"}],"wp:attachment":[{"href":"https:\/\/www.billigtrikotde.com\/cs\/wp-json\/wp\/v2\/media?parent=3024"}],"wp:term":[{"taxonomy":"product_brand","embeddable":true,"href":"https:\/\/www.billigtrikotde.com\/cs\/wp-json\/wp\/v2\/product_brand?post=3024"},{"taxonomy":"product_cat","embeddable":true,"href":"https:\/\/www.billigtrikotde.com\/cs\/wp-json\/wp\/v2\/product_cat?post=3024"},{"taxonomy":"product_tag","embeddable":true,"href":"https:\/\/www.billigtrikotde.com\/cs\/wp-json\/wp\/v2\/product_tag?post=3024"}],"curies":[{"name":"wp","href":"https:\/\/api.w.org\/{rel}","templated":true}]}}