{"id":2975,"date":"2024-10-23T14:40:47","date_gmt":"2024-10-23T12:40:47","guid":{"rendered":"http:\/\/billigtrikots.com\/?post_type=product&#038;p=2975"},"modified":"2024-10-23T14:42:49","modified_gmt":"2024-10-23T12:42:49","slug":"manchester-united-auswaertstrikot-2022-fuer-kinder-mit-aufdruck-pogba-6","status":"publish","type":"product","link":"https:\/\/www.billigtrikotde.com\/cs\/manchester-united-auswaertstrikot-2022-fuer-kinder-mit-aufdruck-pogba-6\/","title":{"rendered":"D\u011btsk\u00e1 souprava Manchester United 2022 s potiskem Pogba 6"},"content":{"rendered":"<p>Nikdy nezapome\u0148, odkud poch\u00e1z\u00ed\u0161! P\u00edsmeno \u201eM\u201c pro domovsk\u00e9 m\u011bsto klubu se ji\u017e \u010dasto objevovalo na legend\u00e1rn\u00edm vybaven\u00ed Manchester United. Tento fotbalov\u00fd dres adidas v d\u011btsk\u00e9 a teenagersk\u00e9 verzi op\u011bt vyu\u017e\u00edv\u00e1 p\u00edsmeno a p\u0159ich\u00e1z\u00ed s modern\u00edm vzhledem, kter\u00fd p\u0159ipom\u00edn\u00e1 klasick\u00fd dres z po\u010d\u00e1tku 90. let. M\u011bkk\u00fd dvojit\u00fd pleten\u00fd materi\u00e1l a technologie AEROREADY absorbuj\u00edc\u00ed vlhkost zaru\u010duj\u00ed p\u0159\u00edjemn\u00fd such\u00fd pocit p\u0159i no\u0161en\u00ed. Vy\u0161it\u00e9 klubov\u00e9 logo tak\u00e9 ukazuje, \u017ee jsi skute\u010dn\u00fdm fanou\u0161kem Manchester United. Tento produkt je Primegreen: vyroben\u00fd z r\u016fzn\u00fdch funk\u010dn\u00edch recyklovan\u00fdch materi\u00e1l\u016f.<\/p>\n<p>Tipy pro tisk: Pokud jsou jm\u00e9no a \u010d\u00edslo na obr\u00e1zku p\u0159esn\u011b takov\u00e9, jak\u00e9 chcete, nemus\u00edte je zad\u00e1vat znovu. Pokud tomu tak nen\u00ed, m\u011bli byste zadat po\u017eadovan\u00e9 jm\u00e9no a \u010d\u00edslo.<\/p>\n<p>Tipy pro pran\u00ed: Doporu\u010dujeme pr\u00e1t fotbalov\u00e1 tri\u010dka v ruce. Pokud chcete pou\u017e\u00edt pra\u010dku, nezapome\u0148te fotbalov\u00e1 tri\u010dka obr\u00e1tit naruby a pot\u00e9 je vyprat. Pra\u010dku napl\u0148te studenou vodou a pou\u017eijte jemn\u00fd cyklus, abyste l\u00e9pe ochr\u00e1nili barvy.<\/p>","protected":false},"excerpt":{"rendered":"<p>Vergiss nie, wo du herkommst! Der Buchstabe \u201eM\u201c f\u00fcr die Heimatstadt des Vereins hat schon oft seinen Weg auf die legend\u00e4ren Ausr\u00fcstungen von Manchester United gefunden. Dieses adidas Fu\u00dfballtrikot in der Version f\u00fcr Kinder und Teens greift den Buchstaben wieder auf und kommt mit einem modernen Look, der an ein klassisches Trikot aus den fr\u00fchen [&hellip;]<\/p>","protected":false},"featured_media":3016,"comment_status":"open","ping_status":"closed","template":"","meta":[],"product_brand":[],"product_cat":[140],"product_tag":[20,94,51,52,142],"class_list":{"0":"post-2975","1":"product","2":"type-product","3":"status-publish","4":"has-post-thumbnail","6":"product_cat-manchester-united-kindertrikot","7":"product_tag-coole-fussballtrikots","8":"product_tag-kinder-fussball-trikotsatz","9":"product_tag-manchester-united-auswaertstrikot","10":"product_tag-manchester-united-trikots","11":"product_tag-manchester-united-trikotsatz-fuer-kinder","13":"first","14":"instock","15":"shipping-taxable","16":"purchasable","17":"product-type-variable"},"_links":{"self":[{"href":"https:\/\/www.billigtrikotde.com\/cs\/wp-json\/wp\/v2\/product\/2975","targetHints":{"allow":["GET"]}}],"collection":[{"href":"https:\/\/www.billigtrikotde.com\/cs\/wp-json\/wp\/v2\/product"}],"about":[{"href":"https:\/\/www.billigtrikotde.com\/cs\/wp-json\/wp\/v2\/types\/product"}],"replies":[{"embeddable":true,"href":"https:\/\/www.billigtrikotde.com\/cs\/wp-json\/wp\/v2\/comments?post=2975"}],"wp:featuredmedia":[{"embeddable":true,"href":"https:\/\/www.billigtrikotde.com\/cs\/wp-json\/wp\/v2\/media\/3016"}],"wp:attachment":[{"href":"https:\/\/www.billigtrikotde.com\/cs\/wp-json\/wp\/v2\/media?parent=2975"}],"wp:term":[{"taxonomy":"product_brand","embeddable":true,"href":"https:\/\/www.billigtrikotde.com\/cs\/wp-json\/wp\/v2\/product_brand?post=2975"},{"taxonomy":"product_cat","embeddable":true,"href":"https:\/\/www.billigtrikotde.com\/cs\/wp-json\/wp\/v2\/product_cat?post=2975"},{"taxonomy":"product_tag","embeddable":true,"href":"https:\/\/www.billigtrikotde.com\/cs\/wp-json\/wp\/v2\/product_tag?post=2975"}],"curies":[{"name":"wp","href":"https:\/\/api.w.org\/{rel}","templated":true}]}}