{"id":2947,"date":"2024-10-23T14:39:35","date_gmt":"2024-10-23T12:39:35","guid":{"rendered":"http:\/\/billigtrikots.com\/?post_type=product&#038;p=2947"},"modified":"2024-10-23T14:41:42","modified_gmt":"2024-10-23T12:41:42","slug":"trikotsatz-manchester-united-heimtrikot-2022-kinder-rot-mit-aufdruck-rooney-10","status":"publish","type":"product","link":"https:\/\/www.billigtrikotde.com\/cs\/trikotsatz-manchester-united-heimtrikot-2022-kinder-rot-mit-aufdruck-rooney-10\/","title":{"rendered":"Dom\u00e1c\u00ed souprava Manchester United 2022 kids \u010derven\u00e1 s potiskem Rooney 10"},"content":{"rendered":"<p>Mlad\u00e9 talenty, z\u00e1pal a nezbytn\u00e9 mno\u017estv\u00ed ambic\u00ed. Tyto t\u0159i pil\u00ed\u0159e Manchester United u\u017e v\u00edce ne\u017e stolet\u00ed zaji\u0161\u0165uj\u00ed bur\u00e1cej\u00edc\u00ed \u00fasp\u011bchy. Toto adidas Manchester United triko pro d\u011bti a teenagery je inspirov\u00e1no legend\u00e1rn\u00edm vybaven\u00edm, ze kter\u00e9ho m\u011bl t\u00fdm d\u00edky \u010dist\u00e9mu \u010derven\u00e9mu designu a b\u00edl\u00e9mu vroubkovan\u00e9mu kulat\u00e9mu v\u00fdst\u0159ihu sv\u00e9 nejnezapomenuteln\u011bj\u0161\u00ed triumfy, kter\u00e9 dok\u00e1zal vybojovat. Design pro fanou\u0161ky je z m\u011bkk\u00e9ho materi\u00e1lu s technologii AEROREADY pro absorpci vlhkosti a zaru\u010duje p\u0159\u00edjemn\u011b such\u00e9 a pohodln\u00e9 no\u0161en\u00ed. Detail na zadn\u00ed stran\u011b tak\u00e9 ukazuje, \u017ee jste opravdov\u00fdm fanou\u0161kem. Tento produkt je Primegreen: vyroben\u00fd z r\u016fzn\u00fdch funk\u010dn\u00edch recyklovan\u00fdch materi\u00e1l\u016f.<\/p>\n<p>Tipy pro tisk: Pokud jsou jm\u00e9no a \u010d\u00edslo na obr\u00e1zku p\u0159esn\u011b takov\u00e9, jak\u00e9 chcete, nemus\u00edte je zad\u00e1vat znovu. Pokud tomu tak nen\u00ed, m\u011bli byste zadat po\u017eadovan\u00e9 jm\u00e9no a \u010d\u00edslo.<\/p>\n<p>Tipy pro pran\u00ed: Doporu\u010dujeme pr\u00e1t fotbalov\u00e1 tri\u010dka v ruce. Pokud chcete pou\u017e\u00edt pra\u010dku, nezapome\u0148te fotbalov\u00e1 tri\u010dka obr\u00e1tit naruby a pot\u00e9 je vyprat. Pra\u010dku napl\u0148te studenou vodou a pou\u017eijte jemn\u00fd cyklus, abyste l\u00e9pe ochr\u00e1nili barvy.<\/p>","protected":false},"excerpt":{"rendered":"<p>Junge Talente, Biss und die n\u00f6tige Portion Ehrgeiz. Diese drei S\u00e4ulen bescheren Manchester United schon mehr als ein Jahrhundert lang rauschende Erfolge. Dieses adidas Manchester United Trikot f\u00fcr Kinder und Teens ist mit seinem cleanen roten Design und dem wei\u00dfen, gerippten Rundhalsausschnitt von der legend\u00e4ren Ausr\u00fcstung inspiriert, mit der die Mannschaft einige ihrer unvergesslichsten Triumphe [&hellip;]<\/p>","protected":false},"featured_media":2981,"comment_status":"open","ping_status":"closed","template":"","meta":[],"product_brand":[],"product_cat":[140],"product_tag":[20,94,141,52,142],"class_list":{"0":"post-2947","1":"product","2":"type-product","3":"status-publish","4":"has-post-thumbnail","6":"product_cat-manchester-united-kindertrikot","7":"product_tag-coole-fussballtrikots","8":"product_tag-kinder-fussball-trikotsatz","9":"product_tag-manchester-united-heimtrikot","10":"product_tag-manchester-united-trikots","11":"product_tag-manchester-united-trikotsatz-fuer-kinder","13":"first","14":"instock","15":"shipping-taxable","16":"purchasable","17":"product-type-variable"},"_links":{"self":[{"href":"https:\/\/www.billigtrikotde.com\/cs\/wp-json\/wp\/v2\/product\/2947","targetHints":{"allow":["GET"]}}],"collection":[{"href":"https:\/\/www.billigtrikotde.com\/cs\/wp-json\/wp\/v2\/product"}],"about":[{"href":"https:\/\/www.billigtrikotde.com\/cs\/wp-json\/wp\/v2\/types\/product"}],"replies":[{"embeddable":true,"href":"https:\/\/www.billigtrikotde.com\/cs\/wp-json\/wp\/v2\/comments?post=2947"}],"wp:featuredmedia":[{"embeddable":true,"href":"https:\/\/www.billigtrikotde.com\/cs\/wp-json\/wp\/v2\/media\/2981"}],"wp:attachment":[{"href":"https:\/\/www.billigtrikotde.com\/cs\/wp-json\/wp\/v2\/media?parent=2947"}],"wp:term":[{"taxonomy":"product_brand","embeddable":true,"href":"https:\/\/www.billigtrikotde.com\/cs\/wp-json\/wp\/v2\/product_brand?post=2947"},{"taxonomy":"product_cat","embeddable":true,"href":"https:\/\/www.billigtrikotde.com\/cs\/wp-json\/wp\/v2\/product_cat?post=2947"},{"taxonomy":"product_tag","embeddable":true,"href":"https:\/\/www.billigtrikotde.com\/cs\/wp-json\/wp\/v2\/product_tag?post=2947"}],"curies":[{"name":"wp","href":"https:\/\/api.w.org\/{rel}","templated":true}]}}