{"id":2863,"date":"2024-10-23T14:35:54","date_gmt":"2024-10-23T12:35:54","guid":{"rendered":"http:\/\/billigtrikots.com\/?post_type=product&#038;p=2863"},"modified":"2024-10-23T14:37:55","modified_gmt":"2024-10-23T12:37:55","slug":"fc-bayern-muenchen-trikot-3rd-in-weiss-2022-fuer-kinder-mit-aufdruck-neuer-1","status":"publish","type":"product","link":"https:\/\/www.billigtrikotde.com\/cs\/fc-bayern-muenchen-trikot-3rd-in-weiss-2022-fuer-kinder-mit-aufdruck-neuer-1\/","title":{"rendered":"FC Bayern Mnichov Dres 3. v b\u00edl\u00e9 barv\u011b 2022 pro d\u011bti s potiskem NEW 1"},"content":{"rendered":"<p>M\u016f\u017ee\u0161 nejl\u00e9pe uk\u00e1zat svou l\u00e1sku a soun\u00e1le\u017eitost ke sv\u00e9mu klubu s d\u011btsk\u00fdm tri\u010dkem adidas v b\u00edl\u00e9 barv\u011b. Miluj sv\u016fj t\u00fdm \u2013 s n\u00e1hradn\u00edm tri\u010dkem FC Bayern Mnichov, kter\u00e9 nos\u00ed dokonce i hr\u00e1\u010di v prvn\u00ed bundeslize, ukazuje\u0161, pro koho ti srdce bije. Prody\u0161n\u00fd, lehk\u00fd, odv\u00e1d\u011bj\u00edc\u00ed pot a pohodln\u00fd model p\u0159esv\u011bd\u010d\u00ed na pln\u00e9 \u010d\u00e1\u0159e. Bez ohledu na to, jak tvrd\u00fd je tr\u00e9nink nebo z\u00e1pas, s t\u00edmto modelem bude\u0161 v\u017edy dob\u0159e oble\u010den\u00fd. Skv\u011bl\u00fd vzhled tohoto sportovn\u00edho topu podtrhuje klubov\u00e1 zna\u010dka na hrudi.<\/p>\n<p>Tipy pro tisk: Pokud jsou jm\u00e9no a \u010d\u00edslo na obr\u00e1zku p\u0159esn\u011b takov\u00e9, jak\u00e9 chcete, nemus\u00edte je zad\u00e1vat znovu. Pokud tomu tak nen\u00ed, m\u011bli byste zadat po\u017eadovan\u00e9 jm\u00e9no a \u010d\u00edslo.<\/p>\n<p>Tipy pro pran\u00ed: Doporu\u010dujeme pr\u00e1t fotbalov\u00e1 tri\u010dka v ruce. Pokud chcete pou\u017e\u00edt pra\u010dku, nezapome\u0148te fotbalov\u00e1 tri\u010dka obr\u00e1tit naruby a pot\u00e9 je vyprat. Pra\u010dku napl\u0148te studenou vodou a pou\u017eijte jemn\u00fd cyklus, abyste l\u00e9pe ochr\u00e1nili barvy.<\/p>","protected":false},"excerpt":{"rendered":"<p>Du kannst deine Liebe und Verbundenheit zu deinem Verein am besten mit dem adidas Kinder-Shirt in Wei\u00df zeigen. Liebe deine Mannschaft \u2013 mit dem Ausweich-Shirt des FC Bayern M\u00fcnchen, das sogar von den Spielern in der 1. Bundesliga getragen wird, zeigst du, f\u00fcr wen dein Herz schl\u00e4gt. Das atmungsaktive, leichte, schwei\u00dfableitende und bequeme Modell \u00fcberzeugt [&hellip;]<\/p>","protected":false},"featured_media":2907,"comment_status":"open","ping_status":"closed","template":"","meta":[],"product_brand":[],"product_cat":[135],"product_tag":[139,137,138,20,94],"class_list":{"0":"post-2863","1":"product","2":"type-product","3":"status-publish","4":"has-post-thumbnail","6":"product_cat-bayern-munich-kindertrikot","7":"product_tag-bayern-muenchen-ausweichtrikot","8":"product_tag-bayern-muenchen-trikots","9":"product_tag-bayern-munich-trikotsatz-fuer-kinder","10":"product_tag-coole-fussballtrikots","11":"product_tag-kinder-fussball-trikotsatz","13":"first","14":"instock","15":"shipping-taxable","16":"purchasable","17":"product-type-variable"},"_links":{"self":[{"href":"https:\/\/www.billigtrikotde.com\/cs\/wp-json\/wp\/v2\/product\/2863","targetHints":{"allow":["GET"]}}],"collection":[{"href":"https:\/\/www.billigtrikotde.com\/cs\/wp-json\/wp\/v2\/product"}],"about":[{"href":"https:\/\/www.billigtrikotde.com\/cs\/wp-json\/wp\/v2\/types\/product"}],"replies":[{"embeddable":true,"href":"https:\/\/www.billigtrikotde.com\/cs\/wp-json\/wp\/v2\/comments?post=2863"}],"wp:featuredmedia":[{"embeddable":true,"href":"https:\/\/www.billigtrikotde.com\/cs\/wp-json\/wp\/v2\/media\/2907"}],"wp:attachment":[{"href":"https:\/\/www.billigtrikotde.com\/cs\/wp-json\/wp\/v2\/media?parent=2863"}],"wp:term":[{"taxonomy":"product_brand","embeddable":true,"href":"https:\/\/www.billigtrikotde.com\/cs\/wp-json\/wp\/v2\/product_brand?post=2863"},{"taxonomy":"product_cat","embeddable":true,"href":"https:\/\/www.billigtrikotde.com\/cs\/wp-json\/wp\/v2\/product_cat?post=2863"},{"taxonomy":"product_tag","embeddable":true,"href":"https:\/\/www.billigtrikotde.com\/cs\/wp-json\/wp\/v2\/product_tag?post=2863"}],"curies":[{"name":"wp","href":"https:\/\/api.w.org\/{rel}","templated":true}]}}