{"id":2837,"date":"2024-10-23T14:34:47","date_gmt":"2024-10-23T12:34:47","guid":{"rendered":"http:\/\/billigtrikots.com\/?post_type=product&#038;p=2837"},"modified":"2024-10-23T14:36:50","modified_gmt":"2024-10-23T12:36:50","slug":"kindertrikot-as-roma-heim-trikot-2022-rot-fuer-kinder-g-villar-14-trikotsatz","status":"publish","type":"product","link":"https:\/\/www.billigtrikotde.com\/cs\/kindertrikot-as-roma-heim-trikot-2022-rot-fuer-kinder-g-villar-14-trikotsatz\/","title":{"rendered":"D\u011btsk\u00fd dres AS Roma Home Jersey 2022 \u010derven\u00fd pro d\u011bti G.VILLAR 14 Kit"},"content":{"rendered":"<p>S nov\u00fdm dom\u00e1c\u00edm dresem Roma v origin\u00e1ln\u00edm vzhledu sv\u00fdch hrdin\u016f m\u016f\u017eete nejen znejistit stadion, ale tak\u00e9 se p\u0159edv\u00e9st na vlastn\u00edm tr\u00e9ninku! Je v tradi\u010dn\u00edch dom\u00e1c\u00edch barv\u00e1ch \u010derven\u00e9 a \u017elut\u00e9 a zdob\u00ed ho ofici\u00e1ln\u00ed klubov\u00e9 detaily a loga sponzor\u016f. Poprv\u00e9 se \u017eluto\u010derven\u00fd t\u00fdm vybav\u00ed pro nadch\u00e1zej\u00edc\u00ed sez\u00f3nu v\u00fdstroj\u00ed New Balance!<\/p>\n<p>Krom\u011b designu m\u00e1 co nab\u00eddnout tak\u00e9 materi\u00e1l a st\u0159ih. Dom\u00e1c\u00ed dres je v nejlep\u0161\u00ed kvalit\u011b a je vyroben z odoln\u00e9ho polyesteru 100%. Materi\u00e1l NB Dry nav\u00edc okam\u017eit\u011b odv\u00e1d\u00ed pot od t\u011bla, tak\u017ee v\u00e1s udr\u017e\u00ed v suchu a pohod\u011b za v\u0161ech okolnost\u00ed. Pohodln\u00fd regular st\u0159ih v\u00e1m poskytne dostatek volnosti pohybu a m\u011bkk\u00fd v\u00fdst\u0159ih do V se p\u0159\u00edjemn\u011b p\u0159izp\u016fsob\u00ed poko\u017ece.<\/p>\n<p>Tipy pro tisk: Pokud jsou jm\u00e9no a \u010d\u00edslo na obr\u00e1zku p\u0159esn\u011b takov\u00e9, jak\u00e9 chcete, nemus\u00edte je zad\u00e1vat znovu. Pokud tomu tak nen\u00ed, m\u011bli byste zadat po\u017eadovan\u00e9 jm\u00e9no a \u010d\u00edslo.<\/p>\n<p>Tipy pro pran\u00ed: Doporu\u010dujeme pr\u00e1t fotbalov\u00e1 tri\u010dka v ruce. Pokud chcete pou\u017e\u00edt pra\u010dku, nezapome\u0148te fotbalov\u00e1 tri\u010dka obr\u00e1tit naruby a pot\u00e9 je vyprat. Pra\u010dku napl\u0148te studenou vodou a pou\u017eijte jemn\u00fd cyklus, abyste l\u00e9pe ochr\u00e1nili barvy.<\/p>","protected":false},"excerpt":{"rendered":"<p>S nov\u00fdm dom\u00e1c\u00edm dresem Roma v origin\u00e1ln\u00edm vzhledu sv\u00fdch hrdin\u016f m\u016f\u017eete nejen znejistit stadion, ale tak\u00e9 se p\u0159edv\u00e9st na vlastn\u00edm tr\u00e9ninku! Je v tradi\u010dn\u00edch dom\u00e1c\u00edch barv\u00e1ch \u010derven\u00e9 a \u017elut\u00e9 a zdob\u00ed ho ofici\u00e1ln\u00ed klubov\u00e9 detaily a loga sponzor\u016f. Poprv\u00e9 se \u017eluto\u010derven\u00fd t\u00fdm vybav\u00ed pro nadch\u00e1zej\u00edc\u00ed sez\u00f3nu v\u00fdstroj\u00ed New Balance!<\/p>","protected":false},"featured_media":2878,"comment_status":"open","ping_status":"closed","template":"","meta":[],"product_brand":[],"product_cat":[133],"product_tag":[86,87,134,20,94],"class_list":{"0":"post-2837","1":"product","2":"type-product","3":"status-publish","4":"has-post-thumbnail","6":"product_cat-as-roma-kindertrikot","7":"product_tag-as-roma-heimtrikot","8":"product_tag-as-roma-trikots","9":"product_tag-as-roma-trikotsatz-fuer-kinder","10":"product_tag-coole-fussballtrikots","11":"product_tag-kinder-fussball-trikotsatz","13":"first","14":"instock","15":"shipping-taxable","16":"purchasable","17":"product-type-variable"},"_links":{"self":[{"href":"https:\/\/www.billigtrikotde.com\/cs\/wp-json\/wp\/v2\/product\/2837","targetHints":{"allow":["GET"]}}],"collection":[{"href":"https:\/\/www.billigtrikotde.com\/cs\/wp-json\/wp\/v2\/product"}],"about":[{"href":"https:\/\/www.billigtrikotde.com\/cs\/wp-json\/wp\/v2\/types\/product"}],"replies":[{"embeddable":true,"href":"https:\/\/www.billigtrikotde.com\/cs\/wp-json\/wp\/v2\/comments?post=2837"}],"wp:featuredmedia":[{"embeddable":true,"href":"https:\/\/www.billigtrikotde.com\/cs\/wp-json\/wp\/v2\/media\/2878"}],"wp:attachment":[{"href":"https:\/\/www.billigtrikotde.com\/cs\/wp-json\/wp\/v2\/media?parent=2837"}],"wp:term":[{"taxonomy":"product_brand","embeddable":true,"href":"https:\/\/www.billigtrikotde.com\/cs\/wp-json\/wp\/v2\/product_brand?post=2837"},{"taxonomy":"product_cat","embeddable":true,"href":"https:\/\/www.billigtrikotde.com\/cs\/wp-json\/wp\/v2\/product_cat?post=2837"},{"taxonomy":"product_tag","embeddable":true,"href":"https:\/\/www.billigtrikotde.com\/cs\/wp-json\/wp\/v2\/product_tag?post=2837"}],"curies":[{"name":"wp","href":"https:\/\/api.w.org\/{rel}","templated":true}]}}