{"id":2809,"date":"2024-10-23T14:33:40","date_gmt":"2024-10-23T12:33:40","guid":{"rendered":"http:\/\/billigtrikots.com\/?post_type=product&#038;p=2809"},"modified":"2024-10-23T14:35:45","modified_gmt":"2024-10-23T12:35:45","slug":"fanartikelshop-spanien-em-2022-heimtrikot-rot-mit-aufdruck-ramos-15","status":"publish","type":"product","link":"https:\/\/www.billigtrikotde.com\/cs\/fanartikelshop-spanien-em-2022-heimtrikot-rot-mit-aufdruck-ramos-15\/","title":{"rendered":"\u0160pan\u011blsko EM 2022 dom\u00e1c\u00ed tri\u010dko \u010derven\u00e9 s potiskem RAMOS 15"},"content":{"rendered":"<p>adidas p\u0159in\u00e1\u0161\u00ed s \u010derven\u00fdm trikem produkt, kter\u00fd ti umo\u017en\u00ed podporovat tv\u016fj obl\u00edben\u00fd klub v dobr\u00fdch i \u0161patn\u00fdch \u010dasech s l\u00e1skou a oddanost\u00ed. Roz\u0161i\u0159 sv\u016fj kolekci o dom\u00e1c\u00ed dres, kter\u00fd nos\u00ed i hr\u00e1\u010di na Mistrovstv\u00ed Evropy. Prody\u0161n\u00e1, pohodln\u00e1, lehk\u00e1 a odv\u00e1d\u011bj\u00edc\u00ed pot funk\u010dnost ho \u010din\u00ed p\u0159esv\u011bd\u010div\u00fdm. Tak bude\u0161 je\u0161t\u011b v\u00fdkonn\u011bj\u0161\u00ed a v ka\u017ed\u00e9 jednotce m\u016f\u017ee\u0161 d\u00e1t v\u0161echno. K nejv\u011bt\u0161\u00edmu highlightu se st\u00e1v\u00e1 d\u00edky klubov\u00e9mu logu na hrudi.<\/p>\n<p>Tipy pro tisk: Pokud jsou jm\u00e9no a \u010d\u00edslo na obr\u00e1zku p\u0159esn\u011b takov\u00e9, jak\u00e9 chcete, nemus\u00edte je zad\u00e1vat znovu. Pokud tomu tak nen\u00ed, m\u011bli byste zadat po\u017eadovan\u00e9 jm\u00e9no a \u010d\u00edslo.<\/p>\n<p>Tipy pro pran\u00ed: Doporu\u010dujeme pr\u00e1t fotbalov\u00e1 tri\u010dka v ruce. Pokud chcete pou\u017e\u00edt pra\u010dku, nezapome\u0148te fotbalov\u00e1 tri\u010dka obr\u00e1tit naruby a pot\u00e9 je vyprat. Pra\u010dku napl\u0148te studenou vodou a pou\u017eijte jemn\u00fd cyklus, abyste l\u00e9pe ochr\u00e1nili barvy.<\/p>","protected":false},"excerpt":{"rendered":"<p>adidas bringt mit dem Trikot in Rot ein Produkt heraus, mit dem du deinen Lieblingsverein in guten wie in schlechten Zeiten mit Liebe und Hingabe unterst\u00fctzen kannst. Erweitere deine Kollektion mit dem Heim-Trikot, das auch die Spieler bei der Europameisterschaft tragen. Die atmungsaktive, bequeme, leichte und schwei\u00dfableitende Funktionsweise l\u00e4sst es \u00fcberzeugen. So bist du noch [&hellip;]<\/p>","protected":false},"featured_media":2844,"comment_status":"open","ping_status":"closed","template":"","meta":[],"product_brand":[],"product_cat":[131],"product_tag":[20,21,22,23,24,132],"class_list":{"0":"post-2809","1":"product","2":"type-product","3":"status-publish","4":"has-post-thumbnail","6":"product_cat-spanien-trikots","7":"product_tag-coole-fussballtrikots","8":"product_tag-fussballtrikot-fuer-herren","9":"product_tag-fussballtrikot-guenstig-kaufen","10":"product_tag-fussballtrikot-kurzarm","11":"product_tag-guenstiges-fussballtrikot","12":"product_tag-spanien-heimtrikot","14":"first","15":"instock","16":"shipping-taxable","17":"purchasable","18":"product-type-variable"},"_links":{"self":[{"href":"https:\/\/www.billigtrikotde.com\/cs\/wp-json\/wp\/v2\/product\/2809","targetHints":{"allow":["GET"]}}],"collection":[{"href":"https:\/\/www.billigtrikotde.com\/cs\/wp-json\/wp\/v2\/product"}],"about":[{"href":"https:\/\/www.billigtrikotde.com\/cs\/wp-json\/wp\/v2\/types\/product"}],"replies":[{"embeddable":true,"href":"https:\/\/www.billigtrikotde.com\/cs\/wp-json\/wp\/v2\/comments?post=2809"}],"wp:featuredmedia":[{"embeddable":true,"href":"https:\/\/www.billigtrikotde.com\/cs\/wp-json\/wp\/v2\/media\/2844"}],"wp:attachment":[{"href":"https:\/\/www.billigtrikotde.com\/cs\/wp-json\/wp\/v2\/media?parent=2809"}],"wp:term":[{"taxonomy":"product_brand","embeddable":true,"href":"https:\/\/www.billigtrikotde.com\/cs\/wp-json\/wp\/v2\/product_brand?post=2809"},{"taxonomy":"product_cat","embeddable":true,"href":"https:\/\/www.billigtrikotde.com\/cs\/wp-json\/wp\/v2\/product_cat?post=2809"},{"taxonomy":"product_tag","embeddable":true,"href":"https:\/\/www.billigtrikotde.com\/cs\/wp-json\/wp\/v2\/product_tag?post=2809"}],"curies":[{"name":"wp","href":"https:\/\/api.w.org\/{rel}","templated":true}]}}