{"id":2764,"date":"2024-10-23T14:31:31","date_gmt":"2024-10-23T12:31:31","guid":{"rendered":"http:\/\/billigtrikots.com\/?post_type=product&#038;p=2764"},"modified":"2024-10-23T14:33:36","modified_gmt":"2024-10-23T12:33:36","slug":"herren-trikotsatz-uruguay-2022-heimtrikot-hellblau-mit-aufdruck-valverde-15","status":"publish","type":"product","link":"https:\/\/www.billigtrikotde.com\/cs\/herren-trikotsatz-uruguay-2022-heimtrikot-hellblau-mit-aufdruck-valverde-15\/","title":{"rendered":"Mu\u017ei sadu dres\u016f Uruguay 2022 dom\u00e1c\u00ed dres sv\u011btlomodr\u00fd s n\u00e1pisem VALVERDE 15"},"content":{"rendered":"<p>Autentick\u00fd design tohoto dom\u00e1c\u00edho dresu zna\u010dky Puma vych\u00e1z\u00ed z hern\u00edch dres\u016f mu\u017esk\u00e9ho t\u00fdmu Uruguay na Copa Am\u00e9rica 2021. S t\u00edmto ofici\u00e1ln\u00edm replica dom\u00e1c\u00edm dresu pro mu\u017ee z\u00edsk\u00e1te vzhled sv\u00fdch obl\u00edben\u00fdch hr\u00e1\u010d\u016f. Materi\u00e1l dryCELL odv\u00e1d\u00ed vlhkost a zaji\u0161\u0165uje such\u00fd a pohodln\u00fd pocit p\u0159i tr\u00e9ninku i na stadionu. Sportovn\u00ed st\u0159ih v\u00e1m poskytuje podporu p\u0159i v\u0161ech pohybech. Znak na hrudi nenech\u00e1 \u017e\u00e1dn\u00e9 pochyby o tom, za kter\u00fdm t\u00fdmem stoj\u00edte.<\/p>\n<p>Tipy pro tisk: Pokud jsou jm\u00e9no a \u010d\u00edslo na obr\u00e1zku p\u0159esn\u011b takov\u00e9, jak\u00e9 chcete, nemus\u00edte je zad\u00e1vat znovu. Pokud tomu tak nen\u00ed, m\u011bli byste zadat po\u017eadovan\u00e9 jm\u00e9no a \u010d\u00edslo.<\/p>\n<p>Tipy pro pran\u00ed: Doporu\u010dujeme pr\u00e1t fotbalov\u00e1 tri\u010dka v ruce. Pokud chcete pou\u017e\u00edt pra\u010dku, nezapome\u0148te fotbalov\u00e1 tri\u010dka obr\u00e1tit naruby a pot\u00e9 je vyprat. Pra\u010dku napl\u0148te studenou vodou a pou\u017eijte jemn\u00fd cyklus, abyste l\u00e9pe ochr\u00e1nili barvy.<\/p>","protected":false},"excerpt":{"rendered":"<p>Autentick\u00fd design tohoto dom\u00e1c\u00edho dresu Puma je zalo\u017een na hern\u00edch dresech t\u00fdmu Uruguay na Copa Am\u00e9rica 2022. S t\u00edmto ofici\u00e1ln\u00edm replikov\u00fdm dom\u00e1c\u00edm dresem pro p\u00e1ny z\u00edsk\u00e1te vzhled sv\u00fdch obl\u00edben\u00fdch hr\u00e1\u010d\u016f. Materi\u00e1l dryCELL odv\u00e1d\u011bj\u00edc\u00ed vlhkost zaji\u0161\u0165uje such\u00fd a pohodln\u00fd pocit p\u0159i no\u0161en\u00ed, a\u0165 u\u017e p\u0159i tr\u00e9ninku nebo na stadionu. Sportovn\u00ed st\u0159ih v\u00e1s podpo\u0159\u00ed p\u0159i v\u0161ech pohybech. [...]<\/p>","protected":false},"featured_media":2806,"comment_status":"open","ping_status":"closed","template":"","meta":[],"product_brand":[],"product_cat":[128],"product_tag":[20,21,22,23,24,129,130],"class_list":{"0":"post-2764","1":"product","2":"type-product","3":"status-publish","4":"has-post-thumbnail","6":"product_cat-uruguay-trikots","7":"product_tag-coole-fussballtrikots","8":"product_tag-fussballtrikot-fuer-herren","9":"product_tag-fussballtrikot-guenstig-kaufen","10":"product_tag-fussballtrikot-kurzarm","11":"product_tag-guenstiges-fussballtrikot","12":"product_tag-uruguay-heimtrikot","13":"product_tag-uruguay-trikots","15":"first","16":"instock","17":"shipping-taxable","18":"purchasable","19":"product-type-variable"},"_links":{"self":[{"href":"https:\/\/www.billigtrikotde.com\/cs\/wp-json\/wp\/v2\/product\/2764","targetHints":{"allow":["GET"]}}],"collection":[{"href":"https:\/\/www.billigtrikotde.com\/cs\/wp-json\/wp\/v2\/product"}],"about":[{"href":"https:\/\/www.billigtrikotde.com\/cs\/wp-json\/wp\/v2\/types\/product"}],"replies":[{"embeddable":true,"href":"https:\/\/www.billigtrikotde.com\/cs\/wp-json\/wp\/v2\/comments?post=2764"}],"wp:featuredmedia":[{"embeddable":true,"href":"https:\/\/www.billigtrikotde.com\/cs\/wp-json\/wp\/v2\/media\/2806"}],"wp:attachment":[{"href":"https:\/\/www.billigtrikotde.com\/cs\/wp-json\/wp\/v2\/media?parent=2764"}],"wp:term":[{"taxonomy":"product_brand","embeddable":true,"href":"https:\/\/www.billigtrikotde.com\/cs\/wp-json\/wp\/v2\/product_brand?post=2764"},{"taxonomy":"product_cat","embeddable":true,"href":"https:\/\/www.billigtrikotde.com\/cs\/wp-json\/wp\/v2\/product_cat?post=2764"},{"taxonomy":"product_tag","embeddable":true,"href":"https:\/\/www.billigtrikotde.com\/cs\/wp-json\/wp\/v2\/product_tag?post=2764"}],"curies":[{"name":"wp","href":"https:\/\/api.w.org\/{rel}","templated":true}]}}