{"id":275,"date":"2024-10-23T12:12:20","date_gmt":"2024-10-23T10:12:20","guid":{"rendered":"http:\/\/billigtrikots.com\/?post_type=product&#038;p=275"},"modified":"2024-10-23T12:14:50","modified_gmt":"2024-10-23T10:14:50","slug":"fussball-fan-trikots-fc-barcelona-2021-22-auswaertstrikot-mit-aufdruck-messi-10","status":"publish","type":"product","link":"https:\/\/www.billigtrikotde.com\/cs\/fussball-fan-trikots-fc-barcelona-2021-22-auswaertstrikot-mit-aufdruck-messi-10\/","title":{"rendered":"Fotbalov\u00e9 fanou\u0161kovsk\u00e9 dresy FC Barcelona 2021\/22 s potiskem MESSI 10"},"content":{"rendered":"<p>Jako jin\u00e9 dresy z na\u0161\u00ed kolekce stadionov\u00fdch dres\u016f kombinuje dres FC Barcelona napodoben\u00e9 designov\u00e9 detaily s materi\u00e1lem odv\u00e1d\u011bj\u00edc\u00edm pot, aby v\u00e1m poskytl vzhled vhodn\u00fd na z\u00e1pas, inspirovan\u00fd va\u0161\u00edm obl\u00edben\u00fdm t\u00fdmem.<\/p>\n<p>Technologie Nike Dri-FIT odv\u00e1d\u00ed pot od poko\u017eky pro rychlej\u0161\u00ed odpa\u0159ov\u00e1n\u00ed a pom\u00e1h\u00e1 v\u00e1m z\u016fstat such\u00fd a pohodln\u00fd.<\/p>\n<p>Tipy pro tisk: Pokud jsou jm\u00e9no a \u010d\u00edslo na obr\u00e1zku p\u0159esn\u011b takov\u00e9, jak\u00e9 chcete, nemus\u00edte je zad\u00e1vat znovu. Pokud tomu tak nen\u00ed, m\u011bli byste zadat po\u017eadovan\u00e9 jm\u00e9no a \u010d\u00edslo.<\/p>\n<p>Tipy pro pran\u00ed: Doporu\u010dujeme pr\u00e1t fotbalov\u00e1 tri\u010dka v ruce. Pokud chcete pou\u017e\u00edt pra\u010dku, nezapome\u0148te fotbalov\u00e1 tri\u010dka obr\u00e1tit naruby a pot\u00e9 je vyprat. Pra\u010dku napl\u0148te studenou vodou a pou\u017eijte jemn\u00fd cyklus, abyste l\u00e9pe ochr\u00e1nili barvy.<\/p>","protected":false},"excerpt":{"rendered":"<p>Wie andere Trikots aus unserer Stadion-Kollektion kombiniert das FC Barcelona Trikot nachgebildete Designdetails mit schwei\u00dfableitendem Material, um dir einen spielbereiten Look zu verleihen, der von deiner Lieblingsmannschaft inspiriert wurde. Die Nike Dri-FIT-Technologie leitet Schwei\u00df f\u00fcr eine schnellere Verdunstung von deiner Haut weg und hilft dir, trocken und bequem zu bleiben. Tipps zum Drucken: Wenn der [&hellip;]<\/p>","protected":false},"featured_media":333,"comment_status":"open","ping_status":"closed","template":"","meta":[],"product_brand":[],"product_cat":[31],"product_tag":[36,20,33,21,22,23,24],"class_list":{"0":"post-275","1":"product","2":"type-product","3":"status-publish","4":"has-post-thumbnail","6":"product_cat-fc-barcelona","7":"product_tag-barcelona-auswaertstrikot","8":"product_tag-coole-fussballtrikots","9":"product_tag-fc-barcelona-trikots","10":"product_tag-fussballtrikot-fuer-herren","11":"product_tag-fussballtrikot-guenstig-kaufen","12":"product_tag-fussballtrikot-kurzarm","13":"product_tag-guenstiges-fussballtrikot","15":"first","16":"instock","17":"shipping-taxable","18":"purchasable","19":"product-type-variable"},"_links":{"self":[{"href":"https:\/\/www.billigtrikotde.com\/cs\/wp-json\/wp\/v2\/product\/275","targetHints":{"allow":["GET"]}}],"collection":[{"href":"https:\/\/www.billigtrikotde.com\/cs\/wp-json\/wp\/v2\/product"}],"about":[{"href":"https:\/\/www.billigtrikotde.com\/cs\/wp-json\/wp\/v2\/types\/product"}],"replies":[{"embeddable":true,"href":"https:\/\/www.billigtrikotde.com\/cs\/wp-json\/wp\/v2\/comments?post=275"}],"wp:featuredmedia":[{"embeddable":true,"href":"https:\/\/www.billigtrikotde.com\/cs\/wp-json\/wp\/v2\/media\/333"}],"wp:attachment":[{"href":"https:\/\/www.billigtrikotde.com\/cs\/wp-json\/wp\/v2\/media?parent=275"}],"wp:term":[{"taxonomy":"product_brand","embeddable":true,"href":"https:\/\/www.billigtrikotde.com\/cs\/wp-json\/wp\/v2\/product_brand?post=275"},{"taxonomy":"product_cat","embeddable":true,"href":"https:\/\/www.billigtrikotde.com\/cs\/wp-json\/wp\/v2\/product_cat?post=275"},{"taxonomy":"product_tag","embeddable":true,"href":"https:\/\/www.billigtrikotde.com\/cs\/wp-json\/wp\/v2\/product_tag?post=275"}],"curies":[{"name":"wp","href":"https:\/\/api.w.org\/{rel}","templated":true}]}}