{"id":2748,"date":"2024-10-23T14:30:55","date_gmt":"2024-10-23T12:30:55","guid":{"rendered":"http:\/\/billigtrikots.com\/?post_type=product&#038;p=2748"},"modified":"2024-10-23T14:33:03","modified_gmt":"2024-10-23T12:33:03","slug":"tschechien-heimtrikot-em-2022-herren-rot-mit-aufdruck-pavlenka-23","status":"publish","type":"product","link":"https:\/\/www.billigtrikotde.com\/cs\/tschechien-heimtrikot-em-2022-herren-rot-mit-aufdruck-pavlenka-23\/","title":{"rendered":"\u010cesk\u00e1 republika dom\u00e1c\u00ed tri\u010dko Euro 2022 p\u00e1nsk\u00e9 \u010derven\u00e9 s potiskem PAVLENKA 23"},"content":{"rendered":"<p>Uk\u00e1\u017e svou p\u0159\u00edslu\u0161nost ke sv\u00e9mu t\u00fdmu prost\u0159ednictv\u00edm modelu v \u010derven\u00e9 barv\u011b. Zna\u010dka PUMA uv\u00e1d\u00ed na trh skv\u011bl\u00fd produkt s n\u00e1zvem sportovn\u00ed tri\u010dko. Miluj sv\u016fj t\u00fdm \u2013 s dom\u00e1c\u00edm sportovn\u00edm tri\u010dkem, kter\u00e9 nos\u00ed dokonce i hr\u00e1\u010di na Mistrovstv\u00ed Evropy, ukazuje\u0161, za koho ti srdce bije. Je prody\u0161n\u00e9, pohodln\u00e9 a lehk\u00e9. Nav\u00edc ti nab\u00edz\u00ed vysokou odolnost. S t\u00edmto sportovn\u00edm tri\u010dkem m\u016f\u017ee\u0161 b\u00fdt je\u0161t\u011b v\u00fdkonn\u011bj\u0161\u00ed a p\u0159ipravit se na dal\u0161\u00ed z\u00e1pas.<\/p>\n<p>Tipy pro tisk: Pokud jsou jm\u00e9no a \u010d\u00edslo na obr\u00e1zku p\u0159esn\u011b takov\u00e9, jak\u00e9 chcete, nemus\u00edte je zad\u00e1vat znovu. Pokud tomu tak nen\u00ed, m\u011bli byste zadat po\u017eadovan\u00e9 jm\u00e9no a \u010d\u00edslo.<\/p>\n<p>Tipy pro pran\u00ed: Doporu\u010dujeme pr\u00e1t fotbalov\u00e1 tri\u010dka v ruce. Pokud chcete pou\u017e\u00edt pra\u010dku, nezapome\u0148te fotbalov\u00e1 tri\u010dka obr\u00e1tit naruby a pot\u00e9 je vyprat. Pra\u010dku napl\u0148te studenou vodou a pou\u017eijte jemn\u00fd cyklus, abyste l\u00e9pe ochr\u00e1nili barvy.<\/p>","protected":false},"excerpt":{"rendered":"<p>Zeige deine Zugeh\u00f6rigkeit zu deinem Team durch das Modell in Rot. Die Marke PUMA bringt mit dem Sportshirt ein wunderbares Produkt auf den Markt. Liebe deine Mannschaft \u2013 mit dem Heim-Sportshirt, das sogar von den Spielern bei der Europameisterschaft getragen wird, zeigst du, f\u00fcr wen dein Herz schl\u00e4gt. Es ist atmungsaktiv, bequem und leicht. Au\u00dferdem [&hellip;]<\/p>","protected":false},"featured_media":2791,"comment_status":"open","ping_status":"closed","template":"","meta":[],"product_brand":[],"product_cat":[122],"product_tag":[20,21,22,23,24,123,124],"class_list":{"0":"post-2748","1":"product","2":"type-product","3":"status-publish","4":"has-post-thumbnail","6":"product_cat-tschechien-trikots","7":"product_tag-coole-fussballtrikots","8":"product_tag-fussballtrikot-fuer-herren","9":"product_tag-fussballtrikot-guenstig-kaufen","10":"product_tag-fussballtrikot-kurzarm","11":"product_tag-guenstiges-fussballtrikot","12":"product_tag-tschechien-heimtrikot","13":"product_tag-tschechien-trikots","15":"first","16":"instock","17":"shipping-taxable","18":"purchasable","19":"product-type-variable"},"_links":{"self":[{"href":"https:\/\/www.billigtrikotde.com\/cs\/wp-json\/wp\/v2\/product\/2748","targetHints":{"allow":["GET"]}}],"collection":[{"href":"https:\/\/www.billigtrikotde.com\/cs\/wp-json\/wp\/v2\/product"}],"about":[{"href":"https:\/\/www.billigtrikotde.com\/cs\/wp-json\/wp\/v2\/types\/product"}],"replies":[{"embeddable":true,"href":"https:\/\/www.billigtrikotde.com\/cs\/wp-json\/wp\/v2\/comments?post=2748"}],"wp:featuredmedia":[{"embeddable":true,"href":"https:\/\/www.billigtrikotde.com\/cs\/wp-json\/wp\/v2\/media\/2791"}],"wp:attachment":[{"href":"https:\/\/www.billigtrikotde.com\/cs\/wp-json\/wp\/v2\/media?parent=2748"}],"wp:term":[{"taxonomy":"product_brand","embeddable":true,"href":"https:\/\/www.billigtrikotde.com\/cs\/wp-json\/wp\/v2\/product_brand?post=2748"},{"taxonomy":"product_cat","embeddable":true,"href":"https:\/\/www.billigtrikotde.com\/cs\/wp-json\/wp\/v2\/product_cat?post=2748"},{"taxonomy":"product_tag","embeddable":true,"href":"https:\/\/www.billigtrikotde.com\/cs\/wp-json\/wp\/v2\/product_tag?post=2748"}],"curies":[{"name":"wp","href":"https:\/\/api.w.org\/{rel}","templated":true}]}}