{"id":2726,"date":"2024-10-23T14:29:51","date_gmt":"2024-10-23T12:29:51","guid":{"rendered":"http:\/\/billigtrikots.com\/?post_type=product&#038;p=2726"},"modified":"2024-10-23T14:31:57","modified_gmt":"2024-10-23T12:31:57","slug":"personalisierbar-herren-kurzarm-t-shirt-frankreich-trikot-home-em-2022-blau","status":"publish","type":"product","link":"https:\/\/www.billigtrikotde.com\/cs\/personalisierbar-herren-kurzarm-t-shirt-frankreich-trikot-home-em-2022-blau\/","title":{"rendered":"P\u0159izp\u016fsobiteln\u00e9 p\u00e1nsk\u00e9 tri\u010dko s kr\u00e1tk\u00fdm ruk\u00e1vem France Shirt Home EM 2022 Blue"},"content":{"rendered":"<p>Podpo\u0159te sv\u016fj t\u00fdm jako 12. hr\u00e1\u010d s t\u00edmto modr\u00fdm modelem odv\u00e1d\u011bj\u00edc\u00edm pot. Sportovn\u00ed tri\u010dko Nike zajist\u00ed opravdov\u00e9 nad\u0161en\u00ed. Dom\u00e1c\u00ed sportovn\u00ed tri\u010dko, kter\u00e9 hr\u00e1\u010di nos\u00ed na Mistrovstv\u00ed Evropy, zajist\u00ed absolutn\u00ed nad\u0161en\u00ed pro opravdov\u00e9 fanou\u0161ky Anglie. Tento model odv\u00e1d\u011bj\u00edc\u00ed pot, prody\u0161n\u00fd a lehk\u00fd, p\u0159esv\u011bd\u010d\u00ed na cel\u00e9 \u010d\u00e1\u0159e. Tento dres byl stvo\u0159en, aby zv\u00fd\u0161il va\u0161i v\u00fdkonnost o \u00farove\u0148 v\u00fd\u0161. Skv\u011bl\u00fd vzhled sportovn\u00edho tri\u010dka podtrhuje logo svazu na hrudi.<\/p>\n<p>Tipy pro tisk: Pokud jsou jm\u00e9no a \u010d\u00edslo na obr\u00e1zku p\u0159esn\u011b takov\u00e9, jak\u00e9 chcete, nemus\u00edte je zad\u00e1vat znovu. Pokud tomu tak nen\u00ed, m\u011bli byste zadat po\u017eadovan\u00e9 jm\u00e9no a \u010d\u00edslo.<\/p>\n<p>Tipy pro pran\u00ed: Doporu\u010dujeme pr\u00e1t fotbalov\u00e1 tri\u010dka v ruce. Pokud chcete pou\u017e\u00edt pra\u010dku, nezapome\u0148te fotbalov\u00e1 tri\u010dka obr\u00e1tit naruby a pot\u00e9 je vyprat. Pra\u010dku napl\u0148te studenou vodou a pou\u017eijte jemn\u00fd cyklus, abyste l\u00e9pe ochr\u00e1nili barvy.<\/p>","protected":false},"excerpt":{"rendered":"<p>Unterst\u00fctze dein Team als 12. Mann mit dem schwei\u00dfableitenden Modell in Blau. Das Nike Sportshirt sorgt f\u00fcr wahrhaftige Begeisterung. Das Heim-Sportshirt, wie es die Spieler bei der Europameisterschaft tragen, sorgt bei echten England-Anh\u00e4ngern f\u00fcr absolute Begeisterung. Das schwei\u00dfableitende, atmungsaktive und leichte Modell \u00fcberzeugt auf ganzer Linie. Dieses Trikot wurde geschaffen, um deine Leistung um ein [&hellip;]<\/p>","protected":false},"featured_media":2767,"comment_status":"open","ping_status":"closed","template":"","meta":[],"product_brand":[],"product_cat":[117],"product_tag":[120,20,121,119,21,22,23,24],"class_list":{"0":"post-2726","1":"product","2":"type-product","3":"status-publish","4":"has-post-thumbnail","6":"product_cat-frankreich-trikots","7":"product_tag-belgien-trikots","8":"product_tag-coole-fussballtrikots","9":"product_tag-frankreich-heimtrikot","10":"product_tag-frankreich-trikots","11":"product_tag-fussballtrikot-fuer-herren","12":"product_tag-fussballtrikot-guenstig-kaufen","13":"product_tag-fussballtrikot-kurzarm","14":"product_tag-guenstiges-fussballtrikot","16":"first","17":"instock","18":"shipping-taxable","19":"purchasable","20":"product-type-variable"},"_links":{"self":[{"href":"https:\/\/www.billigtrikotde.com\/cs\/wp-json\/wp\/v2\/product\/2726","targetHints":{"allow":["GET"]}}],"collection":[{"href":"https:\/\/www.billigtrikotde.com\/cs\/wp-json\/wp\/v2\/product"}],"about":[{"href":"https:\/\/www.billigtrikotde.com\/cs\/wp-json\/wp\/v2\/types\/product"}],"replies":[{"embeddable":true,"href":"https:\/\/www.billigtrikotde.com\/cs\/wp-json\/wp\/v2\/comments?post=2726"}],"wp:featuredmedia":[{"embeddable":true,"href":"https:\/\/www.billigtrikotde.com\/cs\/wp-json\/wp\/v2\/media\/2767"}],"wp:attachment":[{"href":"https:\/\/www.billigtrikotde.com\/cs\/wp-json\/wp\/v2\/media?parent=2726"}],"wp:term":[{"taxonomy":"product_brand","embeddable":true,"href":"https:\/\/www.billigtrikotde.com\/cs\/wp-json\/wp\/v2\/product_brand?post=2726"},{"taxonomy":"product_cat","embeddable":true,"href":"https:\/\/www.billigtrikotde.com\/cs\/wp-json\/wp\/v2\/product_cat?post=2726"},{"taxonomy":"product_tag","embeddable":true,"href":"https:\/\/www.billigtrikotde.com\/cs\/wp-json\/wp\/v2\/product_tag?post=2726"}],"curies":[{"name":"wp","href":"https:\/\/api.w.org\/{rel}","templated":true}]}}