{"id":2724,"date":"2024-10-23T14:29:49","date_gmt":"2024-10-23T12:29:49","guid":{"rendered":"http:\/\/billigtrikots.com\/?post_type=product&#038;p=2724"},"modified":"2024-10-23T14:31:57","modified_gmt":"2024-10-23T12:31:57","slug":"personalisierbar-trikots-nationalteams-frankreich-trikot-away-em-2022-weiss-dunkelblau","status":"publish","type":"product","link":"https:\/\/www.billigtrikotde.com\/cs\/personalisierbar-trikots-nationalteams-frankreich-trikot-away-em-2022-weiss-dunkelblau\/","title":{"rendered":"P\u0159izp\u016fsobiteln\u00e9 dresy n\u00e1rodn\u00edho t\u00fdmu Francie Euro 2022 b\u00edl\u00e1 \/ tmav\u011b modr\u00e1"},"content":{"rendered":"<p>S ofici\u00e1ln\u00edm franouzsk\u00fdm venkovn\u00edm reprezenta\u010dn\u00edm trikem pro mu\u017ee vyjad\u0159uje\u0161 barvu a podporuje\u0161 sv\u016fj t\u00fdm na EURO 2021. Materi\u00e1l Nike Breathe s technologi\u00ed Dri-FIT nab\u00edz\u00ed p\u0159\u00edjemn\u011b such\u00fd pocit p\u0159i no\u0161en\u00ed, a\u0165 u\u017e na h\u0159i\u0161ti nebo p\u0159i v\u00fdsk\u00e1n\u00ed z tribuny. Autentick\u00e9 detaily, jako vy\u0161it\u00fd klubov\u00fd znak na hrudi, nenechaj\u00ed nikoho pochybit, koho povzbuzuje\u0161 na evropsk\u00e9m \u0161ampion\u00e1tu<\/p>\n<p>Tipy pro tisk: Pokud jsou jm\u00e9no a \u010d\u00edslo na obr\u00e1zku p\u0159esn\u011b takov\u00e9, jak\u00e9 chcete, nemus\u00edte je zad\u00e1vat znovu. Pokud tomu tak nen\u00ed, m\u011bli byste zadat po\u017eadovan\u00e9 jm\u00e9no a \u010d\u00edslo.<\/p>\n<p>Tipy pro pran\u00ed: Doporu\u010dujeme pr\u00e1t fotbalov\u00e1 tri\u010dka v ruce. Pokud chcete pou\u017e\u00edt pra\u010dku, nezapome\u0148te fotbalov\u00e1 tri\u010dka obr\u00e1tit naruby a pot\u00e9 je vyprat. Pra\u010dku napl\u0148te studenou vodou a pou\u017eijte jemn\u00fd cyklus, abyste l\u00e9pe ochr\u00e1nili barvy.<\/p>","protected":false},"excerpt":{"rendered":"<p>Mit dem offiziellen Frankreich Ausw\u00e4rtstrikot f\u00fcr Herren bekennst du Farbe und unterst\u00fctzt dein Team bei der EM 2021. Das Nike Breathe-Material mit Dri-FIT-Technologie bietet ein angenehm trockenes Tragegef\u00fchl, ganz egal ob auf dem Platz oder beim Jubeln von der Trib\u00fcne aus. Authentische Details wie das aufgestickte Verbandswappen auf der Brust lassen keine Zweifel offen, wen [&hellip;]<\/p>","protected":false},"featured_media":2765,"comment_status":"open","ping_status":"closed","template":"","meta":[],"product_brand":[],"product_cat":[117],"product_tag":[20,118,119,21,22,23,24],"class_list":{"0":"post-2724","1":"product","2":"type-product","3":"status-publish","4":"has-post-thumbnail","6":"product_cat-frankreich-trikots","7":"product_tag-coole-fussballtrikots","8":"product_tag-frankreich-auswaertstrikot","9":"product_tag-frankreich-trikots","10":"product_tag-fussballtrikot-fuer-herren","11":"product_tag-fussballtrikot-guenstig-kaufen","12":"product_tag-fussballtrikot-kurzarm","13":"product_tag-guenstiges-fussballtrikot","15":"first","16":"instock","17":"shipping-taxable","18":"purchasable","19":"product-type-variable"},"_links":{"self":[{"href":"https:\/\/www.billigtrikotde.com\/cs\/wp-json\/wp\/v2\/product\/2724","targetHints":{"allow":["GET"]}}],"collection":[{"href":"https:\/\/www.billigtrikotde.com\/cs\/wp-json\/wp\/v2\/product"}],"about":[{"href":"https:\/\/www.billigtrikotde.com\/cs\/wp-json\/wp\/v2\/types\/product"}],"replies":[{"embeddable":true,"href":"https:\/\/www.billigtrikotde.com\/cs\/wp-json\/wp\/v2\/comments?post=2724"}],"wp:featuredmedia":[{"embeddable":true,"href":"https:\/\/www.billigtrikotde.com\/cs\/wp-json\/wp\/v2\/media\/2765"}],"wp:attachment":[{"href":"https:\/\/www.billigtrikotde.com\/cs\/wp-json\/wp\/v2\/media?parent=2724"}],"wp:term":[{"taxonomy":"product_brand","embeddable":true,"href":"https:\/\/www.billigtrikotde.com\/cs\/wp-json\/wp\/v2\/product_brand?post=2724"},{"taxonomy":"product_cat","embeddable":true,"href":"https:\/\/www.billigtrikotde.com\/cs\/wp-json\/wp\/v2\/product_cat?post=2724"},{"taxonomy":"product_tag","embeddable":true,"href":"https:\/\/www.billigtrikotde.com\/cs\/wp-json\/wp\/v2\/product_tag?post=2724"}],"curies":[{"name":"wp","href":"https:\/\/api.w.org\/{rel}","templated":true}]}}