{"id":2716,"date":"2024-10-23T14:29:21","date_gmt":"2024-10-23T12:29:21","guid":{"rendered":"http:\/\/billigtrikots.com\/?post_type=product&#038;p=2716"},"modified":"2024-10-23T14:31:23","modified_gmt":"2024-10-23T12:31:23","slug":"frankreich-auswaertstrikot-em-2022-weiss-dunkelblau-mit-aufdruck-martial-19","status":"publish","type":"product","link":"https:\/\/www.billigtrikotde.com\/cs\/frankreich-auswaertstrikot-em-2022-weiss-dunkelblau-mit-aufdruck-martial-19\/","title":{"rendered":"V\u00fdjezdn\u00ed souprava Francie EM 2022 b\u00edl\u00e1 tmav\u011b modr\u00e1 s potiskem MARTIAL 19"},"content":{"rendered":"<p>Reprezentuj sv\u016fj t\u00fdm v NIKE \u010cesk\u00e9 republika Breathe Stadium venkovn\u00edm dresu. Velmi prody\u0161n\u00fd materi\u00e1l odv\u00e1d\u00ed pot od poko\u017eky a zaji\u0161\u0165uje tak chladiv\u00fd komfort p\u0159i no\u0161en\u00ed na h\u0159i\u0161ti nebo na tribun\u011b. Materi\u00e1l NIKE Breathe zaji\u0161\u0165uje such\u00fd a p\u0159\u00edjemn\u011b chladiv\u00fd pocit p\u0159i no\u0161en\u00ed. S autentick\u00fdm designem z\u00edsk\u00e1\u0161 vzhled, kter\u00fd maj\u00ed i profesion\u00e1lov\u00e9 na h\u0159i\u0161ti.<\/p>\n<p>Tipy pro tisk: Pokud jsou jm\u00e9no a \u010d\u00edslo na obr\u00e1zku p\u0159esn\u011b takov\u00e9, jak\u00e9 chcete, nemus\u00edte je zad\u00e1vat znovu. Pokud tomu tak nen\u00ed, m\u011bli byste zadat po\u017eadovan\u00e9 jm\u00e9no a \u010d\u00edslo.<\/p>\n<p>Tipy pro pran\u00ed: Doporu\u010dujeme pr\u00e1t fotbalov\u00e1 tri\u010dka v ruce. Pokud chcete pou\u017e\u00edt pra\u010dku, nezapome\u0148te fotbalov\u00e1 tri\u010dka obr\u00e1tit naruby a pot\u00e9 je vyprat. Pra\u010dku napl\u0148te studenou vodou a pou\u017eijte jemn\u00fd cyklus, abyste l\u00e9pe ochr\u00e1nili barvy.<\/p>","protected":false},"excerpt":{"rendered":"<p>Reprezentuj sv\u016fj t\u00fdm v NIKE \u010cesk\u00e9 republika Breathe Stadium venkovn\u00edm dresu. Velmi prody\u0161n\u00fd materi\u00e1l odv\u00e1d\u00ed pot od poko\u017eky a zaji\u0161\u0165uje tak chladiv\u00fd komfort p\u0159i no\u0161en\u00ed na h\u0159i\u0161ti nebo na tribun\u011b. Materi\u00e1l NIKE Breathe zaji\u0161\u0165uje such\u00fd a p\u0159\u00edjemn\u011b chladiv\u00fd pocit p\u0159i no\u0161en\u00ed. S autentick\u00fdm designem z\u00edsk\u00e1\u0161 vzhled, kter\u00fd maj\u00ed i profesion\u00e1lov\u00e9 na h\u0159i\u0161ti.<\/p>","protected":false},"featured_media":2755,"comment_status":"open","ping_status":"closed","template":"","meta":[],"product_brand":[],"product_cat":[117],"product_tag":[20,118,119,21,22,23,24],"class_list":{"0":"post-2716","1":"product","2":"type-product","3":"status-publish","4":"has-post-thumbnail","6":"product_cat-frankreich-trikots","7":"product_tag-coole-fussballtrikots","8":"product_tag-frankreich-auswaertstrikot","9":"product_tag-frankreich-trikots","10":"product_tag-fussballtrikot-fuer-herren","11":"product_tag-fussballtrikot-guenstig-kaufen","12":"product_tag-fussballtrikot-kurzarm","13":"product_tag-guenstiges-fussballtrikot","15":"first","16":"instock","17":"shipping-taxable","18":"purchasable","19":"product-type-variable"},"_links":{"self":[{"href":"https:\/\/www.billigtrikotde.com\/cs\/wp-json\/wp\/v2\/product\/2716","targetHints":{"allow":["GET"]}}],"collection":[{"href":"https:\/\/www.billigtrikotde.com\/cs\/wp-json\/wp\/v2\/product"}],"about":[{"href":"https:\/\/www.billigtrikotde.com\/cs\/wp-json\/wp\/v2\/types\/product"}],"replies":[{"embeddable":true,"href":"https:\/\/www.billigtrikotde.com\/cs\/wp-json\/wp\/v2\/comments?post=2716"}],"wp:featuredmedia":[{"embeddable":true,"href":"https:\/\/www.billigtrikotde.com\/cs\/wp-json\/wp\/v2\/media\/2755"}],"wp:attachment":[{"href":"https:\/\/www.billigtrikotde.com\/cs\/wp-json\/wp\/v2\/media?parent=2716"}],"wp:term":[{"taxonomy":"product_brand","embeddable":true,"href":"https:\/\/www.billigtrikotde.com\/cs\/wp-json\/wp\/v2\/product_brand?post=2716"},{"taxonomy":"product_cat","embeddable":true,"href":"https:\/\/www.billigtrikotde.com\/cs\/wp-json\/wp\/v2\/product_cat?post=2716"},{"taxonomy":"product_tag","embeddable":true,"href":"https:\/\/www.billigtrikotde.com\/cs\/wp-json\/wp\/v2\/product_tag?post=2716"}],"curies":[{"name":"wp","href":"https:\/\/api.w.org\/{rel}","templated":true}]}}