{"id":2557,"date":"2024-10-23T14:22:10","date_gmt":"2024-10-23T12:22:10","guid":{"rendered":"http:\/\/billigtrikots.com\/?post_type=product&#038;p=2557"},"modified":"2024-10-23T14:24:18","modified_gmt":"2024-10-23T12:24:18","slug":"kindertrikot-borussia-dortmund-heimtrikot-in-gelbe-2022-trikotsatz","status":"publish","type":"product","link":"https:\/\/www.billigtrikotde.com\/cs\/kindertrikot-borussia-dortmund-heimtrikot-in-gelbe-2022-trikotsatz\/","title":{"rendered":"D\u011btsk\u00fd dres Borussia Dortmund dom\u00e1c\u00ed dres ve \u017elut\u00e9 barv\u011b 2022 kit"},"content":{"rendered":"<p>Dom\u00e1c\u00ed dres pro sez\u00f3nu 2022 v d\u011btsk\u00e9 verzi. D\u00edky n\u011bmu mohou mal\u00ed Borussijci projevit l\u00e1sku ke sv\u00e9mu klubu a m\u00edt BVB st\u00e1le u sebe, a\u0165 u\u017e jsou kdekoli. D\u00edky sv\u011b\u017e\u00edmu vzhledu s pruhovan\u00fdmi ruk\u00e1vy a \u010dernou oblast\u00ed u krku vypad\u00e1 dres sportovn\u011b i v d\u011btsk\u00fdch velikostech.<\/p>\n<p>Na dresu m\u016f\u017ee b\u00fdt na z\u00e1dech obl\u00edben\u00fd hr\u00e1\u010d BVB, EMMA nebo va\u0161e vlastn\u00ed jm\u00e9no.<\/p>\n<p>Vezm\u011bte pros\u00edm na v\u011bdom\u00ed, \u017ee dresy, kter\u00e9 jsou jednotliv\u011b flockov\u00e1ny, nelze vym\u011bnit. Tot\u00e9\u017e plat\u00ed pro zm\u011bny hr\u00e1\u010d\u016f, jmen a \u010d\u00edsel. Krom\u011b toho m\u016f\u017ee b\u00fdt dodac\u00ed lh\u016fta u flockovan\u00fdch dres\u016f o n\u011bco del\u0161\u00ed.<\/p>\n<p>N\u00e1pisy Dortmund jsou na dresech p\u0159edti\u0161t\u011bny.<\/p>\n<p>Tipy pro tisk: Pokud jsou jm\u00e9no a \u010d\u00edslo na obr\u00e1zku p\u0159esn\u011b takov\u00e9, jak\u00e9 chcete, nemus\u00edte je zad\u00e1vat znovu. Pokud tomu tak nen\u00ed, m\u011bli byste zadat po\u017eadovan\u00e9 jm\u00e9no a \u010d\u00edslo.<\/p>\n<p>Tipy pro pran\u00ed: Doporu\u010dujeme pr\u00e1t fotbalov\u00e1 tri\u010dka v ruce. Pokud chcete pou\u017e\u00edt pra\u010dku, nezapome\u0148te fotbalov\u00e1 tri\u010dka obr\u00e1tit naruby a pot\u00e9 je vyprat. Pra\u010dku napl\u0148te studenou vodou a pou\u017eijte jemn\u00fd cyklus, abyste l\u00e9pe ochr\u00e1nili barvy.<\/p>","protected":false},"excerpt":{"rendered":"<p>Dom\u00e1c\u00ed dres pro sez\u00f3nu 2022 v d\u011btsk\u00e9 verzi. D\u00edky n\u011bmu mohou mal\u00ed Borussijci projevit l\u00e1sku ke sv\u00e9mu klubu a m\u00edt BVB st\u00e1le u sebe, a\u0165 u\u017e jsou kdekoli. D\u00edky sv\u011b\u017e\u00edmu vzhledu s pruhovan\u00fdmi ruk\u00e1vy a \u010dernou oblast\u00ed u krku vypad\u00e1 dres sportovn\u011b i v d\u011btsk\u00fdch velikostech.<\/p>","protected":false},"featured_media":2598,"comment_status":"open","ping_status":"closed","template":"","meta":[],"product_brand":[],"product_cat":[108],"product_tag":[20,110,65,109,66,94],"class_list":{"0":"post-2557","1":"product","2":"type-product","3":"status-publish","4":"has-post-thumbnail","6":"product_cat-borussia-dortmund-kindertrikot","7":"product_tag-coole-fussballtrikots","8":"product_tag-borussia-dortmund-heimtrikot","9":"product_tag-borussia-dortmund-trikots","10":"product_tag-borussia-dortmund-trikotsatz-fuer-kinder","11":"product_tag-bvb-trikots","12":"product_tag-kinder-fussball-trikotsatz","14":"first","15":"instock","16":"shipping-taxable","17":"purchasable","18":"product-type-variable"},"_links":{"self":[{"href":"https:\/\/www.billigtrikotde.com\/cs\/wp-json\/wp\/v2\/product\/2557","targetHints":{"allow":["GET"]}}],"collection":[{"href":"https:\/\/www.billigtrikotde.com\/cs\/wp-json\/wp\/v2\/product"}],"about":[{"href":"https:\/\/www.billigtrikotde.com\/cs\/wp-json\/wp\/v2\/types\/product"}],"replies":[{"embeddable":true,"href":"https:\/\/www.billigtrikotde.com\/cs\/wp-json\/wp\/v2\/comments?post=2557"}],"wp:featuredmedia":[{"embeddable":true,"href":"https:\/\/www.billigtrikotde.com\/cs\/wp-json\/wp\/v2\/media\/2598"}],"wp:attachment":[{"href":"https:\/\/www.billigtrikotde.com\/cs\/wp-json\/wp\/v2\/media?parent=2557"}],"wp:term":[{"taxonomy":"product_brand","embeddable":true,"href":"https:\/\/www.billigtrikotde.com\/cs\/wp-json\/wp\/v2\/product_brand?post=2557"},{"taxonomy":"product_cat","embeddable":true,"href":"https:\/\/www.billigtrikotde.com\/cs\/wp-json\/wp\/v2\/product_cat?post=2557"},{"taxonomy":"product_tag","embeddable":true,"href":"https:\/\/www.billigtrikotde.com\/cs\/wp-json\/wp\/v2\/product_tag?post=2557"}],"curies":[{"name":"wp","href":"https:\/\/api.w.org\/{rel}","templated":true}]}}