{"id":2546,"date":"2024-10-23T14:21:35","date_gmt":"2024-10-23T12:21:35","guid":{"rendered":"http:\/\/billigtrikots.com\/?post_type=product&#038;p=2546"},"modified":"2024-10-23T14:23:46","modified_gmt":"2024-10-23T12:23:46","slug":"bvb-borussia-dortmund-heimtrikot-in-gelbe-2022-fuer-kinder-mit-aufdruck-reus-11","status":"publish","type":"product","link":"https:\/\/www.billigtrikotde.com\/cs\/bvb-borussia-dortmund-heimtrikot-in-gelbe-2022-fuer-kinder-mit-aufdruck-reus-11\/","title":{"rendered":"BVB Borussia Dortmund dom\u00e1c\u00ed dres ve \u017elut\u00e9 barv\u011b 2022 pro d\u011bti s potiskem Reus 11"},"content":{"rendered":"<p>D\u011btsk\u00e9 dresy v designu BVB<br \/>\nDres obl\u00edben\u00e9ho fotbalov\u00e9ho klubu je snem ka\u017ed\u00e9ho mal\u00e9ho budouc\u00edho hv\u011bzdy. Pokud je va\u0161e d\u00edt\u011b velk\u00fdm fanou\u0161kem BVB, zde najdete \u0161irok\u00fd v\u00fdb\u011br dres\u016f, kter\u00e9 ho nebo ji obl\u00e9knou do \u017elut\u00e9 a \u010dern\u00e9. Dresy najdete zde v mnoha r\u016fzn\u00fdch proveden\u00edch. A\u0165 u\u017e si vyberete jak\u00fdkoli, obdr\u017e\u00edte vr\u0161ek, kter\u00fd se vyzna\u010duje n\u00e1sleduj\u00edc\u00edmi atributy:<\/p>\n<p>Vysoce kvalitn\u00ed zpracov\u00e1n\u00ed<br \/>\nStabilita<br \/>\nAutenti\u010dnost<br \/>\nDobr\u00e1 kvalita materi\u00e1lu<br \/>\nP\u0159ekvapte sv\u00e9 d\u00edt\u011b skv\u011bl\u00fdm dresem, proto\u017ee v barv\u00e1ch obl\u00edben\u00e9ho t\u00fdmu je radost ze hry dvojn\u00e1sobn\u00e1. No\u0161en\u00ed dresu je v\u0161ak vhodn\u00e9 i p\u0159i mnoha jin\u00fdch p\u0159\u00edle\u017eitostech. Zejm\u00e9na d\u011bti, kter\u00e9 obvykle nejsou v\u00e1z\u00e1ny dress codem, r\u00e1dy nos\u00ed tri\u010dka sv\u00e9ho t\u00fdmu i v b\u011b\u017en\u00e9m \u017eivot\u011b. R\u00e1dy je nos\u00ed ve \u0161kole i ve voln\u00e9m \u010dase. A pokud maj\u00ed \u0161t\u011bst\u00ed a za\u017eij\u00ed sv\u016fj t\u00fdm na\u017eivo v stadionu, je dres samoz\u0159ejm\u011b v\u017edy prvn\u00ed volbou.<\/p>\n<p>Tipy pro tisk: Pokud jsou jm\u00e9no a \u010d\u00edslo na obr\u00e1zku p\u0159esn\u011b takov\u00e9, jak\u00e9 chcete, nemus\u00edte je zad\u00e1vat znovu. Pokud tomu tak nen\u00ed, m\u011bli byste zadat po\u017eadovan\u00e9 jm\u00e9no a \u010d\u00edslo.<\/p>\n<p>Tipy pro pran\u00ed: Doporu\u010dujeme pr\u00e1t fotbalov\u00e1 tri\u010dka v ruce. Pokud chcete pou\u017e\u00edt pra\u010dku, nezapome\u0148te fotbalov\u00e1 tri\u010dka obr\u00e1tit naruby a pot\u00e9 je vyprat. Pra\u010dku napl\u0148te studenou vodou a pou\u017eijte jemn\u00fd cyklus, abyste l\u00e9pe ochr\u00e1nili barvy.<\/p>","protected":false},"excerpt":{"rendered":"<p>Kindertrikots im BVB-Design Ein Trikot des Lieblingsfu\u00dfballvereins ist ein Traum f\u00fcr jeden kleinen Nachwuchsstar. Wenn dein Kind ein gro\u00dfer BVB-Fan ist, findest du hier eine gro\u00dfe Auswahl an Trikots, um sie oder ihn in Gelb und Schwarz zu h\u00fcllen. Die Trikots findest du hier in vielen verschiedenen Ausf\u00fchrungen. Egal f\u00fcr welches du dich entscheidest, du [&hellip;]<\/p>","protected":false},"featured_media":2587,"comment_status":"open","ping_status":"closed","template":"","meta":[],"product_brand":[],"product_cat":[108],"product_tag":[20,110,65,109,66,94],"class_list":{"0":"post-2546","1":"product","2":"type-product","3":"status-publish","4":"has-post-thumbnail","6":"product_cat-borussia-dortmund-kindertrikot","7":"product_tag-coole-fussballtrikots","8":"product_tag-borussia-dortmund-heimtrikot","9":"product_tag-borussia-dortmund-trikots","10":"product_tag-borussia-dortmund-trikotsatz-fuer-kinder","11":"product_tag-bvb-trikots","12":"product_tag-kinder-fussball-trikotsatz","14":"first","15":"instock","16":"shipping-taxable","17":"purchasable","18":"product-type-variable"},"_links":{"self":[{"href":"https:\/\/www.billigtrikotde.com\/cs\/wp-json\/wp\/v2\/product\/2546","targetHints":{"allow":["GET"]}}],"collection":[{"href":"https:\/\/www.billigtrikotde.com\/cs\/wp-json\/wp\/v2\/product"}],"about":[{"href":"https:\/\/www.billigtrikotde.com\/cs\/wp-json\/wp\/v2\/types\/product"}],"replies":[{"embeddable":true,"href":"https:\/\/www.billigtrikotde.com\/cs\/wp-json\/wp\/v2\/comments?post=2546"}],"wp:featuredmedia":[{"embeddable":true,"href":"https:\/\/www.billigtrikotde.com\/cs\/wp-json\/wp\/v2\/media\/2587"}],"wp:attachment":[{"href":"https:\/\/www.billigtrikotde.com\/cs\/wp-json\/wp\/v2\/media?parent=2546"}],"wp:term":[{"taxonomy":"product_brand","embeddable":true,"href":"https:\/\/www.billigtrikotde.com\/cs\/wp-json\/wp\/v2\/product_brand?post=2546"},{"taxonomy":"product_cat","embeddable":true,"href":"https:\/\/www.billigtrikotde.com\/cs\/wp-json\/wp\/v2\/product_cat?post=2546"},{"taxonomy":"product_tag","embeddable":true,"href":"https:\/\/www.billigtrikotde.com\/cs\/wp-json\/wp\/v2\/product_tag?post=2546"}],"curies":[{"name":"wp","href":"https:\/\/api.w.org\/{rel}","templated":true}]}}