{"id":2544,"date":"2024-10-23T14:21:33","date_gmt":"2024-10-23T12:21:33","guid":{"rendered":"http:\/\/billigtrikots.com\/?post_type=product&#038;p=2544"},"modified":"2024-10-23T14:23:45","modified_gmt":"2024-10-23T12:23:45","slug":"bvb-borussia-dortmund-heimtrikot-in-gelb-2022-fuer-kinder-mit-aufdruck-hazard-10","status":"publish","type":"product","link":"https:\/\/www.billigtrikotde.com\/cs\/bvb-borussia-dortmund-heimtrikot-in-gelb-2022-fuer-kinder-mit-aufdruck-hazard-10\/","title":{"rendered":"BVB Borussia Dortmund dom\u00e1c\u00ed dres ve \u017elut\u00e9 barv\u011b 2022 pro d\u011bti s potiskem Hazard 10"},"content":{"rendered":"<p>Tento d\u011btsk\u00fd dres nech\u00e1 va\u0161eho mlad\u00e9ho hr\u00e1\u010de vypadat jako profesion\u00e1l. Tento tri\u010dko s kulat\u00fdm v\u00fdst\u0159ihem, ragl\u00e1nov\u00fdmi ruk\u00e1vy s vlo\u017ekou z mesh a integrovan\u00fdm elastick\u00fdm pasem je stejn\u011b odoln\u00e9 jako pohodln\u00e9. A d\u00edky technologii dryCELL z\u016fst\u00e1vaj\u00ed mal\u00e9 such\u00e9 a pohodln\u00e9, ani\u017e by pot zkazil n\u00e1ladu. Ofici\u00e1ln\u00ed klubov\u00e1 vlajka Borussie Dortmund zdob\u00ed horn\u00ed d\u00edl a kra\u0165asy.<\/p>\n<p>Tipy pro tisk: Pokud jsou jm\u00e9no a \u010d\u00edslo na obr\u00e1zku p\u0159esn\u011b takov\u00e9, jak\u00e9 chcete, nemus\u00edte je zad\u00e1vat znovu. Pokud tomu tak nen\u00ed, m\u011bli byste zadat po\u017eadovan\u00e9 jm\u00e9no a \u010d\u00edslo.<\/p>\n<p>Tipy pro pran\u00ed: Doporu\u010dujeme pr\u00e1t fotbalov\u00e1 tri\u010dka v ruce. Pokud chcete pou\u017e\u00edt pra\u010dku, nezapome\u0148te fotbalov\u00e1 tri\u010dka obr\u00e1tit naruby a pot\u00e9 je vyprat. Pra\u010dku napl\u0148te studenou vodou a pou\u017eijte jemn\u00fd cyklus, abyste l\u00e9pe ochr\u00e1nili barvy.<\/p>","protected":false},"excerpt":{"rendered":"<p>Tento d\u011btsk\u00fd dres nech\u00e1 va\u0161eho mlad\u00e9ho hr\u00e1\u010de vypadat jako profesion\u00e1l. Tento tri\u010dko s kulat\u00fdm v\u00fdst\u0159ihem, ragl\u00e1nov\u00fdmi ruk\u00e1vy s vlo\u017ekou z mesh a integrovan\u00fdm elastick\u00fdm pasem je stejn\u011b odoln\u00e9 jako pohodln\u00e9. A d\u00edky technologii dryCELL z\u016fst\u00e1vaj\u00ed mal\u00e9 such\u00e9 a pohodln\u00e9, ani\u017e by pot zkazil n\u00e1ladu. Ofici\u00e1ln\u00ed klubov\u00e1 vlajka Borussie Dortmund zdob\u00ed horn\u00ed d\u00edl a kra\u0165asy.<\/p>","protected":false},"featured_media":2586,"comment_status":"open","ping_status":"closed","template":"","meta":[],"product_brand":[],"product_cat":[108],"product_tag":[20,110,65,109,66,94],"class_list":{"0":"post-2544","1":"product","2":"type-product","3":"status-publish","4":"has-post-thumbnail","6":"product_cat-borussia-dortmund-kindertrikot","7":"product_tag-coole-fussballtrikots","8":"product_tag-borussia-dortmund-heimtrikot","9":"product_tag-borussia-dortmund-trikots","10":"product_tag-borussia-dortmund-trikotsatz-fuer-kinder","11":"product_tag-bvb-trikots","12":"product_tag-kinder-fussball-trikotsatz","14":"first","15":"instock","16":"shipping-taxable","17":"purchasable","18":"product-type-variable"},"_links":{"self":[{"href":"https:\/\/www.billigtrikotde.com\/cs\/wp-json\/wp\/v2\/product\/2544","targetHints":{"allow":["GET"]}}],"collection":[{"href":"https:\/\/www.billigtrikotde.com\/cs\/wp-json\/wp\/v2\/product"}],"about":[{"href":"https:\/\/www.billigtrikotde.com\/cs\/wp-json\/wp\/v2\/types\/product"}],"replies":[{"embeddable":true,"href":"https:\/\/www.billigtrikotde.com\/cs\/wp-json\/wp\/v2\/comments?post=2544"}],"wp:featuredmedia":[{"embeddable":true,"href":"https:\/\/www.billigtrikotde.com\/cs\/wp-json\/wp\/v2\/media\/2586"}],"wp:attachment":[{"href":"https:\/\/www.billigtrikotde.com\/cs\/wp-json\/wp\/v2\/media?parent=2544"}],"wp:term":[{"taxonomy":"product_brand","embeddable":true,"href":"https:\/\/www.billigtrikotde.com\/cs\/wp-json\/wp\/v2\/product_brand?post=2544"},{"taxonomy":"product_cat","embeddable":true,"href":"https:\/\/www.billigtrikotde.com\/cs\/wp-json\/wp\/v2\/product_cat?post=2544"},{"taxonomy":"product_tag","embeddable":true,"href":"https:\/\/www.billigtrikotde.com\/cs\/wp-json\/wp\/v2\/product_tag?post=2544"}],"curies":[{"name":"wp","href":"https:\/\/api.w.org\/{rel}","templated":true}]}}