{"id":2538,"date":"2024-10-23T14:21:28","date_gmt":"2024-10-23T12:21:28","guid":{"rendered":"http:\/\/billigtrikots.com\/?post_type=product&#038;p=2538"},"modified":"2024-10-23T14:23:12","modified_gmt":"2024-10-23T12:23:12","slug":"personalisierbar-borussia-dortmund-bvb-auswaertstrikot-saison-2022-fuer-kinder","status":"publish","type":"product","link":"https:\/\/www.billigtrikotde.com\/cs\/personalisierbar-borussia-dortmund-bvb-auswaertstrikot-saison-2022-fuer-kinder\/","title":{"rendered":"P\u0159izp\u016fsobiteln\u00e1 d\u011btsk\u00e1 souprava Borussia Dortmund BVB pro sez\u00f3nu 2022"},"content":{"rendered":"<p>Uka\u017e sv\u011btu, za kter\u00fd t\u00fdm tlesk\u00e1\u0161, t\u00edmto ofici\u00e1ln\u00edm replikov\u00fdm trikem Borussia Dortmund. S kultovn\u00edm logem BVB 09 na hrudi a stejn\u011b kultovn\u00edm logem PUMA Cat se toto triko c\u00edt\u00ed stejn\u011b dob\u0159e, jako vypad\u00e1. Je vyrobeno z 100 % recyklovan\u00e9ho polyesteru a m\u00e1 V-v\u00fdst\u0159ih s pro\u0161itou konstrukc\u00ed vzadu a skeletov\u00fd materi\u00e1l na p\u0159edn\u00ed stran\u011b, ragl\u00e1nov\u00e9 ruk\u00e1vy s s\u00ed\u0165ovan\u00fdmi panely na ramenou a v\u00fdrazn\u00e9 man\u017eety v kontrastn\u00edch barv\u00e1ch s lepen\u00fdmi \u0161vy na obou ruk\u00e1vech.<\/p>\n<p>Tipy pro tisk: Pokud jsou jm\u00e9no a \u010d\u00edslo na obr\u00e1zku p\u0159esn\u011b takov\u00e9, jak\u00e9 chcete, nemus\u00edte je zad\u00e1vat znovu. Pokud tomu tak nen\u00ed, m\u011bli byste zadat po\u017eadovan\u00e9 jm\u00e9no a \u010d\u00edslo.<\/p>\n<p>Tipy pro pran\u00ed: Doporu\u010dujeme pr\u00e1t fotbalov\u00e1 tri\u010dka v ruce. Pokud chcete pou\u017e\u00edt pra\u010dku, nezapome\u0148te fotbalov\u00e1 tri\u010dka obr\u00e1tit naruby a pot\u00e9 je vyprat. Pra\u010dku napl\u0148te studenou vodou a pou\u017eijte jemn\u00fd cyklus, abyste l\u00e9pe ochr\u00e1nili barvy.<\/p>","protected":false},"excerpt":{"rendered":"<p>Zeige der Welt, f\u00fcr welche Mannschaft du jubelst mit diesem offiziellen Borussia Dortmund Replica Trikot. Mit dem kultigen BVB 09 Logo auf der Brust und dem ebenso kultigen PUMA Cat Logo f\u00fchlt sich dieses Trikot genauso gut an, wie es aussieht. Es besteht aus 100 % recyceltem Polyester und hat einen V-Ausschnitt mit gerippter Konstruktion [&hellip;]<\/p>","protected":false},"featured_media":2574,"comment_status":"open","ping_status":"closed","template":"","meta":[],"product_brand":[],"product_cat":[108],"product_tag":[20,68,65,109,66,94],"class_list":{"0":"post-2538","1":"product","2":"type-product","3":"status-publish","4":"has-post-thumbnail","6":"product_cat-borussia-dortmund-kindertrikot","7":"product_tag-coole-fussballtrikots","8":"product_tag-borussia-dortmund-auswaertstrikot","9":"product_tag-borussia-dortmund-trikots","10":"product_tag-borussia-dortmund-trikotsatz-fuer-kinder","11":"product_tag-bvb-trikots","12":"product_tag-kinder-fussball-trikotsatz","14":"first","15":"instock","16":"shipping-taxable","17":"purchasable","18":"product-type-variable"},"_links":{"self":[{"href":"https:\/\/www.billigtrikotde.com\/cs\/wp-json\/wp\/v2\/product\/2538","targetHints":{"allow":["GET"]}}],"collection":[{"href":"https:\/\/www.billigtrikotde.com\/cs\/wp-json\/wp\/v2\/product"}],"about":[{"href":"https:\/\/www.billigtrikotde.com\/cs\/wp-json\/wp\/v2\/types\/product"}],"replies":[{"embeddable":true,"href":"https:\/\/www.billigtrikotde.com\/cs\/wp-json\/wp\/v2\/comments?post=2538"}],"wp:featuredmedia":[{"embeddable":true,"href":"https:\/\/www.billigtrikotde.com\/cs\/wp-json\/wp\/v2\/media\/2574"}],"wp:attachment":[{"href":"https:\/\/www.billigtrikotde.com\/cs\/wp-json\/wp\/v2\/media?parent=2538"}],"wp:term":[{"taxonomy":"product_brand","embeddable":true,"href":"https:\/\/www.billigtrikotde.com\/cs\/wp-json\/wp\/v2\/product_brand?post=2538"},{"taxonomy":"product_cat","embeddable":true,"href":"https:\/\/www.billigtrikotde.com\/cs\/wp-json\/wp\/v2\/product_cat?post=2538"},{"taxonomy":"product_tag","embeddable":true,"href":"https:\/\/www.billigtrikotde.com\/cs\/wp-json\/wp\/v2\/product_tag?post=2538"}],"curies":[{"name":"wp","href":"https:\/\/api.w.org\/{rel}","templated":true}]}}