{"id":2515,"date":"2024-10-23T14:20:21","date_gmt":"2024-10-23T12:20:21","guid":{"rendered":"http:\/\/billigtrikots.com\/?post_type=product&#038;p=2515"},"modified":"2024-10-23T14:22:36","modified_gmt":"2024-10-23T12:22:36","slug":"kinder-trikotsatz-tottenham-hotspur-trikot-home-2022-kids-weiss","status":"publish","type":"product","link":"https:\/\/www.billigtrikotde.com\/cs\/kinder-trikotsatz-tottenham-hotspur-trikot-home-2022-kids-weiss\/","title":{"rendered":"D\u011btsk\u00e1 souprava Tottenham Hotspur Shirt Home 2022 Kids White"},"content":{"rendered":"<p>Dres Nike v b\u00edl\u00e9 barv\u011b ti umo\u017en\u00ed nosit barvy tv\u00e9ho obl\u00edben\u00e9ho klubu a uk\u00e1zat v\u0161em, pro co bije tv\u00e9 srdce. Povinn\u00e1 v\u00fdbava pro opravdov\u00e9 fanou\u0161ky Tottenhamu Hotspur: dom\u00e1c\u00ed dres v origin\u00e1ln\u00edm designu, kter\u00fd nos\u00ed hr\u00e1\u010di v Premier League. Je prody\u0161n\u00fd, pohodln\u00fd a lehk\u00fd. Vizu\u00e1ln\u011b vynik\u00e1 klubov\u00fdm znakem na hrudi. S t\u00edmto sportovn\u00edm svr\u0161kem m\u016f\u017eete pod\u00e1vat je\u0161t\u011b lep\u0161\u00ed v\u00fdkony a p\u0159ipravit se na dal\u0161\u00ed z\u00e1pas.<\/p>\n<p>Tipy pro tisk: Pokud jsou jm\u00e9no a \u010d\u00edslo na obr\u00e1zku p\u0159esn\u011b takov\u00e9, jak\u00e9 chcete, nemus\u00edte je zad\u00e1vat znovu. Pokud tomu tak nen\u00ed, m\u011bli byste zadat po\u017eadovan\u00e9 jm\u00e9no a \u010d\u00edslo.<\/p>\n<p>Tipy pro pran\u00ed: Doporu\u010dujeme pr\u00e1t fotbalov\u00e1 tri\u010dka v ruce. Pokud chcete pou\u017e\u00edt pra\u010dku, nezapome\u0148te fotbalov\u00e1 tri\u010dka obr\u00e1tit naruby a pot\u00e9 je vyprat. Pra\u010dku napl\u0148te studenou vodou a pou\u017eijte jemn\u00fd cyklus, abyste l\u00e9pe ochr\u00e1nili barvy.<\/p>","protected":false},"excerpt":{"rendered":"<p>Das Trikot von Nike in Wei\u00df l\u00e4sst dich die Farben deines Lieblingsclubs tragen und allen zeigen, wof\u00fcr dein Herz schl\u00e4gt. F\u00fcr wahre Tottenham Hotspur-Fans ein Must-Have: das Heim-Trikot im Originaldesign, wie es die Spieler in der Premier League tragen. Es ist atmungsaktiv, bequem und leicht. Es besticht optisch mit einem Vereinswappen auf der Brust. Mit [&hellip;]<\/p>","protected":false},"featured_media":2550,"comment_status":"open","ping_status":"closed","template":"","meta":[],"product_brand":[],"product_cat":[102],"product_tag":[20,21,22,23,24,94,106,104,105],"class_list":{"0":"post-2515","1":"product","2":"type-product","3":"status-publish","4":"has-post-thumbnail","6":"product_cat-tottenham-hotspur-kindertrikot","7":"product_tag-coole-fussballtrikots","8":"product_tag-fussballtrikot-fuer-herren","9":"product_tag-fussballtrikot-guenstig-kaufen","10":"product_tag-fussballtrikot-kurzarm","11":"product_tag-guenstiges-fussballtrikot","12":"product_tag-kinder-fussball-trikotsatz","13":"product_tag-tottenham-hotspur-heimtrikot","14":"product_tag-tottenham-hotspur-trikots","15":"product_tag-tottenham-hotspur-trikotsatz-fuer-kinder","17":"first","18":"instock","19":"shipping-taxable","20":"purchasable","21":"product-type-variable"},"_links":{"self":[{"href":"https:\/\/www.billigtrikotde.com\/cs\/wp-json\/wp\/v2\/product\/2515","targetHints":{"allow":["GET"]}}],"collection":[{"href":"https:\/\/www.billigtrikotde.com\/cs\/wp-json\/wp\/v2\/product"}],"about":[{"href":"https:\/\/www.billigtrikotde.com\/cs\/wp-json\/wp\/v2\/types\/product"}],"replies":[{"embeddable":true,"href":"https:\/\/www.billigtrikotde.com\/cs\/wp-json\/wp\/v2\/comments?post=2515"}],"wp:featuredmedia":[{"embeddable":true,"href":"https:\/\/www.billigtrikotde.com\/cs\/wp-json\/wp\/v2\/media\/2550"}],"wp:attachment":[{"href":"https:\/\/www.billigtrikotde.com\/cs\/wp-json\/wp\/v2\/media?parent=2515"}],"wp:term":[{"taxonomy":"product_brand","embeddable":true,"href":"https:\/\/www.billigtrikotde.com\/cs\/wp-json\/wp\/v2\/product_brand?post=2515"},{"taxonomy":"product_cat","embeddable":true,"href":"https:\/\/www.billigtrikotde.com\/cs\/wp-json\/wp\/v2\/product_cat?post=2515"},{"taxonomy":"product_tag","embeddable":true,"href":"https:\/\/www.billigtrikotde.com\/cs\/wp-json\/wp\/v2\/product_tag?post=2515"}],"curies":[{"name":"wp","href":"https:\/\/api.w.org\/{rel}","templated":true}]}}