{"id":2421,"date":"2024-10-23T14:16:01","date_gmt":"2024-10-23T12:16:01","guid":{"rendered":"http:\/\/billigtrikots.com\/?post_type=product&#038;p=2421"},"modified":"2024-10-23T14:18:04","modified_gmt":"2024-10-23T12:18:04","slug":"fussball-trikots-langarm-atletico-madrid-2022-heimtrikot-mit-aufdruck-m-llorente-14","status":"publish","type":"product","link":"https:\/\/www.billigtrikotde.com\/cs\/fussball-trikots-langarm-atletico-madrid-2022-heimtrikot-mit-aufdruck-m-llorente-14\/","title":{"rendered":"Fotbalov\u00e9 ko\u0161ile s dlouh\u00fdm ruk\u00e1vem Atl\u00e9tico Madrid 2022 Home Shirt s potiskem M.Llorente 14"},"content":{"rendered":"<p>Reprezentujte sv\u016fj obl\u00edben\u00fd t\u00fdm v dom\u00e1c\u00edm z\u00e1pasov\u00e9m dresu Atl\u00e9tico de Madrid. Tkanina odoln\u00e1 proti potu v\u00e1s udr\u017e\u00ed v suchu a pohodl\u00ed na h\u0159i\u0161ti i v hledi\u0161ti a t\u00fdmov\u00e9 detaily v\u00e1m umo\u017en\u00ed d\u00e1t najevo svou podporu, a\u0165 u\u017e p\u016fjdete kamkoli.<\/p>\n<p>Tipy pro tisk: Pokud jsou jm\u00e9no a \u010d\u00edslo na obr\u00e1zku p\u0159esn\u011b takov\u00e9, jak\u00e9 chcete, nemus\u00edte je zad\u00e1vat znovu. Pokud tomu tak nen\u00ed, m\u011bli byste zadat po\u017eadovan\u00e9 jm\u00e9no a \u010d\u00edslo.<\/p>\n<p>Tipy pro pran\u00ed: Doporu\u010dujeme pr\u00e1t fotbalov\u00e1 tri\u010dka v ruce. Pokud chcete pou\u017e\u00edt pra\u010dku, nezapome\u0148te fotbalov\u00e1 tri\u010dka obr\u00e1tit naruby a pot\u00e9 je vyprat. Pra\u010dku napl\u0148te studenou vodou a pou\u017eijte jemn\u00fd cyklus, abyste l\u00e9pe ochr\u00e1nili barvy.<\/p>","protected":false},"excerpt":{"rendered":"<p>Repr\u00e4sentieren Sie Ihre Lieblingsmannschaft mit dem Atl\u00e9tico de Madrid Heimspieltrikot. Das schwei\u00dfresistente Gewebe h\u00e4lt Sie auf dem Spielfeld und auf der Trib\u00fcne trocken und komfortabel, und die Teamdetails lassen Sie Ihre Unterst\u00fctzung zeigen, wo immer Sie gehen. Tipps zum Drucken: Wenn der Name und die Nummer auf dem Bild genau Ihren W\u00fcnschen entsprechen, m\u00fcssen Sie [&hellip;]<\/p>","protected":false},"featured_media":2461,"comment_status":"open","ping_status":"closed","template":"","meta":[],"product_brand":[],"product_cat":[88],"product_tag":[89,90,20,38,21,24],"class_list":{"0":"post-2421","1":"product","2":"type-product","3":"status-publish","4":"has-post-thumbnail","6":"product_cat-atletico-madrid","7":"product_tag-atletico-madrid-heimtrikot","8":"product_tag-atletico-madrid-trikots","9":"product_tag-coole-fussballtrikots","10":"product_tag-fussball-trikot-langarm","11":"product_tag-fussballtrikot-fuer-herren","12":"product_tag-guenstiges-fussballtrikot","14":"first","15":"instock","16":"shipping-taxable","17":"purchasable","18":"product-type-variable"},"_links":{"self":[{"href":"https:\/\/www.billigtrikotde.com\/cs\/wp-json\/wp\/v2\/product\/2421","targetHints":{"allow":["GET"]}}],"collection":[{"href":"https:\/\/www.billigtrikotde.com\/cs\/wp-json\/wp\/v2\/product"}],"about":[{"href":"https:\/\/www.billigtrikotde.com\/cs\/wp-json\/wp\/v2\/types\/product"}],"replies":[{"embeddable":true,"href":"https:\/\/www.billigtrikotde.com\/cs\/wp-json\/wp\/v2\/comments?post=2421"}],"wp:featuredmedia":[{"embeddable":true,"href":"https:\/\/www.billigtrikotde.com\/cs\/wp-json\/wp\/v2\/media\/2461"}],"wp:attachment":[{"href":"https:\/\/www.billigtrikotde.com\/cs\/wp-json\/wp\/v2\/media?parent=2421"}],"wp:term":[{"taxonomy":"product_brand","embeddable":true,"href":"https:\/\/www.billigtrikotde.com\/cs\/wp-json\/wp\/v2\/product_brand?post=2421"},{"taxonomy":"product_cat","embeddable":true,"href":"https:\/\/www.billigtrikotde.com\/cs\/wp-json\/wp\/v2\/product_cat?post=2421"},{"taxonomy":"product_tag","embeddable":true,"href":"https:\/\/www.billigtrikotde.com\/cs\/wp-json\/wp\/v2\/product_tag?post=2421"}],"curies":[{"name":"wp","href":"https:\/\/api.w.org\/{rel}","templated":true}]}}