{"id":24103,"date":"2026-01-18T08:33:49","date_gmt":"2026-01-18T07:33:49","guid":{"rendered":"https:\/\/www.billigtrikotde.com\/?post_type=product&#038;p=24103"},"modified":"2026-01-18T08:35:36","modified_gmt":"2026-01-18T07:35:36","slug":"manchester-united-guenstige-mason-mount-7-3rd-trikot-kinder-2025-26-fussballtrikots-set","status":"publish","type":"product","link":"https:\/\/www.billigtrikotde.com\/cs\/manchester-united-guenstige-mason-mount-7-3rd-trikot-kinder-2025-26-fussballtrikots-set\/","title":{"rendered":"Manchester United V\u00fdhodn\u00e9 Mason Mount #7 3. dres pro d\u011bti 2025-26 fotbalov\u00e9 dresy sada"},"content":{"rendered":"<p>Manchester United fotbalov\u00fd dresov\u00fd komplet pro d\u011bti Tipy k tisku: Pokud jm\u00e9no a \u010d\u00edslo na obr\u00e1zku odpov\u00eddaj\u00ed p\u0159esn\u011b va\u0161im po\u017eadavk\u016fm, nemus\u00edte je zad\u00e1vat znovu. Pokud ne, m\u011bli byste zadat po\u017eadovan\u00e9 jm\u00e9no a \u010d\u00edslo.<\/p>\n<p>Tipy pro pran\u00ed: Doporu\u010dujeme pr\u00e1t fotbalov\u00e1 tri\u010dka v ruce. Pokud chcete pou\u017e\u00edt pra\u010dku, nezapome\u0148te fotbalov\u00e1 tri\u010dka obr\u00e1tit naruby a pot\u00e9 je vyprat. Pra\u010dku napl\u0148te studenou vodou a pou\u017eijte jemn\u00fd cyklus, abyste l\u00e9pe ochr\u00e1nili barvy.<\/p>","protected":false},"excerpt":{"rendered":"<p>Manchester United Fotbalov\u00e9 dresy sada pro d\u011bti Tipy na tisk: Pokud jm\u00e9no a \u010d\u00edslo na obr\u00e1zku p\u0159esn\u011b odpov\u00eddaj\u00ed va\u0161im po\u017eadavk\u016fm, nemus\u00edte je zad\u00e1vat znovu. Pokud ne, m\u011bli byste zadat po\u017eadovan\u00e9 jm\u00e9no a \u010d\u00edslo. Tipy pro pran\u00ed: Doporu\u010duje se ru\u010dn\u00ed pran\u00ed fotbalov\u00fdch dres\u016f. Pokud chcete pou\u017e\u00edt pra\u010dku, [\u2026]<\/p>","protected":false},"featured_media":24105,"comment_status":"open","ping_status":"closed","template":"","meta":[],"product_brand":[],"product_cat":[140],"product_tag":[1738,1737],"class_list":{"0":"post-24103","1":"product","2":"type-product","3":"status-publish","4":"has-post-thumbnail","6":"product_cat-manchester-united-kindertrikot","7":"product_tag-guenstige-mason-mount-trikot-kinder","8":"product_tag-mason-mount-trikot-kinder-kaufen","10":"first","11":"instock","12":"shipping-taxable","13":"purchasable","14":"product-type-variable"},"_links":{"self":[{"href":"https:\/\/www.billigtrikotde.com\/cs\/wp-json\/wp\/v2\/product\/24103","targetHints":{"allow":["GET"]}}],"collection":[{"href":"https:\/\/www.billigtrikotde.com\/cs\/wp-json\/wp\/v2\/product"}],"about":[{"href":"https:\/\/www.billigtrikotde.com\/cs\/wp-json\/wp\/v2\/types\/product"}],"replies":[{"embeddable":true,"href":"https:\/\/www.billigtrikotde.com\/cs\/wp-json\/wp\/v2\/comments?post=24103"}],"wp:featuredmedia":[{"embeddable":true,"href":"https:\/\/www.billigtrikotde.com\/cs\/wp-json\/wp\/v2\/media\/24105"}],"wp:attachment":[{"href":"https:\/\/www.billigtrikotde.com\/cs\/wp-json\/wp\/v2\/media?parent=24103"}],"wp:term":[{"taxonomy":"product_brand","embeddable":true,"href":"https:\/\/www.billigtrikotde.com\/cs\/wp-json\/wp\/v2\/product_brand?post=24103"},{"taxonomy":"product_cat","embeddable":true,"href":"https:\/\/www.billigtrikotde.com\/cs\/wp-json\/wp\/v2\/product_cat?post=24103"},{"taxonomy":"product_tag","embeddable":true,"href":"https:\/\/www.billigtrikotde.com\/cs\/wp-json\/wp\/v2\/product_tag?post=24103"}],"curies":[{"name":"wp","href":"https:\/\/api.w.org\/{rel}","templated":true}]}}