{"id":2390,"date":"2024-10-23T14:14:49","date_gmt":"2024-10-23T12:14:49","guid":{"rendered":"http:\/\/billigtrikots.com\/?post_type=product&#038;p=2390"},"modified":"2024-10-23T14:16:57","modified_gmt":"2024-10-23T12:16:57","slug":"as-roma-2022-heimtrikot-rot-trikotsatz-kurzarm-kurze-hosen-mkhitaryan-77","status":"publish","type":"product","link":"https:\/\/www.billigtrikotde.com\/cs\/as-roma-2022-heimtrikot-rot-trikotsatz-kurzarm-kurze-hosen-mkhitaryan-77\/","title":{"rendered":"Dom\u00e1c\u00ed souprava AS Roma 2022 \u010derven\u00fd dres s kr\u00e1tk\u00fdm ruk\u00e1vem + \u0161ortky MKHITARYAN 77"},"content":{"rendered":"<p>Ka\u017ed\u00fd prav\u00fd fanou\u0161ek AS Roma pot\u0159ebuje tento dom\u00e1c\u00ed sportovn\u00ed tri\u010dko, proto\u017ee ho nos\u00ed i hr\u00e1\u010di v Serii A. Prody\u0161n\u00e1, pohodln\u00e1, lehk\u00e1 a odv\u00e1d\u011bj\u00edc\u00ed pot funk\u010dnost ho p\u0159esv\u011bd\u010d\u00ed. U tohoto tri\u010dka m\u016f\u017ee\u0161 vizu\u00e1ln\u011b spol\u00e9hat na klubov\u00fd znak na hrudi. Bez ohledu na to, jak tvrd\u00fd je tr\u00e9nink nebo z\u00e1pas, s t\u00edmto modelem bude\u0161 v\u017edy dob\u0159e oble\u010den.<\/p>\n<p>Tipy pro tisk: Pokud jsou jm\u00e9no a \u010d\u00edslo na obr\u00e1zku p\u0159esn\u011b takov\u00e9, jak\u00e9 chcete, nemus\u00edte je zad\u00e1vat znovu. Pokud tomu tak nen\u00ed, m\u011bli byste zadat po\u017eadovan\u00e9 jm\u00e9no a \u010d\u00edslo.<\/p>\n<p>Tipy pro pran\u00ed: Doporu\u010dujeme pr\u00e1t fotbalov\u00e1 tri\u010dka v ruce. Pokud chcete pou\u017e\u00edt pra\u010dku, nezapome\u0148te fotbalov\u00e1 tri\u010dka obr\u00e1tit naruby a pot\u00e9 je vyprat. Pra\u010dku napl\u0148te studenou vodou a pou\u017eijte jemn\u00fd cyklus, abyste l\u00e9pe ochr\u00e1nili barvy.<\/p>","protected":false},"excerpt":{"rendered":"<p>Ka\u017ed\u00fd prav\u00fd fanou\u0161ek AS Roma pot\u0159ebuje tento dom\u00e1c\u00ed sportovn\u00ed tri\u010dko, proto\u017ee ho nos\u00ed i hr\u00e1\u010di v Serii A. Prody\u0161n\u00e1, pohodln\u00e1, lehk\u00e1 a odv\u00e1d\u011bj\u00edc\u00ed pot funk\u010dnost ho p\u0159esv\u011bd\u010d\u00ed. U tohoto tri\u010dka m\u016f\u017ee\u0161 vizu\u00e1ln\u011b spol\u00e9hat na klubov\u00fd znak na hrudi. Bez ohledu na to, jak tvrd\u00fd je tr\u00e9nink nebo z\u00e1pas, s t\u00edmto modelem bude\u0161 v\u017edy dob\u0159e oble\u010den.<\/p>","protected":false},"featured_media":2425,"comment_status":"open","ping_status":"closed","template":"","meta":[],"product_brand":[],"product_cat":[85],"product_tag":[86,87,20,21,22,23,24],"class_list":{"0":"post-2390","1":"product","2":"type-product","3":"status-publish","4":"has-post-thumbnail","6":"product_cat-as-roma","7":"product_tag-as-roma-heimtrikot","8":"product_tag-as-roma-trikots","9":"product_tag-coole-fussballtrikots","10":"product_tag-fussballtrikot-fuer-herren","11":"product_tag-fussballtrikot-guenstig-kaufen","12":"product_tag-fussballtrikot-kurzarm","13":"product_tag-guenstiges-fussballtrikot","15":"first","16":"instock","17":"shipping-taxable","18":"purchasable","19":"product-type-variable"},"_links":{"self":[{"href":"https:\/\/www.billigtrikotde.com\/cs\/wp-json\/wp\/v2\/product\/2390","targetHints":{"allow":["GET"]}}],"collection":[{"href":"https:\/\/www.billigtrikotde.com\/cs\/wp-json\/wp\/v2\/product"}],"about":[{"href":"https:\/\/www.billigtrikotde.com\/cs\/wp-json\/wp\/v2\/types\/product"}],"replies":[{"embeddable":true,"href":"https:\/\/www.billigtrikotde.com\/cs\/wp-json\/wp\/v2\/comments?post=2390"}],"wp:featuredmedia":[{"embeddable":true,"href":"https:\/\/www.billigtrikotde.com\/cs\/wp-json\/wp\/v2\/media\/2425"}],"wp:attachment":[{"href":"https:\/\/www.billigtrikotde.com\/cs\/wp-json\/wp\/v2\/media?parent=2390"}],"wp:term":[{"taxonomy":"product_brand","embeddable":true,"href":"https:\/\/www.billigtrikotde.com\/cs\/wp-json\/wp\/v2\/product_brand?post=2390"},{"taxonomy":"product_cat","embeddable":true,"href":"https:\/\/www.billigtrikotde.com\/cs\/wp-json\/wp\/v2\/product_cat?post=2390"},{"taxonomy":"product_tag","embeddable":true,"href":"https:\/\/www.billigtrikotde.com\/cs\/wp-json\/wp\/v2\/product_tag?post=2390"}],"curies":[{"name":"wp","href":"https:\/\/api.w.org\/{rel}","templated":true}]}}