{"id":23316,"date":"2025-11-04T15:23:02","date_gmt":"2025-11-04T14:23:02","guid":{"rendered":"https:\/\/www.billigtrikotde.com\/?post_type=product&#038;p=23316"},"modified":"2025-11-04T15:23:48","modified_gmt":"2025-11-04T14:23:48","slug":"barcelona-guenstige-jules-kounde-23-auswaertstrikot-kinder-2025-26-fussball-trikotsatz","status":"publish","type":"product","link":"https:\/\/www.billigtrikotde.com\/cs\/barcelona-guenstige-jules-kounde-23-auswaertstrikot-kinder-2025-26-fussball-trikotsatz\/","title":{"rendered":"Barcelona V\u00fdhodn\u00e9 Jules Kounde #23 D\u00e1lkov\u00e9 dres D\u011bti 2025-26 fotbalov\u00e9 dresov\u00e9 sady"},"content":{"rendered":"<p>Barcelona-fotbalov\u00e9 dresy pro d\u011bti Tipy na tisk: Pokud jm\u00e9no a \u010d\u00edslo na obr\u00e1zku p\u0159esn\u011b odpov\u00eddaj\u00ed va\u0161im p\u0159\u00e1n\u00edm, nemus\u00edte je znovu zad\u00e1vat. Pokud ne, zadejte po\u017eadovan\u00e9 jm\u00e9no a \u010d\u00edslo.<\/p>\n<p>Barcelona-fotbalov\u00e9 dresy pro d\u011bti Tipy na pran\u00ed: Doporu\u010duje se ru\u010dn\u00ed pran\u00ed fotbalov\u00fdch dres\u016f. Pokud chcete pou\u017e\u00edt pra\u010dku, pamatujte na oto\u010den\u00ed dres\u016f naruby a n\u00e1sledn\u00e9 pran\u00ed. Napl\u0148te pra\u010dku studenou vodou a pou\u017eijte \u0161etrn\u00fd cyklus, aby se l\u00e9pe chr\u00e1nily barvy.<\/p>","protected":false},"excerpt":{"rendered":"<p>Barcelona-Fotbalov\u00e9 dresy D\u011bti Tipy na tisk: Pokud jm\u00e9no a \u010d\u00edslo na obr\u00e1zku p\u0159esn\u011b odpov\u00eddaj\u00ed va\u0161im p\u0159\u00e1n\u00edm, nemus\u00edte je znovu zad\u00e1vat. Pokud ne, m\u011bli byste zadat po\u017eadovan\u00e9 jm\u00e9no a \u010d\u00edslo. Barcelona-Fotbalov\u00e9 dresy D\u011bti Tipy na pran\u00ed: Doporu\u010duje se ru\u010dn\u00ed pran\u00ed fotbalov\u00fdch dres\u016f. Pokud chcete pou\u017e\u00edt pra\u010dku, myslete na [\u2026]<\/p>","protected":false},"featured_media":23318,"comment_status":"open","ping_status":"closed","template":"","meta":[],"product_brand":[],"product_cat":[146],"product_tag":[1668,1667],"class_list":{"0":"post-23316","1":"product","2":"type-product","3":"status-publish","4":"has-post-thumbnail","6":"product_cat-barcelona-kindertrikot","7":"product_tag-guenstige-jules-kounde-trikot-kinder","8":"product_tag-jules-kounde-trikot-kinder-kaufen","10":"first","11":"instock","12":"shipping-taxable","13":"purchasable","14":"product-type-variable"},"_links":{"self":[{"href":"https:\/\/www.billigtrikotde.com\/cs\/wp-json\/wp\/v2\/product\/23316","targetHints":{"allow":["GET"]}}],"collection":[{"href":"https:\/\/www.billigtrikotde.com\/cs\/wp-json\/wp\/v2\/product"}],"about":[{"href":"https:\/\/www.billigtrikotde.com\/cs\/wp-json\/wp\/v2\/types\/product"}],"replies":[{"embeddable":true,"href":"https:\/\/www.billigtrikotde.com\/cs\/wp-json\/wp\/v2\/comments?post=23316"}],"wp:featuredmedia":[{"embeddable":true,"href":"https:\/\/www.billigtrikotde.com\/cs\/wp-json\/wp\/v2\/media\/23318"}],"wp:attachment":[{"href":"https:\/\/www.billigtrikotde.com\/cs\/wp-json\/wp\/v2\/media?parent=23316"}],"wp:term":[{"taxonomy":"product_brand","embeddable":true,"href":"https:\/\/www.billigtrikotde.com\/cs\/wp-json\/wp\/v2\/product_brand?post=23316"},{"taxonomy":"product_cat","embeddable":true,"href":"https:\/\/www.billigtrikotde.com\/cs\/wp-json\/wp\/v2\/product_cat?post=23316"},{"taxonomy":"product_tag","embeddable":true,"href":"https:\/\/www.billigtrikotde.com\/cs\/wp-json\/wp\/v2\/product_tag?post=23316"}],"curies":[{"name":"wp","href":"https:\/\/api.w.org\/{rel}","templated":true}]}}