{"id":2330,"date":"2024-10-23T14:12:06","date_gmt":"2024-10-23T12:12:06","guid":{"rendered":"http:\/\/billigtrikots.com\/?post_type=product&#038;p=2330"},"modified":"2024-10-23T14:14:10","modified_gmt":"2024-10-23T12:14:10","slug":"manchester-city-auswaertstrikot-2022-weiss-hellblau-mit-aufdruck-mangala-15","status":"publish","type":"product","link":"https:\/\/www.billigtrikotde.com\/cs\/manchester-city-auswaertstrikot-2022-weiss-hellblau-mit-aufdruck-mangala-15\/","title":{"rendered":"V\u00fdjezdn\u00ed souprava Manchester City 2022 b\u00edl\u00e1\/sv\u011btle modr\u00e1 s potiskem MANGALA 15"},"content":{"rendered":"<p>Aktu\u00e1ln\u00ed puma MCFC p\u00e1nsk\u00e9 venkovn\u00ed dres ukazuje v neobvykle sv\u011btl\u00e9 barv\u011b a je tak skute\u010dn\u00fdm unik\u00e1tem! Je samoz\u0159ejm\u011b ozdoben hrd\u00fdm klubov\u00fdm logem, ofici\u00e1ln\u00edmi detaily sponzora a legend\u00e1rn\u00ed Puma Cat. Tato jedine\u010dn\u00e1 design nesm\u00edte prop\u00e1snout!<\/p>\n<p>Vyroben je z recyklovan\u00e9ho polyesteru 100% a d\u00edky technologii dryCELL zaji\u0161\u0165uje dobr\u00e9 \u0159\u00edzen\u00ed tepla a vlhkosti. Tak z\u016fst\u00e1v\u00e1te na t\u011ble c\u00edlen\u011b such\u00fd a sv\u011b\u017e\u00ed, nav\u00edc v\u00e1m je zaji\u0161t\u011bna udr\u017eiteln\u00e1 kvalita. Speci\u00e1ln\u00ed replica st\u0159ih se trochu li\u0161\u00ed od t\u011bsn\u011bj\u0161\u00edch hr\u00e1\u010dsk\u00fdch dres\u016f a poskytuje maxim\u00e1ln\u00ed volnost pohybu ve v\u0161ech sm\u011brech.<\/p>\n<p>Prokazujte p\u0159\u00edslu\u0161nost a loajalitu, kdykoli a kdekoli stoj\u00ed Citizens na h\u0159i\u0161ti! Z\u00edskejte k tomu ofici\u00e1ln\u00ed puma Manchester City p\u00e1nsk\u00fd venkovn\u00ed dres 2021\/22 a oslavujte nej\u00fasp\u011b\u0161n\u011bj\u0161\u00ed t\u00fdm!<\/p>\n<p>Tipy pro tisk: Pokud jsou jm\u00e9no a \u010d\u00edslo na obr\u00e1zku p\u0159esn\u011b takov\u00e9, jak\u00e9 chcete, nemus\u00edte je zad\u00e1vat znovu. Pokud tomu tak nen\u00ed, m\u011bli byste zadat po\u017eadovan\u00e9 jm\u00e9no a \u010d\u00edslo.<\/p>\n<p>Tipy pro pran\u00ed: Doporu\u010dujeme pr\u00e1t fotbalov\u00e1 tri\u010dka v ruce. Pokud chcete pou\u017e\u00edt pra\u010dku, nezapome\u0148te fotbalov\u00e1 tri\u010dka obr\u00e1tit naruby a pot\u00e9 je vyprat. Pra\u010dku napl\u0148te studenou vodou a pou\u017eijte jemn\u00fd cyklus, abyste l\u00e9pe ochr\u00e1nili barvy.<\/p>","protected":false},"excerpt":{"rendered":"<p>Das aktuelle Puma MCFC Herren Ausw\u00e4rts Trikot zeigt sich in einer ungew\u00f6hnlich hellen Farbe und ist somit ein echtes Unikat! Es ist nat\u00fcrlich mit dem stolzen Vereinslogo, offiziellen Sponsorendetails und der legend\u00e4ren Puma Cat geschm\u00fcckt. Dieses einzigartige Design darfst du dir nicht entgehen lassen! Gefertigt wird es aus 100% recyceltem Polyester und dank der dryCELL [&hellip;]<\/p>","protected":false},"featured_media":2364,"comment_status":"open","ping_status":"closed","template":"","meta":[],"product_brand":[],"product_cat":[82],"product_tag":[20,21,22,23,24,83,84],"class_list":{"0":"post-2330","1":"product","2":"type-product","3":"status-publish","4":"has-post-thumbnail","6":"product_cat-manchester-city","7":"product_tag-coole-fussballtrikots","8":"product_tag-fussballtrikot-fuer-herren","9":"product_tag-fussballtrikot-guenstig-kaufen","10":"product_tag-fussballtrikot-kurzarm","11":"product_tag-guenstiges-fussballtrikot","12":"product_tag-manchester-city-auswaertstrikot","13":"product_tag-manchester-city-trikots","15":"first","16":"instock","17":"shipping-taxable","18":"purchasable","19":"product-type-variable"},"_links":{"self":[{"href":"https:\/\/www.billigtrikotde.com\/cs\/wp-json\/wp\/v2\/product\/2330","targetHints":{"allow":["GET"]}}],"collection":[{"href":"https:\/\/www.billigtrikotde.com\/cs\/wp-json\/wp\/v2\/product"}],"about":[{"href":"https:\/\/www.billigtrikotde.com\/cs\/wp-json\/wp\/v2\/types\/product"}],"replies":[{"embeddable":true,"href":"https:\/\/www.billigtrikotde.com\/cs\/wp-json\/wp\/v2\/comments?post=2330"}],"wp:featuredmedia":[{"embeddable":true,"href":"https:\/\/www.billigtrikotde.com\/cs\/wp-json\/wp\/v2\/media\/2364"}],"wp:attachment":[{"href":"https:\/\/www.billigtrikotde.com\/cs\/wp-json\/wp\/v2\/media?parent=2330"}],"wp:term":[{"taxonomy":"product_brand","embeddable":true,"href":"https:\/\/www.billigtrikotde.com\/cs\/wp-json\/wp\/v2\/product_brand?post=2330"},{"taxonomy":"product_cat","embeddable":true,"href":"https:\/\/www.billigtrikotde.com\/cs\/wp-json\/wp\/v2\/product_cat?post=2330"},{"taxonomy":"product_tag","embeddable":true,"href":"https:\/\/www.billigtrikotde.com\/cs\/wp-json\/wp\/v2\/product_tag?post=2330"}],"curies":[{"name":"wp","href":"https:\/\/api.w.org\/{rel}","templated":true}]}}