{"id":22763,"date":"2025-11-04T15:34:30","date_gmt":"2025-11-04T14:34:30","guid":{"rendered":"https:\/\/www.billigtrikotde.com\/?post_type=product&#038;p=22763"},"modified":"2025-11-04T15:34:33","modified_gmt":"2025-11-04T14:34:33","slug":"chelsea-moises-caicedo-25-heimtrikot-2025-26-kurzarm","status":"publish","type":"product","link":"https:\/\/www.billigtrikotde.com\/cs\/chelsea-moises-caicedo-25-heimtrikot-2025-26-kurzarm\/","title":{"rendered":"Chelsea Moises Caicedo #25 dom\u00e1c\u00ed dres 2025-26 kr\u00e1tk\u00fd ruk\u00e1v"},"content":{"rendered":"<p>Chelsea fotbalov\u00e9 dresy tipy k vytisknut\u00ed: Pokud jm\u00e9no a \u010d\u00edslo na sn\u00edmku odpov\u00eddaj\u00ed p\u0159esn\u011b va\u0161im po\u017eadavk\u016fm, nemus\u00edte je zad\u00e1vat znovu. Pokud ne, m\u011bli byste zadat po\u017eadovan\u00e9 jm\u00e9no a \u010d\u00edslo.<\/p>\n<p>Barcelona-fotbalov\u00e9 dresy pro d\u011bti Tipy na pran\u00ed: Doporu\u010duje se ru\u010dn\u00ed pran\u00ed fotbalov\u00fdch dres\u016f. Pokud chcete pou\u017e\u00edt pra\u010dku, pamatujte na oto\u010den\u00ed dres\u016f naruby a n\u00e1sledn\u00e9 pran\u00ed. Napl\u0148te pra\u010dku studenou vodou a pou\u017eijte \u0161etrn\u00fd cyklus, aby se l\u00e9pe chr\u00e1nily barvy.<\/p>","protected":false},"excerpt":{"rendered":"<p>Tipy na tisk fotbalov\u00fdch dres\u016f Chelsea: Pokud jm\u00e9no a \u010d\u00edslo na obr\u00e1zku p\u0159esn\u011b odpov\u00eddaj\u00ed va\u0161im p\u0159\u00e1n\u00edm, nemus\u00edte je znovu zad\u00e1vat. Pokud ne, m\u011bli byste zadat po\u017eadovan\u00e9 jm\u00e9no a \u010d\u00edslo. Tipy na pran\u00ed fotbalov\u00fdch dres\u016f Chelsea: Doporu\u010duje se ru\u010dn\u00ed pran\u00ed fotbalov\u00fdch dres\u016f. Pokud chcete pou\u017e\u00edt pra\u010dku, pamatujte na oto\u010den\u00ed fotbalov\u00fdch dres\u016f naruby [\u2026]<\/p>","protected":false},"featured_media":22765,"comment_status":"open","ping_status":"closed","template":"","meta":[],"product_brand":[],"product_cat":[72],"product_tag":[1285,1286],"class_list":{"0":"post-22763","1":"product","2":"type-product","3":"status-publish","4":"has-post-thumbnail","6":"product_cat-chelsea","7":"product_tag-guenstige-moises-caicedo-trikot-kinder","8":"product_tag-moises-caicedo-trikot-kinder-kaufen","10":"first","11":"instock","12":"shipping-taxable","13":"purchasable","14":"product-type-variable"},"_links":{"self":[{"href":"https:\/\/www.billigtrikotde.com\/cs\/wp-json\/wp\/v2\/product\/22763","targetHints":{"allow":["GET"]}}],"collection":[{"href":"https:\/\/www.billigtrikotde.com\/cs\/wp-json\/wp\/v2\/product"}],"about":[{"href":"https:\/\/www.billigtrikotde.com\/cs\/wp-json\/wp\/v2\/types\/product"}],"replies":[{"embeddable":true,"href":"https:\/\/www.billigtrikotde.com\/cs\/wp-json\/wp\/v2\/comments?post=22763"}],"wp:featuredmedia":[{"embeddable":true,"href":"https:\/\/www.billigtrikotde.com\/cs\/wp-json\/wp\/v2\/media\/22765"}],"wp:attachment":[{"href":"https:\/\/www.billigtrikotde.com\/cs\/wp-json\/wp\/v2\/media?parent=22763"}],"wp:term":[{"taxonomy":"product_brand","embeddable":true,"href":"https:\/\/www.billigtrikotde.com\/cs\/wp-json\/wp\/v2\/product_brand?post=22763"},{"taxonomy":"product_cat","embeddable":true,"href":"https:\/\/www.billigtrikotde.com\/cs\/wp-json\/wp\/v2\/product_cat?post=22763"},{"taxonomy":"product_tag","embeddable":true,"href":"https:\/\/www.billigtrikotde.com\/cs\/wp-json\/wp\/v2\/product_tag?post=22763"}],"curies":[{"name":"wp","href":"https:\/\/api.w.org\/{rel}","templated":true}]}}