{"id":22738,"date":"2025-11-04T15:41:29","date_gmt":"2025-11-04T14:41:29","guid":{"rendered":"https:\/\/www.billigtrikotde.com\/?post_type=product&#038;p=22738"},"modified":"2025-11-04T15:41:29","modified_gmt":"2025-11-04T14:41:29","slug":"manchester-united-guenstige-heimtrikot-2025-26-kurzarm","status":"publish","type":"product","link":"https:\/\/www.billigtrikotde.com\/cs\/manchester-united-guenstige-heimtrikot-2025-26-kurzarm\/","title":{"rendered":"Manchester United levn\u00fd dom\u00e1c\u00ed dres 2025-26 kr\u00e1tk\u00fd ruk\u00e1v"},"content":{"rendered":"<p>Tipy k tisknut\u00ed na Manchester United fotbalov\u00e9 dresy: Pokud jm\u00e9no a \u010d\u00edslo na fotce p\u0159esn\u011b odpov\u00eddaj\u00ed va\u0161im po\u017eadavk\u016fm, nemus\u00edte je zad\u00e1vat znovu. Pokud ne, m\u011bli byste zadat po\u017eadovan\u00e9 jm\u00e9no a \u010d\u00edslo.<\/p>\n<p>Barcelona-fotbalov\u00e9 dresy pro d\u011bti Tipy na pran\u00ed: Doporu\u010duje se ru\u010dn\u00ed pran\u00ed fotbalov\u00fdch dres\u016f. Pokud chcete pou\u017e\u00edt pra\u010dku, pamatujte na oto\u010den\u00ed dres\u016f naruby a n\u00e1sledn\u00e9 pran\u00ed. Napl\u0148te pra\u010dku studenou vodou a pou\u017eijte \u0161etrn\u00fd cyklus, aby se l\u00e9pe chr\u00e1nily barvy.<\/p>","protected":false},"excerpt":{"rendered":"<p>Tipy na tisk fotbalov\u00fdch dres\u016f Chelsea: Pokud jm\u00e9no a \u010d\u00edslo na obr\u00e1zku p\u0159esn\u011b odpov\u00eddaj\u00ed va\u0161im p\u0159\u00e1n\u00edm, nemus\u00edte je znovu zad\u00e1vat. Pokud ne, m\u011bli byste zadat po\u017eadovan\u00e9 jm\u00e9no a \u010d\u00edslo. Tipy na pran\u00ed fotbalov\u00fdch dres\u016f Chelsea: Doporu\u010duje se ru\u010dn\u00ed pran\u00ed fotbalov\u00fdch dres\u016f. Pokud chcete pou\u017e\u00edt pra\u010dku, pamatujte na oto\u010den\u00ed fotbalov\u00fdch dres\u016f naruby [\u2026]<\/p>","protected":false},"featured_media":22740,"comment_status":"open","ping_status":"closed","template":"","meta":[],"product_brand":[],"product_cat":[50],"product_tag":[],"class_list":{"0":"post-22738","1":"product","2":"type-product","3":"status-publish","4":"has-post-thumbnail","6":"product_cat-manchester-united","8":"first","9":"instock","10":"shipping-taxable","11":"purchasable","12":"product-type-variable"},"_links":{"self":[{"href":"https:\/\/www.billigtrikotde.com\/cs\/wp-json\/wp\/v2\/product\/22738","targetHints":{"allow":["GET"]}}],"collection":[{"href":"https:\/\/www.billigtrikotde.com\/cs\/wp-json\/wp\/v2\/product"}],"about":[{"href":"https:\/\/www.billigtrikotde.com\/cs\/wp-json\/wp\/v2\/types\/product"}],"replies":[{"embeddable":true,"href":"https:\/\/www.billigtrikotde.com\/cs\/wp-json\/wp\/v2\/comments?post=22738"}],"wp:featuredmedia":[{"embeddable":true,"href":"https:\/\/www.billigtrikotde.com\/cs\/wp-json\/wp\/v2\/media\/22740"}],"wp:attachment":[{"href":"https:\/\/www.billigtrikotde.com\/cs\/wp-json\/wp\/v2\/media?parent=22738"}],"wp:term":[{"taxonomy":"product_brand","embeddable":true,"href":"https:\/\/www.billigtrikotde.com\/cs\/wp-json\/wp\/v2\/product_brand?post=22738"},{"taxonomy":"product_cat","embeddable":true,"href":"https:\/\/www.billigtrikotde.com\/cs\/wp-json\/wp\/v2\/product_cat?post=22738"},{"taxonomy":"product_tag","embeddable":true,"href":"https:\/\/www.billigtrikotde.com\/cs\/wp-json\/wp\/v2\/product_tag?post=22738"}],"curies":[{"name":"wp","href":"https:\/\/api.w.org\/{rel}","templated":true}]}}