{"id":22431,"date":"2025-08-08T14:55:16","date_gmt":"2025-08-08T12:55:16","guid":{"rendered":"https:\/\/www.billigtrikotde.com\/?post_type=product&#038;p=22431"},"modified":"2025-08-08T15:15:20","modified_gmt":"2025-08-08T13:15:20","slug":"inter-miami-lionel-messi-10-heimtrikot-kinder-2025-26-fussball-trikotsatz","status":"publish","type":"product","link":"https:\/\/www.billigtrikotde.com\/cs\/inter-miami-lionel-messi-10-heimtrikot-kinder-2025-26-fussball-trikotsatz\/","title":{"rendered":"Inter Miami Lionel Messi #10 d\u011btsk\u00fd dom\u00e1c\u00ed dres 2025-26 fotbalov\u00e1 sada dres\u016f"},"content":{"rendered":"<p>Dom\u00e1c\u00ed dres 2025 je zalo\u017een na dresech, kter\u00e9 nosili vzru\u0161uj\u00edc\u00ed nov\u00e1\u010dci jako Sergio Busquets, Jordi Alba, Lionel Messi, Luis Su\u00e1rez a zbytek prvn\u00edho t\u00fdmu v elita\u010dn\u00edch z\u00e1pasech MLS, a ukazuje va\u0161i neochv\u011bjnou podporu Inter Miami. Dres nese ikonick\u00e9 r\u016f\u017eov\u00e9 pruhy klasick\u00e9ho t\u00fdmu Miami International a zd\u016fraz\u0148uje energii sout\u011b\u017ee na nejvy\u0161\u0161\u00ed \u00farovni. Technologie AEROREADY, zam\u011b\u0159en\u00e1 na vysok\u00fd v\u00fdkon, odv\u00e1d\u00ed vlhkost, abyste z\u016fstali such\u00ed, zat\u00edmco klubov\u00fd znak zaji\u0161\u0165uje lehk\u00fd pohodln\u00fd pocit p\u0159i no\u0161en\u00ed.<\/p>\n<p>Tipy pro tisk: Pokud jsou jm\u00e9no a \u010d\u00edslo na obr\u00e1zku p\u0159esn\u011b takov\u00e9, jak\u00e9 chcete, nemus\u00edte je zad\u00e1vat znovu. Pokud tomu tak nen\u00ed, m\u011bli byste zadat po\u017eadovan\u00e9 jm\u00e9no a \u010d\u00edslo.<\/p>\n<p>Tipy pro pran\u00ed: Doporu\u010dujeme pr\u00e1t fotbalov\u00e1 tri\u010dka v ruce. Pokud chcete pou\u017e\u00edt pra\u010dku, nezapome\u0148te fotbalov\u00e1 tri\u010dka obr\u00e1tit naruby a pot\u00e9 je vyprat. Pra\u010dku napl\u0148te studenou vodou a pou\u017eijte jemn\u00fd cyklus, abyste l\u00e9pe ochr\u00e1nili barvy.<\/p>","protected":false},"excerpt":{"rendered":"<p>Das Heimtrikot 2025 basiert auf den Trikots, die von aufregenden Neuzug\u00e4ngen wie Sergio Busquets, Jordi Alba, Lionel Messi, Luis Suarez und dem Rest der ersten Mannschaft in Elitespielen der MLS getragen wurden, und zeigt Ihre unersch\u00fctterliche Unterst\u00fctzung f\u00fcr Inter Miami.Das Trikot weist die ikonischen rosa Streifen des klassischen Miami International-Teams auf und unterstreicht die Energie [&hellip;]<\/p>","protected":false},"featured_media":22435,"comment_status":"open","ping_status":"closed","template":"","meta":[],"product_brand":[],"product_cat":[569],"product_tag":[1461,1299],"class_list":{"0":"post-22431","1":"product","2":"type-product","3":"status-publish","4":"has-post-thumbnail","6":"product_cat-inter-miami-kindertrikot","7":"product_tag-guenstige-inter-miami-trikot-kinder","8":"product_tag-lionel-messi-trikots","10":"first","11":"instock","12":"shipping-taxable","13":"purchasable","14":"product-type-variable"},"_links":{"self":[{"href":"https:\/\/www.billigtrikotde.com\/cs\/wp-json\/wp\/v2\/product\/22431","targetHints":{"allow":["GET"]}}],"collection":[{"href":"https:\/\/www.billigtrikotde.com\/cs\/wp-json\/wp\/v2\/product"}],"about":[{"href":"https:\/\/www.billigtrikotde.com\/cs\/wp-json\/wp\/v2\/types\/product"}],"replies":[{"embeddable":true,"href":"https:\/\/www.billigtrikotde.com\/cs\/wp-json\/wp\/v2\/comments?post=22431"}],"wp:featuredmedia":[{"embeddable":true,"href":"https:\/\/www.billigtrikotde.com\/cs\/wp-json\/wp\/v2\/media\/22435"}],"wp:attachment":[{"href":"https:\/\/www.billigtrikotde.com\/cs\/wp-json\/wp\/v2\/media?parent=22431"}],"wp:term":[{"taxonomy":"product_brand","embeddable":true,"href":"https:\/\/www.billigtrikotde.com\/cs\/wp-json\/wp\/v2\/product_brand?post=22431"},{"taxonomy":"product_cat","embeddable":true,"href":"https:\/\/www.billigtrikotde.com\/cs\/wp-json\/wp\/v2\/product_cat?post=22431"},{"taxonomy":"product_tag","embeddable":true,"href":"https:\/\/www.billigtrikotde.com\/cs\/wp-json\/wp\/v2\/product_tag?post=22431"}],"curies":[{"name":"wp","href":"https:\/\/api.w.org\/{rel}","templated":true}]}}