{"id":22139,"date":"2025-07-13T16:19:44","date_gmt":"2025-07-13T14:19:44","guid":{"rendered":"https:\/\/www.billigtrikotde.com\/?post_type=product&#038;p=22139"},"modified":"2025-07-13T16:22:56","modified_gmt":"2025-07-13T14:22:56","slug":"manchester-city-erling-haaland-heimtrikot-kinder-2025-26-fussball-trikotsatz","status":"publish","type":"product","link":"https:\/\/www.billigtrikotde.com\/cs\/manchester-city-erling-haaland-heimtrikot-kinder-2025-26-fussball-trikotsatz\/","title":{"rendered":"Manchester City Erling Haaland #9 dom\u00e1c\u00ed dres D\u011btsk\u00fd 2025-26 fotbalov\u00fd set"},"content":{"rendered":"<p>Manchester City Ruben Dias dom\u00e1c\u00ed dres pro d\u011bti 2025-26 sadu trik\u016f. Poprv\u00e9 v historii klubu byl dom\u00e1c\u00ed dres mu\u017e\u016f Manchester City FC 2025\/26 s v\u00fdrazn\u00fdm \u0161\u00edpov\u00fdm designem a ikonickou sv\u011btlemodrou barvou nov\u011b interpretov\u00e1n. Je to pocta legend\u00e1rn\u00edm venkovn\u00edm dres\u016fm z minulosti a symbol jedine\u010dn\u00e9ho ducha klubu. Tento dom\u00e1c\u00ed dres spojuje tradici s inovac\u00ed a oslazuje diagon\u00e1ln\u00ed pruh histori\u00ed City a z\u00e1rove\u0148 vyz\u00fdvav\u011b hled\u00ed do budoucnosti. Je navr\u017een pro komfort a v\u00fdkon a je vyroben z lehk\u00e9ho ULTRAWEAVE materi\u00e1lu a technologie dryCELL, kter\u00e1 odv\u00e1d\u00ed pot a udr\u017euje v\u00e1s chladn\u00e9ho na h\u0159i\u0161ti i mimo n\u011bj.<\/p>\n<p>Tipy pro tisk: Pokud jsou jm\u00e9no a \u010d\u00edslo na obr\u00e1zku p\u0159esn\u011b takov\u00e9, jak\u00e9 chcete, nemus\u00edte je zad\u00e1vat znovu. Pokud tomu tak nen\u00ed, m\u011bli byste zadat po\u017eadovan\u00e9 jm\u00e9no a \u010d\u00edslo.<\/p>\n<p>Tipy pro pran\u00ed: Doporu\u010dujeme pr\u00e1t fotbalov\u00e1 tri\u010dka v ruce. Pokud chcete pou\u017e\u00edt pra\u010dku, nezapome\u0148te fotbalov\u00e1 tri\u010dka obr\u00e1tit naruby a pot\u00e9 je vyprat. Pra\u010dku napl\u0148te studenou vodou a pou\u017eijte jemn\u00fd cyklus, abyste l\u00e9pe ochr\u00e1nili barvy.<\/p>","protected":false},"excerpt":{"rendered":"<p>Manchester City Erling Haaland Heimtrikot Kinder 2025-26 Fu\u00dfball trikotsatz.Zum ersten Mal in der Vereinsgeschichte wurde das Manchester City FC 2025\/26 Herren-Heimtrikot mit einem markanten Sch\u00e4rpendesign und dem ikonischen Himmelblau neu interpretiert. Es ist eine Hommage an die legend\u00e4ren Ausw\u00e4rtstrikots der Vergangenheit und ein Symbol f\u00fcr den einzigartigen Geist des Vereins. Dieses Heimtrikot verbindet Tradition mit [&hellip;]<\/p>","protected":false},"featured_media":22141,"comment_status":"open","ping_status":"closed","template":"","meta":[],"product_brand":[],"product_cat":[144],"product_tag":[1428,1429],"class_list":{"0":"post-22139","1":"product","2":"type-product","3":"status-publish","4":"has-post-thumbnail","6":"product_cat-manchester-city-kindertrikot","7":"product_tag-erling-haaland-trikot-kinder-kaufen","8":"product_tag-guenstige-erling-haaland-trikot-kinder","10":"first","11":"instock","12":"shipping-taxable","13":"purchasable","14":"product-type-variable"},"_links":{"self":[{"href":"https:\/\/www.billigtrikotde.com\/cs\/wp-json\/wp\/v2\/product\/22139","targetHints":{"allow":["GET"]}}],"collection":[{"href":"https:\/\/www.billigtrikotde.com\/cs\/wp-json\/wp\/v2\/product"}],"about":[{"href":"https:\/\/www.billigtrikotde.com\/cs\/wp-json\/wp\/v2\/types\/product"}],"replies":[{"embeddable":true,"href":"https:\/\/www.billigtrikotde.com\/cs\/wp-json\/wp\/v2\/comments?post=22139"}],"wp:featuredmedia":[{"embeddable":true,"href":"https:\/\/www.billigtrikotde.com\/cs\/wp-json\/wp\/v2\/media\/22141"}],"wp:attachment":[{"href":"https:\/\/www.billigtrikotde.com\/cs\/wp-json\/wp\/v2\/media?parent=22139"}],"wp:term":[{"taxonomy":"product_brand","embeddable":true,"href":"https:\/\/www.billigtrikotde.com\/cs\/wp-json\/wp\/v2\/product_brand?post=22139"},{"taxonomy":"product_cat","embeddable":true,"href":"https:\/\/www.billigtrikotde.com\/cs\/wp-json\/wp\/v2\/product_cat?post=22139"},{"taxonomy":"product_tag","embeddable":true,"href":"https:\/\/www.billigtrikotde.com\/cs\/wp-json\/wp\/v2\/product_tag?post=22139"}],"curies":[{"name":"wp","href":"https:\/\/api.w.org\/{rel}","templated":true}]}}