{"id":22028,"date":"2025-05-30T15:25:20","date_gmt":"2025-05-30T13:25:20","guid":{"rendered":"https:\/\/www.billigtrikotde.com\/?post_type=product&#038;p=22028"},"modified":"2025-05-30T15:44:48","modified_gmt":"2025-05-30T13:44:48","slug":"chelsea-torwart-heimtrikot-kinder-2024-25-fussballtrikots","status":"publish","type":"product","link":"https:\/\/www.billigtrikotde.com\/cs\/chelsea-torwart-heimtrikot-kinder-2024-25-fussballtrikots\/","title":{"rendered":"Chelsea brank\u00e1\u0159sk\u00fd dom\u00e1c\u00ed dres pro d\u011bti 2024-25 dlouh\u00fd ruk\u00e1v (+ kr\u00e1tk\u00e9 kalhoty)"},"content":{"rendered":"<h3>Chelsea brank\u00e1\u0159 dom\u00e1c\u00ed dres pro d\u011bti 2024-25 fotbalov\u00e9 dresy v\u00fdhodn\u011b oran\u017eov\u00e1<\/h3>\n<p>Tipy pro tisk: Pokud jsou jm\u00e9no a \u010d\u00edslo na obr\u00e1zku p\u0159esn\u011b takov\u00e9, jak\u00e9 chcete, nemus\u00edte je zad\u00e1vat znovu. Pokud tomu tak nen\u00ed, m\u011bli byste zadat po\u017eadovan\u00e9 jm\u00e9no a \u010d\u00edslo.<\/p>\n<p>Tipy pro pran\u00ed: Doporu\u010dujeme pr\u00e1t fotbalov\u00e1 tri\u010dka v ruce. Pokud chcete pou\u017e\u00edt pra\u010dku, nezapome\u0148te fotbalov\u00e1 tri\u010dka obr\u00e1tit naruby a pot\u00e9 je vyprat. Pra\u010dku napl\u0148te studenou vodou a pou\u017eijte jemn\u00fd cyklus, abyste l\u00e9pe ochr\u00e1nili barvy.<\/p>","protected":false},"excerpt":{"rendered":"<p>Chelsea brank\u00e1\u0159 dom\u00e1c\u00ed dres pro d\u011bti 2024-25 fotbalov\u00e9 dresy levn\u011b oran\u017eov\u00e9 tipy na tisk: Pokud jm\u00e9no a \u010d\u00edslo na obr\u00e1zku p\u0159esn\u011b odpov\u00eddaj\u00ed va\u0161im po\u017eadavk\u016fm, nemus\u00edte je znovu zad\u00e1vat. Pokud ne, m\u011bli byste zadat po\u017eadovan\u00e9 jm\u00e9no a \u010d\u00edslo. Tipy na pran\u00ed: Doporu\u010duje se ru\u010dn\u00ed pran\u00ed fotbalov\u00fdch dres\u016f. Pokud budete pr\u00e1t ve pra\u010dce [\u2026]<\/p>","protected":false},"featured_media":22030,"comment_status":"open","ping_status":"closed","template":"","meta":[],"product_brand":[],"product_cat":[162],"product_tag":[20,831,1514,832,163,1513,24,94],"class_list":{"0":"post-22028","1":"product","2":"type-product","3":"status-publish","4":"has-post-thumbnail","6":"product_cat-chelsea-kindertrikot","7":"product_tag-coole-fussballtrikots","8":"product_tag-chelsea-fussballtrikots-kinder","9":"product_tag-chelsea-torwartbekleidung-fussball-kinder","10":"product_tag-chelsea-trikot-fuer-kinder","11":"product_tag-chelsea-trikotsatz-fuer-kinder","12":"product_tag-guenstige-chelsea-torwarttrikot-kinder","13":"product_tag-guenstiges-fussballtrikot","14":"product_tag-kinder-fussball-trikotsatz","16":"first","17":"instock","18":"shipping-taxable","19":"purchasable","20":"product-type-variable"},"_links":{"self":[{"href":"https:\/\/www.billigtrikotde.com\/cs\/wp-json\/wp\/v2\/product\/22028","targetHints":{"allow":["GET"]}}],"collection":[{"href":"https:\/\/www.billigtrikotde.com\/cs\/wp-json\/wp\/v2\/product"}],"about":[{"href":"https:\/\/www.billigtrikotde.com\/cs\/wp-json\/wp\/v2\/types\/product"}],"replies":[{"embeddable":true,"href":"https:\/\/www.billigtrikotde.com\/cs\/wp-json\/wp\/v2\/comments?post=22028"}],"wp:featuredmedia":[{"embeddable":true,"href":"https:\/\/www.billigtrikotde.com\/cs\/wp-json\/wp\/v2\/media\/22030"}],"wp:attachment":[{"href":"https:\/\/www.billigtrikotde.com\/cs\/wp-json\/wp\/v2\/media?parent=22028"}],"wp:term":[{"taxonomy":"product_brand","embeddable":true,"href":"https:\/\/www.billigtrikotde.com\/cs\/wp-json\/wp\/v2\/product_brand?post=22028"},{"taxonomy":"product_cat","embeddable":true,"href":"https:\/\/www.billigtrikotde.com\/cs\/wp-json\/wp\/v2\/product_cat?post=22028"},{"taxonomy":"product_tag","embeddable":true,"href":"https:\/\/www.billigtrikotde.com\/cs\/wp-json\/wp\/v2\/product_tag?post=22028"}],"curies":[{"name":"wp","href":"https:\/\/api.w.org\/{rel}","templated":true}]}}