{"id":22025,"date":"2025-05-30T15:25:22","date_gmt":"2025-05-30T13:25:22","guid":{"rendered":"https:\/\/www.billigtrikotde.com\/?post_type=product&#038;p=22025"},"modified":"2025-05-30T15:41:23","modified_gmt":"2025-05-30T13:41:23","slug":"chelsea-torwart-auswaertstrikot-kinder-2024-25-fussball-trikotsatz","status":"publish","type":"product","link":"https:\/\/www.billigtrikotde.com\/cs\/chelsea-torwart-auswaertstrikot-kinder-2024-25-fussball-trikotsatz\/","title":{"rendered":"Chelsea brank\u00e1\u0159sk\u00e9 venkovn\u00ed dresy pro d\u011bti 2024-25 fotbalov\u00e1 sada dres\u016f"},"content":{"rendered":"<h3>Chelsea brank\u00e1\u0159sk\u00e9 venkovn\u00ed dresy pro d\u011bti 2024-25 fotbalov\u00e1 sada dres\u016f<\/h3>\n<p>Tipy pro tisk: Pokud jsou jm\u00e9no a \u010d\u00edslo na obr\u00e1zku p\u0159esn\u011b takov\u00e9, jak\u00e9 chcete, nemus\u00edte je zad\u00e1vat znovu. Pokud tomu tak nen\u00ed, m\u011bli byste zadat po\u017eadovan\u00e9 jm\u00e9no a \u010d\u00edslo.<\/p>\n<p>Tipy pro pran\u00ed: Doporu\u010dujeme pr\u00e1t fotbalov\u00e1 tri\u010dka v ruce. Pokud chcete pou\u017e\u00edt pra\u010dku, nezapome\u0148te fotbalov\u00e1 tri\u010dka obr\u00e1tit naruby a pot\u00e9 je vyprat. Pra\u010dku napl\u0148te studenou vodou a pou\u017eijte jemn\u00fd cyklus, abyste l\u00e9pe ochr\u00e1nili barvy.<\/p>","protected":false},"excerpt":{"rendered":"<p>Chelsea Torwart Ausw\u00e4rtstrikot Kinder 2024-25 Fu\u00dfball trikotsatz Tipps zum Drucken: Wenn der Name und die Nummer auf dem Bild genau Ihren W\u00fcnschen entsprechen, m\u00fcssen Sie sie nicht erneut eingeben. Wenn nicht, sollten Sie Ihren gew\u00fcnschten Namen und Ihre Nummer eingeben. Tipps zum Waschen: Es wird empfohlen, Fu\u00dfballtrikots von Hand zu waschen. Wenn Sie die Waschmaschine [&hellip;]<\/p>","protected":false},"featured_media":22027,"comment_status":"open","ping_status":"closed","template":"","meta":[],"product_brand":[],"product_cat":[162],"product_tag":[20,831,1514,832,163,1513,24,94],"class_list":{"0":"post-22025","1":"product","2":"type-product","3":"status-publish","4":"has-post-thumbnail","6":"product_cat-chelsea-kindertrikot","7":"product_tag-coole-fussballtrikots","8":"product_tag-chelsea-fussballtrikots-kinder","9":"product_tag-chelsea-torwartbekleidung-fussball-kinder","10":"product_tag-chelsea-trikot-fuer-kinder","11":"product_tag-chelsea-trikotsatz-fuer-kinder","12":"product_tag-guenstige-chelsea-torwarttrikot-kinder","13":"product_tag-guenstiges-fussballtrikot","14":"product_tag-kinder-fussball-trikotsatz","16":"first","17":"instock","18":"shipping-taxable","19":"purchasable","20":"product-type-variable"},"_links":{"self":[{"href":"https:\/\/www.billigtrikotde.com\/cs\/wp-json\/wp\/v2\/product\/22025","targetHints":{"allow":["GET"]}}],"collection":[{"href":"https:\/\/www.billigtrikotde.com\/cs\/wp-json\/wp\/v2\/product"}],"about":[{"href":"https:\/\/www.billigtrikotde.com\/cs\/wp-json\/wp\/v2\/types\/product"}],"replies":[{"embeddable":true,"href":"https:\/\/www.billigtrikotde.com\/cs\/wp-json\/wp\/v2\/comments?post=22025"}],"wp:featuredmedia":[{"embeddable":true,"href":"https:\/\/www.billigtrikotde.com\/cs\/wp-json\/wp\/v2\/media\/22027"}],"wp:attachment":[{"href":"https:\/\/www.billigtrikotde.com\/cs\/wp-json\/wp\/v2\/media?parent=22025"}],"wp:term":[{"taxonomy":"product_brand","embeddable":true,"href":"https:\/\/www.billigtrikotde.com\/cs\/wp-json\/wp\/v2\/product_brand?post=22025"},{"taxonomy":"product_cat","embeddable":true,"href":"https:\/\/www.billigtrikotde.com\/cs\/wp-json\/wp\/v2\/product_cat?post=22025"},{"taxonomy":"product_tag","embeddable":true,"href":"https:\/\/www.billigtrikotde.com\/cs\/wp-json\/wp\/v2\/product_tag?post=22025"}],"curies":[{"name":"wp","href":"https:\/\/api.w.org\/{rel}","templated":true}]}}