{"id":21907,"date":"2025-05-17T15:45:03","date_gmt":"2025-05-17T13:45:03","guid":{"rendered":"https:\/\/www.billigtrikotde.com\/?post_type=product&#038;p=21907"},"modified":"2025-05-21T15:30:51","modified_gmt":"2025-05-21T13:30:51","slug":"manchester-city-heim-trikotsatz-2025-26-blau-fussballtrikots","status":"publish","type":"product","link":"https:\/\/www.billigtrikotde.com\/cs\/manchester-city-heim-trikotsatz-2025-26-blau-fussballtrikots\/","title":{"rendered":"Manchester City dom\u00e1c\u00ed dresov\u00e1 sada 2025-26 fotbalov\u00e9 dresy"},"content":{"rendered":"<h3>Dom\u00e1c\u00ed dresov\u00fd set Manchester City 2025-26 Modr\u00e9 fotbalov\u00e9 dresy<\/h3>\n<p>Poprv\u00e9 v historii klubu byl dom\u00e1c\u00ed dres Manchester City FC 2025\/26 p\u00e1nsk\u00fd dom\u00e1c\u00ed dres redesignov\u00e1n s v\u00fdrazn\u00fdm ostr\u00fdm designem a ikonickou sv\u011btle modrou. Je to pocta legend\u00e1rn\u00edm venkovn\u00edm dres\u016fm z minulosti a symbol jedine\u010dn\u00e9ho ducha klubu. Tento dom\u00e1c\u00ed dres spojuje tradici s inovac\u00ed a slavitn\u00edm diagon\u00e1ln\u00edm pruhem p\u0159ipom\u00edn\u00e1 historii City a z\u00e1rove\u0148 odv\u00e1\u017en\u011b hled\u00ed do budoucnosti. Je navr\u017een pro pohodl\u00ed a v\u00fdkon a je vyroben z lehk\u00e9ho ULTRAWEAVE materi\u00e1lu a technologie dryCELL, kter\u00e1 odv\u00e1d\u00ed pot a udr\u017e\u00ed v\u00e1s chladn\u00e9 na h\u0159i\u0161ti i mimo n\u011bj.<\/p>\n<p>Tipy pro tisk: Pokud jsou jm\u00e9no a \u010d\u00edslo na obr\u00e1zku p\u0159esn\u011b takov\u00e9, jak\u00e9 chcete, nemus\u00edte je zad\u00e1vat znovu. Pokud tomu tak nen\u00ed, m\u011bli byste zadat po\u017eadovan\u00e9 jm\u00e9no a \u010d\u00edslo.<\/p>\n<p>Tipy pro pran\u00ed: Doporu\u010dujeme pr\u00e1t fotbalov\u00e1 tri\u010dka v ruce. Pokud chcete pou\u017e\u00edt pra\u010dku, nezapome\u0148te fotbalov\u00e1 tri\u010dka obr\u00e1tit naruby a pot\u00e9 je vyprat. Pra\u010dku napl\u0148te studenou vodou a pou\u017eijte jemn\u00fd cyklus, abyste l\u00e9pe ochr\u00e1nili barvy.<\/p>","protected":false},"excerpt":{"rendered":"<p>Manchester City Heim Trikotsatz 2025-26 Blau Fu\u00dfballtrikots Zum ersten Mal in der Vereinsgeschichte wurde das Manchester City FC 2025\/26 Herren-Heimtrikot mit einem markanten Sch\u00e4rpendesign und dem ikonischen Himmelblau neu interpretiert. Es ist eine Hommage an die legend\u00e4ren Ausw\u00e4rtstrikots der Vergangenheit und ein Symbol f\u00fcr den einzigartigen Geist des Vereins. Dieses Heimtrikot verbindet Tradition mit Innovation [&hellip;]<\/p>","protected":false},"featured_media":21909,"comment_status":"open","ping_status":"closed","template":"","meta":[],"product_brand":[],"product_cat":[82],"product_tag":[20,574,21,22,23,24,1311,84],"class_list":{"0":"post-21907","1":"product","2":"type-product","3":"status-publish","4":"has-post-thumbnail","6":"product_cat-manchester-city","7":"product_tag-coole-fussballtrikots","8":"product_tag-fussballtrikot-deutschland","9":"product_tag-fussballtrikot-fuer-herren","10":"product_tag-fussballtrikot-guenstig-kaufen","11":"product_tag-fussballtrikot-kurzarm","12":"product_tag-guenstiges-fussballtrikot","13":"product_tag-manchester-city-fussballtrikots","14":"product_tag-manchester-city-trikots","16":"first","17":"instock","18":"shipping-taxable","19":"purchasable","20":"product-type-variable"},"_links":{"self":[{"href":"https:\/\/www.billigtrikotde.com\/cs\/wp-json\/wp\/v2\/product\/21907","targetHints":{"allow":["GET"]}}],"collection":[{"href":"https:\/\/www.billigtrikotde.com\/cs\/wp-json\/wp\/v2\/product"}],"about":[{"href":"https:\/\/www.billigtrikotde.com\/cs\/wp-json\/wp\/v2\/types\/product"}],"replies":[{"embeddable":true,"href":"https:\/\/www.billigtrikotde.com\/cs\/wp-json\/wp\/v2\/comments?post=21907"}],"wp:featuredmedia":[{"embeddable":true,"href":"https:\/\/www.billigtrikotde.com\/cs\/wp-json\/wp\/v2\/media\/21909"}],"wp:attachment":[{"href":"https:\/\/www.billigtrikotde.com\/cs\/wp-json\/wp\/v2\/media?parent=21907"}],"wp:term":[{"taxonomy":"product_brand","embeddable":true,"href":"https:\/\/www.billigtrikotde.com\/cs\/wp-json\/wp\/v2\/product_brand?post=21907"},{"taxonomy":"product_cat","embeddable":true,"href":"https:\/\/www.billigtrikotde.com\/cs\/wp-json\/wp\/v2\/product_cat?post=21907"},{"taxonomy":"product_tag","embeddable":true,"href":"https:\/\/www.billigtrikotde.com\/cs\/wp-json\/wp\/v2\/product_tag?post=21907"}],"curies":[{"name":"wp","href":"https:\/\/api.w.org\/{rel}","templated":true}]}}