{"id":21896,"date":"2025-05-17T15:06:05","date_gmt":"2025-05-17T13:06:05","guid":{"rendered":"https:\/\/www.billigtrikotde.com\/?post_type=product&#038;p=21896"},"modified":"2025-05-17T16:20:21","modified_gmt":"2025-05-17T14:20:21","slug":"fc-barcelona-x-travis-scott-heimtrikot-2024-25-online-kaufen","status":"publish","type":"product","link":"https:\/\/www.billigtrikotde.com\/cs\/fc-barcelona-x-travis-scott-heimtrikot-2024-25-online-kaufen\/","title":{"rendered":"FC Barcelona X Travis Scott Dom\u00e1c\u00ed dres 2024-25 s kr\u00e1tk\u00fdm ruk\u00e1vem"},"content":{"rendered":"<h3>FC Barcelona X Travis Scott Home Jersey 2024-25 Koupit online<\/h3>\n<p>Dres Barcelona x Travis Scott 2024\/25 v limitovan\u00e9 edici je nezbytnou sou\u010d\u00e1st\u00ed v\u00fdbavy ka\u017ed\u00e9ho fanou\u0161ka. Tento dres je vyroben z vysoce kvalitn\u00edch materi\u00e1l\u016f a zt\u011bles\u0148uje dokonal\u00e9 spojen\u00ed fotbalov\u00e9 a hiphopov\u00e9 kultury. Uka\u017ete svou l\u00e1sku k oboj\u00edmu s t\u00edmto jedine\u010dn\u00fdm a stylov\u00fdm dresem z fanou\u0161kovsk\u00e9 edice.<\/p>\n<p>Tipy pro tisk: Pokud jsou jm\u00e9no a \u010d\u00edslo na obr\u00e1zku p\u0159esn\u011b takov\u00e9, jak\u00e9 chcete, nemus\u00edte je zad\u00e1vat znovu. Pokud tomu tak nen\u00ed, m\u011bli byste zadat po\u017eadovan\u00e9 jm\u00e9no a \u010d\u00edslo.<\/p>\n<p>Tipy pro pran\u00ed: Doporu\u010dujeme pr\u00e1t fotbalov\u00e1 tri\u010dka v ruce. Pokud chcete pou\u017e\u00edt pra\u010dku, nezapome\u0148te fotbalov\u00e1 tri\u010dka obr\u00e1tit naruby a pot\u00e9 je vyprat. Pra\u010dku napl\u0148te studenou vodou a pou\u017eijte jemn\u00fd cyklus, abyste l\u00e9pe ochr\u00e1nili barvy.<\/p>","protected":false},"excerpt":{"rendered":"<p>FC Barcelona x Travis Scott dom\u00e1c\u00ed dres 2024-25 koupit online S jeho limitovan\u00fdm designem je dres Barcelona x Travis Scott 2024\/25 nezbytnost\u00ed pro ka\u017ed\u00e9ho fanou\u0161ka. Vyroben\u00fd z vysoce kvalitn\u00edch materi\u00e1l\u016f, tento dres zt\u011bles\u0148uje dokonal\u00e9 propojen\u00ed fotbalu a hip-hopov\u00e9 kultury. Projev svou l\u00e1sku k ob\u011bma s t\u00edmto jedine\u010dn\u00fdm a stylov\u00fdm fanou\u0161kovsk\u00fdm edi\u010dn\u00edm dresem. Tipy pro potisk: Pokud [\u2026]<\/p>","protected":false},"featured_media":21900,"comment_status":"open","ping_status":"closed","template":"","meta":[],"product_brand":[],"product_cat":[31],"product_tag":[1496,20,1275,21,22,24],"class_list":{"0":"post-21896","1":"product","2":"type-product","3":"status-publish","4":"has-post-thumbnail","6":"product_cat-fc-barcelona","7":"product_tag-barcelona-travis-scott-trikot","8":"product_tag-coole-fussballtrikots","9":"product_tag-fc-barcelona-24-25-trikot","10":"product_tag-fussballtrikot-fuer-herren","11":"product_tag-fussballtrikot-guenstig-kaufen","12":"product_tag-guenstiges-fussballtrikot","14":"first","15":"instock","16":"shipping-taxable","17":"purchasable","18":"product-type-variable"},"_links":{"self":[{"href":"https:\/\/www.billigtrikotde.com\/cs\/wp-json\/wp\/v2\/product\/21896","targetHints":{"allow":["GET"]}}],"collection":[{"href":"https:\/\/www.billigtrikotde.com\/cs\/wp-json\/wp\/v2\/product"}],"about":[{"href":"https:\/\/www.billigtrikotde.com\/cs\/wp-json\/wp\/v2\/types\/product"}],"replies":[{"embeddable":true,"href":"https:\/\/www.billigtrikotde.com\/cs\/wp-json\/wp\/v2\/comments?post=21896"}],"wp:featuredmedia":[{"embeddable":true,"href":"https:\/\/www.billigtrikotde.com\/cs\/wp-json\/wp\/v2\/media\/21900"}],"wp:attachment":[{"href":"https:\/\/www.billigtrikotde.com\/cs\/wp-json\/wp\/v2\/media?parent=21896"}],"wp:term":[{"taxonomy":"product_brand","embeddable":true,"href":"https:\/\/www.billigtrikotde.com\/cs\/wp-json\/wp\/v2\/product_brand?post=21896"},{"taxonomy":"product_cat","embeddable":true,"href":"https:\/\/www.billigtrikotde.com\/cs\/wp-json\/wp\/v2\/product_cat?post=21896"},{"taxonomy":"product_tag","embeddable":true,"href":"https:\/\/www.billigtrikotde.com\/cs\/wp-json\/wp\/v2\/product_tag?post=21896"}],"curies":[{"name":"wp","href":"https:\/\/api.w.org\/{rel}","templated":true}]}}