{"id":21882,"date":"2025-05-16T13:57:15","date_gmt":"2025-05-16T11:57:15","guid":{"rendered":"https:\/\/www.billigtrikotde.com\/?post_type=product&#038;p=21882"},"modified":"2025-05-16T13:58:20","modified_gmt":"2025-05-16T11:58:20","slug":"guenstige-aston-villa-torwart-auswaertstrikot-kinder-2024-25-emiliano-martinez","status":"publish","type":"product","link":"https:\/\/www.billigtrikotde.com\/cs\/guenstige-aston-villa-torwart-auswaertstrikot-kinder-2024-25-emiliano-martinez\/","title":{"rendered":"Aston Villa Emiliano Martinez #23 brank\u00e1\u0159 venkovn\u00ed dres d\u011btsk\u00fd 2024-25 dlouh\u00fd ruk\u00e1v (+ kr\u00e1tk\u00e9 kalhoty)"},"content":{"rendered":"<h3>Levn\u00fd Aston Villa brank\u00e1\u0159sk\u00fd venkovn\u00ed dres d\u011bti 2024-25 Emiliano Martinez<\/h3>\n<p>Tipy pro tisk: Pokud jsou jm\u00e9no a \u010d\u00edslo na obr\u00e1zku p\u0159esn\u011b takov\u00e9, jak\u00e9 chcete, nemus\u00edte je zad\u00e1vat znovu. Pokud tomu tak nen\u00ed, m\u011bli byste zadat po\u017eadovan\u00e9 jm\u00e9no a \u010d\u00edslo.<\/p>\n<p>Tipy pro pran\u00ed: Doporu\u010dujeme pr\u00e1t fotbalov\u00e1 tri\u010dka v ruce. Pokud chcete pou\u017e\u00edt pra\u010dku, nezapome\u0148te fotbalov\u00e1 tri\u010dka obr\u00e1tit naruby a pot\u00e9 je vyprat. Pra\u010dku napl\u0148te studenou vodou a pou\u017eijte jemn\u00fd cyklus, abyste l\u00e9pe ochr\u00e1nili barvy.<\/p>","protected":false},"excerpt":{"rendered":"<p>Levn\u00fd Aston Villa brank\u00e1\u0159 venkovn\u00ed dres pro d\u011bti 2024-25 Emiliano Martinez Tipy k tisku: Pokud jm\u00e9no a \u010d\u00edslo na obr\u00e1zku p\u0159esn\u011b odpov\u00eddaj\u00ed va\u0161im p\u0159\u00e1n\u00edm, nemus\u00edte je znovu zad\u00e1vat. Pokud ne, m\u011bli byste zadat po\u017eadovan\u00e9 jm\u00e9no a \u010d\u00edslo. Tipy na pran\u00ed: Doporu\u010duje se ru\u010dn\u00ed pran\u00ed fotbalov\u00fdch dres\u016f. Pokud [\u2026]<\/p>","protected":false},"featured_media":21884,"comment_status":"open","ping_status":"closed","template":"","meta":[],"product_brand":[],"product_cat":[893],"product_tag":[895,20,1494,574,22,1491,24,94],"class_list":{"0":"post-21882","1":"product","2":"type-product","3":"status-publish","4":"has-post-thumbnail","6":"product_cat-aston-villa-kindertrikot","7":"product_tag-aston-villa-trikot-fuer-kinder","8":"product_tag-coole-fussballtrikots","9":"product_tag-emiliano-martinez-trikot-kinder-kaufen","10":"product_tag-fussballtrikot-deutschland","11":"product_tag-fussballtrikot-guenstig-kaufen","12":"product_tag-guenstige-aston-villa-trikot-kinder","13":"product_tag-guenstiges-fussballtrikot","14":"product_tag-kinder-fussball-trikotsatz","16":"first","17":"instock","18":"shipping-taxable","19":"purchasable","20":"product-type-variable"},"_links":{"self":[{"href":"https:\/\/www.billigtrikotde.com\/cs\/wp-json\/wp\/v2\/product\/21882","targetHints":{"allow":["GET"]}}],"collection":[{"href":"https:\/\/www.billigtrikotde.com\/cs\/wp-json\/wp\/v2\/product"}],"about":[{"href":"https:\/\/www.billigtrikotde.com\/cs\/wp-json\/wp\/v2\/types\/product"}],"replies":[{"embeddable":true,"href":"https:\/\/www.billigtrikotde.com\/cs\/wp-json\/wp\/v2\/comments?post=21882"}],"wp:featuredmedia":[{"embeddable":true,"href":"https:\/\/www.billigtrikotde.com\/cs\/wp-json\/wp\/v2\/media\/21884"}],"wp:attachment":[{"href":"https:\/\/www.billigtrikotde.com\/cs\/wp-json\/wp\/v2\/media?parent=21882"}],"wp:term":[{"taxonomy":"product_brand","embeddable":true,"href":"https:\/\/www.billigtrikotde.com\/cs\/wp-json\/wp\/v2\/product_brand?post=21882"},{"taxonomy":"product_cat","embeddable":true,"href":"https:\/\/www.billigtrikotde.com\/cs\/wp-json\/wp\/v2\/product_cat?post=21882"},{"taxonomy":"product_tag","embeddable":true,"href":"https:\/\/www.billigtrikotde.com\/cs\/wp-json\/wp\/v2\/product_tag?post=21882"}],"curies":[{"name":"wp","href":"https:\/\/api.w.org\/{rel}","templated":true}]}}