{"id":21841,"date":"2025-06-04T15:15:36","date_gmt":"2025-06-04T13:15:36","guid":{"rendered":"https:\/\/www.billigtrikotde.com\/?post_type=product&#038;p=21841"},"modified":"2025-06-05T16:38:23","modified_gmt":"2025-06-05T14:38:23","slug":"aston-villa-auswaertstrikot-kinder-2024-25-fussball-trikotsatz","status":"publish","type":"product","link":"https:\/\/www.billigtrikotde.com\/cs\/aston-villa-auswaertstrikot-kinder-2024-25-fussball-trikotsatz\/","title":{"rendered":"Aston Villa venkovn\u00ed dres d\u011btsk\u00fd 2024-25 fotbalov\u00fd dresov\u00fd set"},"content":{"rendered":"<h3>Aston Villa venkovn\u00ed dres pro d\u011bti 2024-25 fotbalov\u00e9 dresy sada<\/h3>\n<p>Venkovn\u00ed dres Aston Villa 2024-25 m\u00e1 \u010dist\u00fd vzhled, p\u0159ev\u00e1\u017en\u011b b\u00edlou barvu se t\u0159emi sv\u011btle fialov\u00fdmi pruhy a logy, kter\u00e9 se zdaj\u00ed b\u00fdt v\u00ednov\u011b \u010derven\u00e9 (nebo mo\u017en\u00e1 \u010dern\u00e9). Obl\u00edben\u00e9 raz\u00edtko \u201aAV 150\u2018 je na zadn\u00ed stran\u011b vyvedeno stylovou kaligrafi\u00ed.<\/p>\n<p>Tipy pro tisk: Pokud jsou jm\u00e9no a \u010d\u00edslo na obr\u00e1zku p\u0159esn\u011b takov\u00e9, jak\u00e9 chcete, nemus\u00edte je zad\u00e1vat znovu. Pokud tomu tak nen\u00ed, m\u011bli byste zadat po\u017eadovan\u00e9 jm\u00e9no a \u010d\u00edslo.<\/p>\n<p>Tipy pro pran\u00ed: Doporu\u010dujeme pr\u00e1t fotbalov\u00e1 tri\u010dka v ruce. Pokud chcete pou\u017e\u00edt pra\u010dku, nezapome\u0148te fotbalov\u00e1 tri\u010dka obr\u00e1tit naruby a pot\u00e9 je vyprat. Pra\u010dku napl\u0148te studenou vodou a pou\u017eijte jemn\u00fd cyklus, abyste l\u00e9pe ochr\u00e1nili barvy.<\/p>","protected":false},"excerpt":{"rendered":"<p>D\u011btsk\u00fd venkovn\u00ed dres Aston Villa 2024-25 sady fotbalov\u00fdch dres\u016f Venkovn\u00ed dres Aston Villa 2024-25 m\u00e1 \u010dist\u00fd vzhled p\u0159ev\u00e1\u017en\u011b b\u00edl\u00e9 barvy se t\u0159emi levandulov\u00fdmi pruhy a logy, kter\u00e9 se zdaj\u00ed b\u00fdt v\u00ednov\u011b \u010derven\u00e9 (nebo mo\u017en\u00e1 \u010dern\u00e9). Jubilejn\u00ed zn\u00e1mka \u201eAV 150\u201c je na zadn\u00ed stran\u011b vyti\u0161t\u011bna stylovou kaligrafi\u00ed. Tipy k tisku: Pokud jm\u00e9no a \u010d\u00edslo [\u2026]<\/p>","protected":false},"featured_media":21843,"comment_status":"open","ping_status":"closed","template":"","meta":[],"product_brand":[],"product_cat":[893],"product_tag":[894,895,20,574,22,1491,24,94],"class_list":{"0":"post-21841","1":"product","2":"type-product","3":"status-publish","4":"has-post-thumbnail","6":"product_cat-aston-villa-kindertrikot","7":"product_tag-aston-villa-fussballtrikots-kinder-mit-eigenem-namen","8":"product_tag-aston-villa-trikot-fuer-kinder","9":"product_tag-coole-fussballtrikots","10":"product_tag-fussballtrikot-deutschland","11":"product_tag-fussballtrikot-guenstig-kaufen","12":"product_tag-guenstige-aston-villa-trikot-kinder","13":"product_tag-guenstiges-fussballtrikot","14":"product_tag-kinder-fussball-trikotsatz","16":"first","17":"instock","18":"shipping-taxable","19":"purchasable","20":"product-type-variable"},"_links":{"self":[{"href":"https:\/\/www.billigtrikotde.com\/cs\/wp-json\/wp\/v2\/product\/21841","targetHints":{"allow":["GET"]}}],"collection":[{"href":"https:\/\/www.billigtrikotde.com\/cs\/wp-json\/wp\/v2\/product"}],"about":[{"href":"https:\/\/www.billigtrikotde.com\/cs\/wp-json\/wp\/v2\/types\/product"}],"replies":[{"embeddable":true,"href":"https:\/\/www.billigtrikotde.com\/cs\/wp-json\/wp\/v2\/comments?post=21841"}],"wp:featuredmedia":[{"embeddable":true,"href":"https:\/\/www.billigtrikotde.com\/cs\/wp-json\/wp\/v2\/media\/21843"}],"wp:attachment":[{"href":"https:\/\/www.billigtrikotde.com\/cs\/wp-json\/wp\/v2\/media?parent=21841"}],"wp:term":[{"taxonomy":"product_brand","embeddable":true,"href":"https:\/\/www.billigtrikotde.com\/cs\/wp-json\/wp\/v2\/product_brand?post=21841"},{"taxonomy":"product_cat","embeddable":true,"href":"https:\/\/www.billigtrikotde.com\/cs\/wp-json\/wp\/v2\/product_cat?post=21841"},{"taxonomy":"product_tag","embeddable":true,"href":"https:\/\/www.billigtrikotde.com\/cs\/wp-json\/wp\/v2\/product_tag?post=21841"}],"curies":[{"name":"wp","href":"https:\/\/api.w.org\/{rel}","templated":true}]}}