{"id":21796,"date":"2025-05-22T14:28:21","date_gmt":"2025-05-22T12:28:21","guid":{"rendered":"https:\/\/www.billigtrikotde.com\/?post_type=product&#038;p=21796"},"modified":"2025-05-22T14:28:22","modified_gmt":"2025-05-22T12:28:22","slug":"fussballtrikots-inter-milan-torwart-heimtrikot-2024-25-gruen","status":"publish","type":"product","link":"https:\/\/www.billigtrikotde.com\/cs\/fussballtrikots-inter-milan-torwart-heimtrikot-2024-25-gruen\/","title":{"rendered":"Fotbalov\u00e9 dresy Inter Mil\u00e1n brank\u00e1\u0159 dom\u00e1c\u00ed dres 2024-25 Zelen\u00e1"},"content":{"rendered":"<h3>Fotbalov\u00e9 dresy Inter Mil\u00e1n brank\u00e1\u0159 dom\u00e1c\u00ed dres 2024-25 Zelen\u00e1<\/h3>\n<p>Tipy pro tisk: Pokud jsou jm\u00e9no a \u010d\u00edslo na obr\u00e1zku p\u0159esn\u011b takov\u00e9, jak\u00e9 chcete, nemus\u00edte je zad\u00e1vat znovu. Pokud tomu tak nen\u00ed, m\u011bli byste zadat po\u017eadovan\u00e9 jm\u00e9no a \u010d\u00edslo.<br \/>\nTipy pro pran\u00ed: Doporu\u010dujeme pr\u00e1t fotbalov\u00e1 tri\u010dka v ruce. Pokud chcete pou\u017e\u00edt pra\u010dku, nezapome\u0148te fotbalov\u00e1 tri\u010dka obr\u00e1tit naruby a pot\u00e9 je vyprat. Pra\u010dku napl\u0148te studenou vodou a pou\u017eijte jemn\u00fd cyklus, abyste l\u00e9pe ochr\u00e1nili barvy.<\/p>","protected":false},"excerpt":{"rendered":"<p>D\u011btsk\u00e9 fotbalov\u00e9 dresy Arsenal brank\u00e1\u0159 dom\u00e1c\u00ed dres 2024-25 Tipy na tisk: Pokud jm\u00e9no a \u010d\u00edslo na obr\u00e1zku p\u0159esn\u011b odpov\u00eddaj\u00ed va\u0161im p\u0159\u00e1n\u00edm, nemus\u00edte je znovu zad\u00e1vat. Pokud ne, m\u011bli byste zadat po\u017eadovan\u00e9 jm\u00e9no a \u010d\u00edslo. Tipy na pran\u00ed: Doporu\u010duje se ru\u010dn\u00ed pran\u00ed fotbalov\u00fdch dres\u016f. Pokud pou\u017e\u00edv\u00e1te pra\u010dku [\u2026]<\/p>","protected":false},"featured_media":21798,"comment_status":"open","ping_status":"closed","template":"","meta":[],"product_brand":[],"product_cat":[77],"product_tag":[20,215,1488,780,1489,781,94],"class_list":{"0":"post-21796","1":"product","2":"type-product","3":"status-publish","4":"has-post-thumbnail","6":"product_cat-inter-milan","7":"product_tag-coole-fussballtrikots","8":"product_tag-fussball-trikot-kurzarm","9":"product_tag-guenstige-inter-milan-torwarttrikot-kinder","10":"product_tag-inter-milan-fussballtrikots-kinder","11":"product_tag-inter-milan-torwartbekleidung-fussball-kinder","12":"product_tag-inter-milan-trikot-fuer-kinder","13":"product_tag-kinder-fussball-trikotsatz","15":"first","16":"instock","17":"shipping-taxable","18":"purchasable","19":"product-type-variable"},"_links":{"self":[{"href":"https:\/\/www.billigtrikotde.com\/cs\/wp-json\/wp\/v2\/product\/21796","targetHints":{"allow":["GET"]}}],"collection":[{"href":"https:\/\/www.billigtrikotde.com\/cs\/wp-json\/wp\/v2\/product"}],"about":[{"href":"https:\/\/www.billigtrikotde.com\/cs\/wp-json\/wp\/v2\/types\/product"}],"replies":[{"embeddable":true,"href":"https:\/\/www.billigtrikotde.com\/cs\/wp-json\/wp\/v2\/comments?post=21796"}],"wp:featuredmedia":[{"embeddable":true,"href":"https:\/\/www.billigtrikotde.com\/cs\/wp-json\/wp\/v2\/media\/21798"}],"wp:attachment":[{"href":"https:\/\/www.billigtrikotde.com\/cs\/wp-json\/wp\/v2\/media?parent=21796"}],"wp:term":[{"taxonomy":"product_brand","embeddable":true,"href":"https:\/\/www.billigtrikotde.com\/cs\/wp-json\/wp\/v2\/product_brand?post=21796"},{"taxonomy":"product_cat","embeddable":true,"href":"https:\/\/www.billigtrikotde.com\/cs\/wp-json\/wp\/v2\/product_cat?post=21796"},{"taxonomy":"product_tag","embeddable":true,"href":"https:\/\/www.billigtrikotde.com\/cs\/wp-json\/wp\/v2\/product_tag?post=21796"}],"curies":[{"name":"wp","href":"https:\/\/api.w.org\/{rel}","templated":true}]}}