{"id":21698,"date":"2025-05-08T16:26:01","date_gmt":"2025-05-08T14:26:01","guid":{"rendered":"https:\/\/www.billigtrikotde.com\/?post_type=product&#038;p=21698"},"modified":"2025-05-08T16:26:04","modified_gmt":"2025-05-08T14:26:04","slug":"kinder-fussball-trikot-juventus-3rd-trikot-2024-25-marineblau","status":"publish","type":"product","link":"https:\/\/www.billigtrikotde.com\/cs\/kinder-fussball-trikot-juventus-3rd-trikot-2024-25-marineblau\/","title":{"rendered":"Juventus 3. dres pro d\u011bti 2024-25 kr\u00e1tk\u00fd ruk\u00e1v (+ kr\u00e1tk\u00e9 kalhoty)"},"content":{"rendered":"<h3>D\u011btsk\u00fd fotbalov\u00fd dres Juventus 3. dres 2024-25 tmav\u011b modr\u00e1<\/h3>\n<p>Tipy pro tisk: Pokud jsou jm\u00e9no a \u010d\u00edslo na obr\u00e1zku p\u0159esn\u011b takov\u00e9, jak\u00e9 chcete, nemus\u00edte je zad\u00e1vat znovu. Pokud tomu tak nen\u00ed, m\u011bli byste zadat po\u017eadovan\u00e9 jm\u00e9no a \u010d\u00edslo.<\/p>\n<p>Tipy pro pran\u00ed: Doporu\u010dujeme pr\u00e1t fotbalov\u00e1 tri\u010dka v ruce. Pokud chcete pou\u017e\u00edt pra\u010dku, nezapome\u0148te fotbalov\u00e1 tri\u010dka obr\u00e1tit naruby a pot\u00e9 je vyprat. Pra\u010dku napl\u0148te studenou vodou a pou\u017eijte jemn\u00fd cyklus, abyste l\u00e9pe ochr\u00e1nili barvy.<\/p>","protected":false},"excerpt":{"rendered":"<p>D\u011btsk\u00fd fotbalov\u00fd dres Juventus 3rd dres 2024-25 tmav\u011b modr\u00fd tipy na tisk: Pokud jm\u00e9no a \u010d\u00edslo na sn\u00edmku odpov\u00eddaj\u00ed va\u0161im po\u017eadavk\u016fm, nemus\u00edte je zad\u00e1vat znovu. Pokud ne, m\u011bli byste zadat po\u017eadovan\u00e9 jm\u00e9no a \u010d\u00edslo. Tipy na pran\u00ed: Doporu\u010duje se pr\u00e1t fotbalov\u00e9 dresy ru\u010dn\u011b. Pokud budete pou\u017e\u00edvat pra\u010dku [\u2026]<\/p>","protected":false},"featured_media":21700,"comment_status":"open","ping_status":"closed","template":"","meta":[],"product_brand":[],"product_cat":[148],"product_tag":[20,574,24,855,856,61,149,94],"class_list":{"0":"post-21698","1":"product","2":"type-product","3":"status-publish","4":"has-post-thumbnail","6":"product_cat-juventus-kindertrikot","7":"product_tag-coole-fussballtrikots","8":"product_tag-fussballtrikot-deutschland","9":"product_tag-guenstiges-fussballtrikot","10":"product_tag-juventus-fussballtrikots-kinder","11":"product_tag-juventus-trikot-fuer-kinder","12":"product_tag-juventus-trikots","13":"product_tag-juventus-trikotsatz-fuer-kinder","14":"product_tag-kinder-fussball-trikotsatz","16":"first","17":"instock","18":"shipping-taxable","19":"purchasable","20":"product-type-variable"},"_links":{"self":[{"href":"https:\/\/www.billigtrikotde.com\/cs\/wp-json\/wp\/v2\/product\/21698","targetHints":{"allow":["GET"]}}],"collection":[{"href":"https:\/\/www.billigtrikotde.com\/cs\/wp-json\/wp\/v2\/product"}],"about":[{"href":"https:\/\/www.billigtrikotde.com\/cs\/wp-json\/wp\/v2\/types\/product"}],"replies":[{"embeddable":true,"href":"https:\/\/www.billigtrikotde.com\/cs\/wp-json\/wp\/v2\/comments?post=21698"}],"wp:featuredmedia":[{"embeddable":true,"href":"https:\/\/www.billigtrikotde.com\/cs\/wp-json\/wp\/v2\/media\/21700"}],"wp:attachment":[{"href":"https:\/\/www.billigtrikotde.com\/cs\/wp-json\/wp\/v2\/media?parent=21698"}],"wp:term":[{"taxonomy":"product_brand","embeddable":true,"href":"https:\/\/www.billigtrikotde.com\/cs\/wp-json\/wp\/v2\/product_brand?post=21698"},{"taxonomy":"product_cat","embeddable":true,"href":"https:\/\/www.billigtrikotde.com\/cs\/wp-json\/wp\/v2\/product_cat?post=21698"},{"taxonomy":"product_tag","embeddable":true,"href":"https:\/\/www.billigtrikotde.com\/cs\/wp-json\/wp\/v2\/product_tag?post=21698"}],"curies":[{"name":"wp","href":"https:\/\/api.w.org\/{rel}","templated":true}]}}