{"id":21624,"date":"2025-05-05T15:43:09","date_gmt":"2025-05-05T13:43:09","guid":{"rendered":"https:\/\/www.billigtrikotde.com\/?post_type=product&#038;p=21624"},"modified":"2025-05-06T15:23:22","modified_gmt":"2025-05-06T13:23:22","slug":"herren-trikot-denver-nuggets-marineblau-swingman-kaufen-online","status":"publish","type":"product","link":"https:\/\/www.billigtrikotde.com\/cs\/herren-trikot-denver-nuggets-marineblau-swingman-kaufen-online\/","title":{"rendered":"P\u00e1nsk\u00e9 dresy Denver Nuggets tmav\u011b modr\u00e9 Swingman personalizovateln\u00e9"},"content":{"rendered":"<h3>P\u00e1nsk\u00e9 triko Denver Nuggets tmav\u011b modr\u00e9 swingman online koupit<\/h3>\n<p>Pro fanou\u0161ky NBA je modr\u00e9 p\u00e1nsk\u00e9 t\u00edlko Denver Nuggets Swingman Icon Edition 22\/23 spr\u00e1vn\u00e1 volba. Je vyroben\u00e9 z vysoce kvalitn\u00edch materi\u00e1l\u016f a nab\u00edz\u00ed pohodl\u00ed a volnost pohybu.<\/p>\n<p>Modr\u00e9 p\u00e1nsk\u00e9 t\u00edlko Denver Nuggets Swingman Icon Edition 22\/23 m\u00e1 technologii Dri-Fit, kter\u00e1 odv\u00e1d\u00ed pot od t\u011bla a udr\u017e\u00ed v\u00e1s such\u00e9 i v t\u011bch nej\u017ehav\u011bj\u0161\u00edch dnech.<\/p>\n<p>S individu\u00e1ln\u00edm potiskem umo\u017e\u0148uje modr\u00e9 p\u00e1nsk\u00e9 t\u00edlko Denver Nuggets Swingman Icon Edition 22\/23 fanou\u0161kovi neuv\u011b\u0159iteln\u00fd vzhled. Nenechte si uj\u00edt tuto p\u0159\u00edle\u017eitost a kupte si ho je\u0161t\u011b dnes!<\/p>","protected":false},"excerpt":{"rendered":"<p>Herren Trikot Denver Nuggets Marineblau Swingman kaufen online F\u00fcr NBA-Fans ist das blaue Herren-Tanktop Denver Nuggets Swingman Icon Edition 22\/23 die richtige Wahl. Es ist aus hochwertigen Materialien gefertigt und bietet Komfort und Bewegungsfreiheit. Das blaue Herren-Tanktop der Denver Nuggets Swingman Icon Edition 22\/23 verf\u00fcgt \u00fcber die Dri-Fit-Technologie, die Schwei\u00df vom K\u00f6rper absorbiert und Sie [&hellip;]<\/p>","protected":false},"featured_media":21626,"comment_status":"open","ping_status":"closed","template":"","meta":[],"product_brand":[],"product_cat":[1485],"product_tag":[1486],"class_list":{"0":"post-21624","1":"product","2":"type-product","3":"status-publish","4":"has-post-thumbnail","6":"product_cat-denver-nuggets-trikots","7":"product_tag-trikot-denver-nuggets","9":"first","10":"instock","11":"shipping-taxable","12":"purchasable","13":"product-type-variable"},"_links":{"self":[{"href":"https:\/\/www.billigtrikotde.com\/cs\/wp-json\/wp\/v2\/product\/21624","targetHints":{"allow":["GET"]}}],"collection":[{"href":"https:\/\/www.billigtrikotde.com\/cs\/wp-json\/wp\/v2\/product"}],"about":[{"href":"https:\/\/www.billigtrikotde.com\/cs\/wp-json\/wp\/v2\/types\/product"}],"replies":[{"embeddable":true,"href":"https:\/\/www.billigtrikotde.com\/cs\/wp-json\/wp\/v2\/comments?post=21624"}],"wp:featuredmedia":[{"embeddable":true,"href":"https:\/\/www.billigtrikotde.com\/cs\/wp-json\/wp\/v2\/media\/21626"}],"wp:attachment":[{"href":"https:\/\/www.billigtrikotde.com\/cs\/wp-json\/wp\/v2\/media?parent=21624"}],"wp:term":[{"taxonomy":"product_brand","embeddable":true,"href":"https:\/\/www.billigtrikotde.com\/cs\/wp-json\/wp\/v2\/product_brand?post=21624"},{"taxonomy":"product_cat","embeddable":true,"href":"https:\/\/www.billigtrikotde.com\/cs\/wp-json\/wp\/v2\/product_cat?post=21624"},{"taxonomy":"product_tag","embeddable":true,"href":"https:\/\/www.billigtrikotde.com\/cs\/wp-json\/wp\/v2\/product_tag?post=21624"}],"curies":[{"name":"wp","href":"https:\/\/api.w.org\/{rel}","templated":true}]}}