{"id":21553,"date":"2025-04-29T14:09:08","date_gmt":"2025-04-29T12:09:08","guid":{"rendered":"https:\/\/www.billigtrikotde.com\/?post_type=product&#038;p=21553"},"modified":"2025-04-29T14:09:09","modified_gmt":"2025-04-29T12:09:09","slug":"billige-fussballtrikots-barcelona-torwart-3rd-trikot-kinder-2024-25-ter-stegen-1","status":"publish","type":"product","link":"https:\/\/www.billigtrikotde.com\/cs\/billige-fussballtrikots-barcelona-torwart-3rd-trikot-kinder-2024-25-ter-stegen-1\/","title":{"rendered":"Levn\u00e9 fotbalov\u00e9 dresy Barcelona brank\u00e1\u0159 3. t\u0159et\u00ed dres d\u011btsk\u00fd 2024-25 Ter Stegen 1"},"content":{"rendered":"<h3>Levn\u00e9 fotbalov\u00e9 dresy Barcelona brank\u00e1\u0159 3. dres \u010cern\u00fd pro d\u011bti Ter Stegen<\/h3>\n<p>Tipy pro tisk: Pokud jsou jm\u00e9no a \u010d\u00edslo na obr\u00e1zku p\u0159esn\u011b takov\u00e9, jak\u00e9 chcete, nemus\u00edte je zad\u00e1vat znovu. Pokud tomu tak nen\u00ed, m\u011bli byste zadat po\u017eadovan\u00e9 jm\u00e9no a \u010d\u00edslo.<\/p>\n<p>Tipy pro pran\u00ed: Doporu\u010dujeme pr\u00e1t fotbalov\u00e1 tri\u010dka v ruce. Pokud chcete pou\u017e\u00edt pra\u010dku, nezapome\u0148te fotbalov\u00e1 tri\u010dka obr\u00e1tit naruby a pot\u00e9 je vyprat. Pra\u010dku napl\u0148te studenou vodou a pou\u017eijte jemn\u00fd cyklus, abyste l\u00e9pe ochr\u00e1nili barvy.<\/p>","protected":false},"excerpt":{"rendered":"<p>Billige Fussballtrikots Barcelona Torwart 3rd trikot Schwarz Kinder Ter Stegen Tipps zum Drucken: Wenn der Name und die Nummer auf dem Bild genau Ihren W\u00fcnschen entsprechen, m\u00fcssen Sie sie nicht erneut eingeben. Wenn nicht, sollten Sie Ihren gew\u00fcnschten Namen und Ihre Nummer eingeben. Tipps zum Waschen: Es wird empfohlen, Fu\u00dfballtrikots von Hand zu waschen. Wenn [&hellip;]<\/p>","protected":false},"featured_media":21555,"comment_status":"open","ping_status":"closed","template":"","meta":[],"product_brand":[],"product_cat":[146],"product_tag":[707,708,20,215,94,1482],"class_list":{"0":"post-21553","1":"product","2":"type-product","3":"status-publish","4":"has-post-thumbnail","6":"product_cat-barcelona-kindertrikot","7":"product_tag-barcelona-fussballtrikots-kinder","8":"product_tag-barcelona-trikot-fuer-kinder","9":"product_tag-coole-fussballtrikots","10":"product_tag-fussball-trikot-kurzarm","11":"product_tag-kinder-fussball-trikotsatz","12":"product_tag-ter-stegen-trikots","14":"first","15":"instock","16":"shipping-taxable","17":"purchasable","18":"product-type-variable"},"_links":{"self":[{"href":"https:\/\/www.billigtrikotde.com\/cs\/wp-json\/wp\/v2\/product\/21553","targetHints":{"allow":["GET"]}}],"collection":[{"href":"https:\/\/www.billigtrikotde.com\/cs\/wp-json\/wp\/v2\/product"}],"about":[{"href":"https:\/\/www.billigtrikotde.com\/cs\/wp-json\/wp\/v2\/types\/product"}],"replies":[{"embeddable":true,"href":"https:\/\/www.billigtrikotde.com\/cs\/wp-json\/wp\/v2\/comments?post=21553"}],"wp:featuredmedia":[{"embeddable":true,"href":"https:\/\/www.billigtrikotde.com\/cs\/wp-json\/wp\/v2\/media\/21555"}],"wp:attachment":[{"href":"https:\/\/www.billigtrikotde.com\/cs\/wp-json\/wp\/v2\/media?parent=21553"}],"wp:term":[{"taxonomy":"product_brand","embeddable":true,"href":"https:\/\/www.billigtrikotde.com\/cs\/wp-json\/wp\/v2\/product_brand?post=21553"},{"taxonomy":"product_cat","embeddable":true,"href":"https:\/\/www.billigtrikotde.com\/cs\/wp-json\/wp\/v2\/product_cat?post=21553"},{"taxonomy":"product_tag","embeddable":true,"href":"https:\/\/www.billigtrikotde.com\/cs\/wp-json\/wp\/v2\/product_tag?post=21553"}],"curies":[{"name":"wp","href":"https:\/\/api.w.org\/{rel}","templated":true}]}}