{"id":21518,"date":"2025-04-26T11:43:08","date_gmt":"2025-04-26T09:43:08","guid":{"rendered":"https:\/\/www.billigtrikotde.com\/?post_type=product&#038;p=21518"},"modified":"2025-05-22T13:53:00","modified_gmt":"2025-05-22T11:53:00","slug":"atletico-madrid-torwart-heimtrikotsatz-kinder-2024-25-schwarz-fussballtrikots","status":"publish","type":"product","link":"https:\/\/www.billigtrikotde.com\/cs\/atletico-madrid-torwart-heimtrikotsatz-kinder-2024-25-schwarz-fussballtrikots\/","title":{"rendered":"Atletico Madrid Goalkeeper Home Kit Kids 2024-25 black Fotbalov\u00e9 dresy"},"content":{"rendered":"<h3>Atl\u00e9tico Madrid brank\u00e1\u0159 dom\u00e1c\u00ed set d\u011bt\u00ed \u010dern\u00e9 fotbalov\u00e9 dresy s personalizac\u00ed<\/h3>\n<p>Tipy pro tisk: Pokud jsou jm\u00e9no a \u010d\u00edslo na obr\u00e1zku p\u0159esn\u011b takov\u00e9, jak\u00e9 chcete, nemus\u00edte je zad\u00e1vat znovu. Pokud tomu tak nen\u00ed, m\u011bli byste zadat po\u017eadovan\u00e9 jm\u00e9no a \u010d\u00edslo.<\/p>\n<p>Tipy pro pran\u00ed: Doporu\u010dujeme pr\u00e1t fotbalov\u00e1 tri\u010dka v ruce. Pokud chcete pou\u017e\u00edt pra\u010dku, nezapome\u0148te fotbalov\u00e1 tri\u010dka obr\u00e1tit naruby a pot\u00e9 je vyprat. Pra\u010dku napl\u0148te studenou vodou a pou\u017eijte jemn\u00fd cyklus, abyste l\u00e9pe ochr\u00e1nili barvy.<\/p>","protected":false},"excerpt":{"rendered":"<p>Atl\u00e9tico Madrid dom\u00e1c\u00ed dres sada pro d\u011bti \u010dern\u00e1 Fotbalov\u00e9 dresy s mo\u017enost\u00ed personalizace Tipy k tisku: Pokud jm\u00e9no a \u010d\u00edslo na obr\u00e1zku p\u0159esn\u011b odpov\u00eddaj\u00ed va\u0161im p\u0159\u00e1n\u00edm, nemus\u00edte je zad\u00e1vat znovu. Pokud ne, m\u011bli byste zadat po\u017eadovan\u00e9 jm\u00e9no a va\u0161e \u010d\u00edslo. Tipy na pran\u00ed: Doporu\u010duje se ru\u010dn\u00ed pran\u00ed fotbalov\u00fdch dres\u016f. Pokud se [\u2026]<\/p>","protected":false},"featured_media":21520,"comment_status":"open","ping_status":"closed","template":"","meta":[],"product_brand":[],"product_cat":[157],"product_tag":[868,869,20,215,94],"class_list":{"0":"post-21518","1":"product","2":"type-product","3":"status-publish","4":"has-post-thumbnail","6":"product_cat-atletico-madrid-kindertrikot","7":"product_tag-atletico-madrid-fussballtrikots-kinder","8":"product_tag-atletico-madrid-trikot-fuer-kinder","9":"product_tag-coole-fussballtrikots","10":"product_tag-fussball-trikot-kurzarm","11":"product_tag-kinder-fussball-trikotsatz","13":"first","14":"instock","15":"shipping-taxable","16":"purchasable","17":"product-type-variable"},"_links":{"self":[{"href":"https:\/\/www.billigtrikotde.com\/cs\/wp-json\/wp\/v2\/product\/21518","targetHints":{"allow":["GET"]}}],"collection":[{"href":"https:\/\/www.billigtrikotde.com\/cs\/wp-json\/wp\/v2\/product"}],"about":[{"href":"https:\/\/www.billigtrikotde.com\/cs\/wp-json\/wp\/v2\/types\/product"}],"replies":[{"embeddable":true,"href":"https:\/\/www.billigtrikotde.com\/cs\/wp-json\/wp\/v2\/comments?post=21518"}],"wp:featuredmedia":[{"embeddable":true,"href":"https:\/\/www.billigtrikotde.com\/cs\/wp-json\/wp\/v2\/media\/21520"}],"wp:attachment":[{"href":"https:\/\/www.billigtrikotde.com\/cs\/wp-json\/wp\/v2\/media?parent=21518"}],"wp:term":[{"taxonomy":"product_brand","embeddable":true,"href":"https:\/\/www.billigtrikotde.com\/cs\/wp-json\/wp\/v2\/product_brand?post=21518"},{"taxonomy":"product_cat","embeddable":true,"href":"https:\/\/www.billigtrikotde.com\/cs\/wp-json\/wp\/v2\/product_cat?post=21518"},{"taxonomy":"product_tag","embeddable":true,"href":"https:\/\/www.billigtrikotde.com\/cs\/wp-json\/wp\/v2\/product_tag?post=21518"}],"curies":[{"name":"wp","href":"https:\/\/api.w.org\/{rel}","templated":true}]}}