{"id":21437,"date":"2025-04-10T09:57:20","date_gmt":"2025-04-10T07:57:20","guid":{"rendered":"https:\/\/www.billigtrikotde.com\/?post_type=product&#038;p=21437"},"modified":"2025-05-07T11:45:01","modified_gmt":"2025-05-07T09:45:01","slug":"kinder-real-madrid-heim-trikotsatz-2025-26-kylian-mbappe-9","status":"publish","type":"product","link":"https:\/\/www.billigtrikotde.com\/cs\/kinder-real-madrid-heim-trikotsatz-2025-26-kylian-mbappe-9\/","title":{"rendered":"D\u011btsk\u00e1 dom\u00e1c\u00ed souprava Realu Madrid 2025-26 Kylian Mbapp\u00e9 9"},"content":{"rendered":"<h2>Popis d\u011btsk\u00e9 dom\u00e1c\u00ed sady dres\u016f Real Madrid 2025-26 Kylian Mbapp\u00e9 9:<\/h2>\n<ul>\n<li>N\u00e1\u0161 bal\u00ed\u010dek obsahuje p\u0159esn\u011b to, co bylo na produktov\u00fdch fotografi\u00edch p\u0159i objedn\u00e1vce zobrazeno.<\/li>\n<li>Toto je dom\u00e1c\u00ed dres Real Madrid pro d\u011bti pro sez\u00f3nu 2025\/26 v ikonick\u00e9m b\u00edl\u00e9m klubov\u00e9m designu.<\/li>\n<li>Dres m\u00e1 \u010dern\u00e9 pruhy na ramenou a \u017elut\u00e9 lemov\u00e1n\u00ed, kter\u00e9 dod\u00e1vaj\u00ed klasick\u00e9mu vzhledu modern\u00ed n\u00e1dech.<\/li>\n<li>Technologie AEROREADY zaji\u0161\u0165uje odvod vlhkosti a prody\u0161nost pro mlad\u00e9 fanou\u0161ky.<\/li>\n<li>Ide\u00e1ln\u00ed pro mlad\u00e9 fanou\u0161ky, kte\u0159\u00ed podporuj\u00ed sv\u016fj t\u00fdm ekologicky a stylov\u011b a z\u00e1rove\u0148 p\u0159i h\u0159e z\u016fst\u00e1vaj\u00ed chladn\u00ed a pohodln\u00ed.<\/li>\n<\/ul>\n<p>Tipy pro tisk: Pokud jsou jm\u00e9no a \u010d\u00edslo na obr\u00e1zku p\u0159esn\u011b takov\u00e9, jak\u00e9 chcete, nemus\u00edte je zad\u00e1vat znovu. Pokud tomu tak nen\u00ed, m\u011bli byste zadat po\u017eadovan\u00e9 jm\u00e9no a \u010d\u00edslo.<\/p>\n<p>Tipy pro pran\u00ed: Doporu\u010dujeme pr\u00e1t fotbalov\u00e1 tri\u010dka v ruce. Pokud chcete pou\u017e\u00edt pra\u010dku, nezapome\u0148te fotbalov\u00e1 tri\u010dka obr\u00e1tit naruby a pot\u00e9 je vyprat. Pra\u010dku napl\u0148te studenou vodou a pou\u017eijte jemn\u00fd cyklus, abyste l\u00e9pe ochr\u00e1nili barvy.<\/p>","protected":false},"excerpt":{"rendered":"<p>Popis d\u011btsk\u00e9 dom\u00e1c\u00ed sady Real Madrid trikot\u016f 2025-26 Kylian Mbapp\u00e9 9: N\u00e1\u0161 bal\u00ed\u010dek obsahuje p\u0159esn\u011b to, co bylo na fotografi\u00edch produktu p\u0159i objedn\u00e1vce vid\u011bt. Jedn\u00e1 se o dom\u00e1c\u00ed trikot Real Madrid pro d\u011bti v sez\u00f3n\u011b 2025\/26 v ikonick\u00e9m b\u00edl\u00e9m klubov\u00e9m designu. Trikot m\u00e1 \u010dern\u00e9 pruhy na ramenou a \u017elut\u00e9 p\u00e1sky, kter\u00e9 jdou s [\u2026]<\/p>","protected":false},"featured_media":21439,"comment_status":"open","ping_status":"closed","template":"","meta":[],"product_brand":[],"product_cat":[165],"product_tag":[20,574,1453,24,1271,879,880,1455,47,166],"class_list":{"0":"post-21437","1":"product","2":"type-product","3":"status-publish","4":"has-post-thumbnail","6":"product_cat-real-madrid-kindertrikot","7":"product_tag-coole-fussballtrikots","8":"product_tag-fussballtrikot-deutschland","9":"product_tag-fussballtrikots-real-madrid","10":"product_tag-guenstiges-fussballtrikot","11":"product_tag-kylian-mbappe-trikots","12":"product_tag-real-madrid-fussballtrikots-kinder","13":"product_tag-real-madrid-trikot-fuer-kinder","14":"product_tag-real-madrid-trikot-kaufen","15":"product_tag-real-madrid-trikots","16":"product_tag-real-madrid-trikotsatz-fuer-kinder","18":"first","19":"instock","20":"shipping-taxable","21":"purchasable","22":"product-type-variable"},"_links":{"self":[{"href":"https:\/\/www.billigtrikotde.com\/cs\/wp-json\/wp\/v2\/product\/21437","targetHints":{"allow":["GET"]}}],"collection":[{"href":"https:\/\/www.billigtrikotde.com\/cs\/wp-json\/wp\/v2\/product"}],"about":[{"href":"https:\/\/www.billigtrikotde.com\/cs\/wp-json\/wp\/v2\/types\/product"}],"replies":[{"embeddable":true,"href":"https:\/\/www.billigtrikotde.com\/cs\/wp-json\/wp\/v2\/comments?post=21437"}],"wp:featuredmedia":[{"embeddable":true,"href":"https:\/\/www.billigtrikotde.com\/cs\/wp-json\/wp\/v2\/media\/21439"}],"wp:attachment":[{"href":"https:\/\/www.billigtrikotde.com\/cs\/wp-json\/wp\/v2\/media?parent=21437"}],"wp:term":[{"taxonomy":"product_brand","embeddable":true,"href":"https:\/\/www.billigtrikotde.com\/cs\/wp-json\/wp\/v2\/product_brand?post=21437"},{"taxonomy":"product_cat","embeddable":true,"href":"https:\/\/www.billigtrikotde.com\/cs\/wp-json\/wp\/v2\/product_cat?post=21437"},{"taxonomy":"product_tag","embeddable":true,"href":"https:\/\/www.billigtrikotde.com\/cs\/wp-json\/wp\/v2\/product_tag?post=21437"}],"curies":[{"name":"wp","href":"https:\/\/api.w.org\/{rel}","templated":true}]}}