{"id":21412,"date":"2025-03-25T16:25:54","date_gmt":"2025-03-25T15:25:54","guid":{"rendered":"https:\/\/www.billigtrikotde.com\/?post_type=product&#038;p=21412"},"modified":"2025-04-10T10:42:35","modified_gmt":"2025-04-10T08:42:35","slug":"billige-trikots-kinder-inter-miami-heimtrikot-2024-25-lionel-messi-10","status":"publish","type":"product","link":"https:\/\/www.billigtrikotde.com\/cs\/billige-trikots-kinder-inter-miami-heimtrikot-2024-25-lionel-messi-10\/","title":{"rendered":"Levn\u00e9 dresy D\u011btsk\u00e9 Inter Miami Home Shirt 2024-25 Lionel Messi 10"},"content":{"rendered":"<p>Jednoduch\u00fd, ale pln\u00fd hrdosti na Lionela Messiho z Interu Miami FC: dom\u00e1c\u00ed dres klubu je prost\u011b r\u016f\u017eov\u00fd. \u010cist\u011b r\u016f\u017eov\u00e1 barva je tmav\u0161\u00ed ne\u017e u dresu z minul\u00e9 sezony, s \u010dern\u00fdmi detaily na l\u00edmci, lemu, boc\u00edch a logu. Uprost\u0159ed dresu je vy\u0161it\u00fd znak Interu Miami a potisk sponzora Royal Caribbean. Na zadn\u00ed stran\u011b dresu je ofici\u00e1ln\u00ed n\u00e1zev \"Messi\" a jeho t\u00fdmov\u00e9 \u010d\u00edslo \"10\".<\/p>\n<p>Tento fotbalov\u00fd dres je ide\u00e1ln\u00ed na z\u00e1pasy, ukazuje v\u011brnost Messimu a Interu Miami a kombinuje pohodl\u00ed a v\u00fdkon. M\u00e1 \u017eebrovan\u00fd v\u00fdst\u0159ih, kr\u00e1tk\u00e9 ruk\u00e1vy a p\u0159il\u00e9hav\u00fd st\u0159ih. Integrovan\u00e1 v\u00fdkonnostn\u00ed technologie Aeroready v\u00e1s udr\u017e\u00ed v chladu, suchu a pohodl\u00ed, a\u0165 u\u017e hrajete, nebo sledujete fotbal.<\/p>\n<p>Tipy pro tisk: Pokud jsou jm\u00e9no a \u010d\u00edslo na obr\u00e1zku p\u0159esn\u011b takov\u00e9, jak\u00e9 chcete, nemus\u00edte je zad\u00e1vat znovu. Pokud tomu tak nen\u00ed, m\u011bli byste zadat po\u017eadovan\u00e9 jm\u00e9no a \u010d\u00edslo.<\/p>\n<p>Tipy pro pran\u00ed: Doporu\u010dujeme pr\u00e1t fotbalov\u00e1 tri\u010dka v ruce. Pokud chcete pou\u017e\u00edt pra\u010dku, nezapome\u0148te fotbalov\u00e1 tri\u010dka obr\u00e1tit naruby a pot\u00e9 je vyprat. Pra\u010dku napl\u0148te studenou vodou a pou\u017eijte jemn\u00fd cyklus, abyste l\u00e9pe ochr\u00e1nili barvy.<\/p>","protected":false},"excerpt":{"rendered":"<p>Schlicht und doch voller Stolz f\u00fcr Lionel Messi von Inter Miami FC: Das Heimtrikot des Vereins ist schlicht rosa. Die reine Rosafarbe ist dunkler als das Trikot der letzten Saison, mit schwarzen Details an Kragen, Saum, Seiten und Logo. Das Wappen von Inter Miami ist in die Mitte des Trikots gestickt und mit dem Sponsor [&hellip;]<\/p>","protected":false},"featured_media":21414,"comment_status":"open","ping_status":"closed","template":"","meta":[],"product_brand":[],"product_cat":[569],"product_tag":[1462,20,22,1461,24,639,1466,1464,571,1463,1465,1299],"class_list":{"0":"post-21412","1":"product","2":"type-product","3":"status-publish","4":"has-post-thumbnail","6":"product_cat-inter-miami-kindertrikot","7":"product_tag-billige-deutschland-trikots","8":"product_tag-coole-fussballtrikots","9":"product_tag-fussballtrikot-guenstig-kaufen","10":"product_tag-guenstige-inter-miami-trikot-kinder","11":"product_tag-guenstiges-fussballtrikot","12":"product_tag-inter-miami-fussballtrikots-kinder-mit-eigenem-namen","13":"product_tag-inter-miami-heimtrikot","14":"product_tag-inter-miami-trikot-2024-25","15":"product_tag-inter-miami-trikot-fuer-kinder","16":"product_tag-inter-miami-trikot-kinder","17":"product_tag-inter-miami-trikots","18":"product_tag-lionel-messi-trikots","20":"first","21":"instock","22":"shipping-taxable","23":"purchasable","24":"product-type-variable"},"_links":{"self":[{"href":"https:\/\/www.billigtrikotde.com\/cs\/wp-json\/wp\/v2\/product\/21412","targetHints":{"allow":["GET"]}}],"collection":[{"href":"https:\/\/www.billigtrikotde.com\/cs\/wp-json\/wp\/v2\/product"}],"about":[{"href":"https:\/\/www.billigtrikotde.com\/cs\/wp-json\/wp\/v2\/types\/product"}],"replies":[{"embeddable":true,"href":"https:\/\/www.billigtrikotde.com\/cs\/wp-json\/wp\/v2\/comments?post=21412"}],"wp:featuredmedia":[{"embeddable":true,"href":"https:\/\/www.billigtrikotde.com\/cs\/wp-json\/wp\/v2\/media\/21414"}],"wp:attachment":[{"href":"https:\/\/www.billigtrikotde.com\/cs\/wp-json\/wp\/v2\/media?parent=21412"}],"wp:term":[{"taxonomy":"product_brand","embeddable":true,"href":"https:\/\/www.billigtrikotde.com\/cs\/wp-json\/wp\/v2\/product_brand?post=21412"},{"taxonomy":"product_cat","embeddable":true,"href":"https:\/\/www.billigtrikotde.com\/cs\/wp-json\/wp\/v2\/product_cat?post=21412"},{"taxonomy":"product_tag","embeddable":true,"href":"https:\/\/www.billigtrikotde.com\/cs\/wp-json\/wp\/v2\/product_tag?post=21412"}],"curies":[{"name":"wp","href":"https:\/\/api.w.org\/{rel}","templated":true}]}}