{"id":21406,"date":"2025-03-27T14:29:02","date_gmt":"2025-03-27T13:29:02","guid":{"rendered":"https:\/\/www.billigtrikotde.com\/?post_type=product&#038;p=21406"},"modified":"2025-04-27T15:32:52","modified_gmt":"2025-04-27T13:32:52","slug":"guenstige-fussballtrikots-kinder-inter-miami-auswaertstrikot-2024-25-kurzarm-kurze-hosen","status":"publish","type":"product","link":"https:\/\/www.billigtrikotde.com\/cs\/guenstige-fussballtrikots-kinder-inter-miami-auswaertstrikot-2024-25-kurzarm-kurze-hosen\/","title":{"rendered":"Levn\u00e9 fotbalov\u00e9 ko\u0161ile D\u011bti Inter Miami Away Shirt 2024-25 kr\u00e1tk\u00fd ruk\u00e1v + \u0161ortky"},"content":{"rendered":"<p>Dres Internacional Miami 2024 2025 inspirovan\u00fd t\u0159pytiv\u00fdm pob\u0159e\u017e\u00edm m\u011bsta vynik\u00e1 r\u016f\u017eov\u00fdmi detaily a vzorem vln. Je navr\u017een pro pohodl\u00ed fotbalov\u00fdch fanou\u0161k\u016f a kombinuje hladkou tkaninu s technologi\u00ed AEROREADY odv\u00e1d\u011bj\u00edc\u00ed vlhkost. Na \u0161t\u00edtku na krku je vyti\u0161t\u011bno t\u00fdmov\u00e9 motto \"Freedom is my dream\" (Svoboda je m\u016fj sen). Tento v\u00fdrobek je vyroben ze 100 % recyklovateln\u00e9ho materi\u00e1lu.<\/p>\n<p>Tipy pro tisk: Pokud jsou jm\u00e9no a \u010d\u00edslo na obr\u00e1zku p\u0159esn\u011b takov\u00e9, jak\u00e9 chcete, nemus\u00edte je zad\u00e1vat znovu. Pokud tomu tak nen\u00ed, m\u011bli byste zadat po\u017eadovan\u00e9 jm\u00e9no a \u010d\u00edslo.<\/p>\n<p>Tipy pro pran\u00ed: Doporu\u010dujeme pr\u00e1t fotbalov\u00e1 tri\u010dka v ruce. Pokud chcete pou\u017e\u00edt pra\u010dku, nezapome\u0148te fotbalov\u00e1 tri\u010dka obr\u00e1tit naruby a pot\u00e9 je vyprat. Pra\u010dku napl\u0148te studenou vodou a pou\u017eijte jemn\u00fd cyklus, abyste l\u00e9pe ochr\u00e1nili barvy.<\/p>","protected":false},"excerpt":{"rendered":"<p>Dres Internacional Miami 2024 2025 inspirovan\u00fd t\u0159pytiv\u00fdm pob\u0159e\u017e\u00edm m\u011bsta vynik\u00e1 r\u016f\u017eov\u00fdmi detaily a vzorem vln. Je navr\u017een pro pohodl\u00ed fotbalov\u00fdch fanou\u0161k\u016f a kombinuje hladkou tkaninu s technologi\u00ed AEROREADY odv\u00e1d\u011bj\u00edc\u00ed vlhkost. Na \u0161t\u00edtku na krku je vyti\u0161t\u011bno t\u00fdmov\u00e9 motto \"Freedom is my dream\" (Svoboda je m\u016fj sen). Tento v\u00fdrobek je vyroben ze 100 % recyklovateln\u00e9ho materi\u00e1lu.<\/p>","protected":false},"featured_media":21408,"comment_status":"open","ping_status":"closed","template":"","meta":[],"product_brand":[],"product_cat":[569],"product_tag":[20,21,22,1461,24,1467,633],"class_list":{"0":"post-21406","1":"product","2":"type-product","3":"status-publish","4":"has-post-thumbnail","6":"product_cat-inter-miami-kindertrikot","7":"product_tag-coole-fussballtrikots","8":"product_tag-fussballtrikot-fuer-herren","9":"product_tag-fussballtrikot-guenstig-kaufen","10":"product_tag-guenstige-inter-miami-trikot-kinder","11":"product_tag-guenstiges-fussballtrikot","12":"product_tag-inter-miami-auswaertstrikot-2024-25","13":"product_tag-inter-miami-fussballtrikot","15":"first","16":"instock","17":"shipping-taxable","18":"purchasable","19":"product-type-variable"},"_links":{"self":[{"href":"https:\/\/www.billigtrikotde.com\/cs\/wp-json\/wp\/v2\/product\/21406","targetHints":{"allow":["GET"]}}],"collection":[{"href":"https:\/\/www.billigtrikotde.com\/cs\/wp-json\/wp\/v2\/product"}],"about":[{"href":"https:\/\/www.billigtrikotde.com\/cs\/wp-json\/wp\/v2\/types\/product"}],"replies":[{"embeddable":true,"href":"https:\/\/www.billigtrikotde.com\/cs\/wp-json\/wp\/v2\/comments?post=21406"}],"wp:featuredmedia":[{"embeddable":true,"href":"https:\/\/www.billigtrikotde.com\/cs\/wp-json\/wp\/v2\/media\/21408"}],"wp:attachment":[{"href":"https:\/\/www.billigtrikotde.com\/cs\/wp-json\/wp\/v2\/media?parent=21406"}],"wp:term":[{"taxonomy":"product_brand","embeddable":true,"href":"https:\/\/www.billigtrikotde.com\/cs\/wp-json\/wp\/v2\/product_brand?post=21406"},{"taxonomy":"product_cat","embeddable":true,"href":"https:\/\/www.billigtrikotde.com\/cs\/wp-json\/wp\/v2\/product_cat?post=21406"},{"taxonomy":"product_tag","embeddable":true,"href":"https:\/\/www.billigtrikotde.com\/cs\/wp-json\/wp\/v2\/product_tag?post=21406"}],"curies":[{"name":"wp","href":"https:\/\/api.w.org\/{rel}","templated":true}]}}