{"id":2139,"date":"2024-10-23T14:01:33","date_gmt":"2024-10-23T12:01:33","guid":{"rendered":"http:\/\/billigtrikots.com\/?post_type=product&#038;p=2139"},"modified":"2024-10-23T14:03:29","modified_gmt":"2024-10-23T12:03:29","slug":"inter-mailand-diego-godin-2-herren-heimtrikot-trikotsatz-kurzarm-kurze-hosen","status":"publish","type":"product","link":"https:\/\/www.billigtrikotde.com\/cs\/inter-mailand-diego-godin-2-herren-heimtrikot-trikotsatz-kurzarm-kurze-hosen\/","title":{"rendered":"Inter Mil\u00e1n Diego God\u00edn #2 p\u00e1nsk\u00fd dom\u00e1c\u00ed dres sady dres\u016f kr\u00e1tk\u00e9 ruk\u00e1vy + \u0161ortky"},"content":{"rendered":"<p>Podpo\u0159 sv\u016fj t\u00fdm jako 12. hr\u00e1\u010d s t\u00edmto velmi pohodln\u00fdm modelem v modr\u00e9 barv\u011b. Nike vytvo\u0159il s t\u00edmto dreskem opravdu vynikaj\u00edc\u00ed produkt. T\u011b\u017eko najdete v\u011bt\u0161\u00ed fanou\u0161kovsk\u00fd nad\u0161en\u00ed! S t\u00edmto dom\u00e1c\u00edm dresem Inter Mailand roz\u0161\u00ed\u0159\u00edte svou fanou\u0161kovskou sb\u00edrku o kousek, kter\u00fd nos\u00ed hr\u00e1\u010di v Serie A. Doporu\u010dujeme tento pohodln\u00fd, odv\u00e1d\u011bj\u00edc\u00ed pot a prody\u0161n\u00fd model s p\u0159\u00edjemn\u00fdm pocitem p\u0159i no\u0161en\u00ed. Vyzna\u010duje se na hrudi klubov\u00fdm znakem. Tak budete je\u0161t\u011b v\u00fdkonn\u011bj\u0161\u00ed a v ka\u017ed\u00e9 jednotce d\u00e1te do hry v\u0161echno.<\/p>","protected":false},"excerpt":{"rendered":"<p>Podpo\u0159 sv\u016fj t\u00fdm jako 12. hr\u00e1\u010d s t\u00edmto super pohodln\u00fdm modelem v modr\u00e9 barv\u011b. Nike vytvo\u0159il s t\u00edmto dreskem opravdu vynikaj\u00edc\u00ed produkt. T\u011b\u017eko najdete v\u011bt\u0161\u00ed fanou\u0161kovsk\u00fd nad\u0161en\u00ed! S t\u00edmto dom\u00e1c\u00edm dresem Inter Mil\u00e1n roz\u0161\u00ed\u0159\u00edte svou sb\u00edrku fanou\u0161kovsk\u00fdch p\u0159edm\u011bt\u016f o kousek, kter\u00fd nos\u00ed hr\u00e1\u010di v Serii A. Doporu\u010dujeme tento pohodln\u00fd, odv\u00e1d\u011bj\u00edc\u00ed pot a prody\u0161n\u00fd model [...]<\/p>","protected":false},"featured_media":2177,"comment_status":"open","ping_status":"closed","template":"","meta":[],"product_brand":[],"product_cat":[77],"product_tag":[20,21,22,23,54,24,78],"class_list":{"0":"post-2139","1":"product","2":"type-product","3":"status-publish","4":"has-post-thumbnail","6":"product_cat-inter-milan","7":"product_tag-coole-fussballtrikots","8":"product_tag-fussballtrikot-fuer-herren","9":"product_tag-fussballtrikot-guenstig-kaufen","10":"product_tag-fussballtrikot-kurzarm","11":"product_tag-fussballtrikot-set","12":"product_tag-guenstiges-fussballtrikot","13":"product_tag-inter-milan-trikots","15":"first","16":"instock","17":"shipping-taxable","18":"purchasable","19":"product-type-variable"},"_links":{"self":[{"href":"https:\/\/www.billigtrikotde.com\/cs\/wp-json\/wp\/v2\/product\/2139","targetHints":{"allow":["GET"]}}],"collection":[{"href":"https:\/\/www.billigtrikotde.com\/cs\/wp-json\/wp\/v2\/product"}],"about":[{"href":"https:\/\/www.billigtrikotde.com\/cs\/wp-json\/wp\/v2\/types\/product"}],"replies":[{"embeddable":true,"href":"https:\/\/www.billigtrikotde.com\/cs\/wp-json\/wp\/v2\/comments?post=2139"}],"wp:featuredmedia":[{"embeddable":true,"href":"https:\/\/www.billigtrikotde.com\/cs\/wp-json\/wp\/v2\/media\/2177"}],"wp:attachment":[{"href":"https:\/\/www.billigtrikotde.com\/cs\/wp-json\/wp\/v2\/media?parent=2139"}],"wp:term":[{"taxonomy":"product_brand","embeddable":true,"href":"https:\/\/www.billigtrikotde.com\/cs\/wp-json\/wp\/v2\/product_brand?post=2139"},{"taxonomy":"product_cat","embeddable":true,"href":"https:\/\/www.billigtrikotde.com\/cs\/wp-json\/wp\/v2\/product_cat?post=2139"},{"taxonomy":"product_tag","embeddable":true,"href":"https:\/\/www.billigtrikotde.com\/cs\/wp-json\/wp\/v2\/product_tag?post=2139"}],"curies":[{"name":"wp","href":"https:\/\/api.w.org\/{rel}","templated":true}]}}